{"id":18755,"date":"2019-04-12T14:17:55","date_gmt":"2019-04-12T14:17:55","guid":{"rendered":"https:\/\/www.solarenergy.org\/es\/?page_id=18755"},"modified":"2023-09-21T14:30:01","modified_gmt":"2023-09-21T20:30:01","slug":"egresados-del-programa-certificado-profesional-en-energia-fotovoltaica","status":"publish","type":"page","link":"https:\/\/seidev.zgtec.com\/es\/egresados-del-programa-certificado-profesional-en-energia-fotovoltaica\/","title":{"rendered":"Egresados del Programa Certificado Profesional en Energ\u00eda Fotovoltaica"},"content":{"rendered":"<p><div class=\"fusion-fullwidth fullwidth-box fusion-builder-row-1 hundred-percent-fullwidth non-hundred-percent-height-scrolling\" style=\"background-color: rgba(255,255,255,0);background-position: center center;background-repeat: no-repeat;padding-top:0px;padding-right:30px;padding-bottom:0px;padding-left:30px;margin-bottom: 15px;margin-top: 0px;border-width: 0px 0px 0px 0px;border-color:#eae9e9;border-style:solid;\" ><div class=\"fusion-builder-row fusion-row\"><div class=\"fusion-layout-column fusion_builder_column fusion-builder-column-0 fusion_builder_column_1_1 1_1 fusion-one-full fusion-column-first fusion-column-last fusion-column-no-min-height\" style=\"margin-top:0px;margin-bottom:0px;\"><div class=\"fusion-column-wrapper fusion-flex-column-wrapper-legacy\" style=\"background-position:left top;background-repeat:no-repeat;-webkit-background-size:cover;-moz-background-size:cover;-o-background-size:cover;background-size:cover;padding: 0px 0px 0px 0px;\"><div class=\"fusion-text fusion-text-1\"><div class=\"fusion-text fusion-text-1\"><\/div>\n<div class=\"fusion-reading-box-container reading-box-container-10\">\n<section class=\"reading-box element-bottomshadow\" style=\"background-color: #f6f6f6;border-right-width: 3px;border-right-color: #039c4c;border-left-width: 3px;border-left-color: #039c4c;border: 0px solid #f6f6f6\">\n<h1>Egresados del Programa Certificado Profesional en Energ\u00eda Fotovoltaica de SEI (PCPEF)<\/h1>\n<p>Los siguientes alumnos de SEI han completado el programa de capacitaci\u00f3n m\u00e1s riguroso de la industria solar. SEI cuenta con m\u00e1s de 82,000 egresados en todo el mundo, pero este grupo selecto de estudiantes ha realizado al menos 200 horas de entrenamiento solar completando un curso del Programa de Certificado. Muchos de estos alumnos han completado varios cursos, lo que equivale a cientos de horas presenciales y de capacitaci\u00f3n pr\u00e1ctica.<\/p>\n<\/section>\n<\/div>\n<\/div><div class=\"fusion-clearfix\"><\/div><\/div><\/div><div class=\"fusion-layout-column fusion_builder_column fusion-builder-column-1 fusion_builder_column_1_4 1_4 fusion-one-fourth fusion-column-first\" style=\"width:22%; margin-right: 4%;margin-top:0px;margin-bottom:20px;\"><div class=\"fusion-column-wrapper fusion-flex-column-wrapper-legacy\" style=\"background-position:left top;background-repeat:no-repeat;-webkit-background-size:cover;-moz-background-size:cover;-o-background-size:cover;background-size:cover;padding: 0px 0px 0px 0px;\"><div class=\"fusion-text fusion-text-3\"><p><span style=\"font-weight: 400\">Nicol Alarcon Astudillo<br \/>\n<\/span>Francisco Abad Gordillo<br \/>\nMauricio Abril Ca\u00f1as<br \/>\nMichael Alvarez<br \/>\nH\u00e9ctor Angel Andrade<br \/>\nGary Xavier Araujo Lara<br \/>\nJos\u00e9 Barahona<br \/>\nEdgardo Baptista<br \/>\n<span style=\"font-weight: 400\">Otto Berm\u00fadez V\u00e9liz<br \/>\n<\/span>Emilio Bocci<br \/>\nOscar De Jes\u00fas Cantillo Ramirez<br \/>\nFco Javier Carranza<br \/>\nJos\u00e9 Mar\u00eda Carrion Perez<br \/>\nEduardo Cede\u00f1o Amundaray<br \/>\nFernando Jos\u00e9 Chenlo<br \/>\nMarco Cruz<br \/>\nLuis Cuevas<br \/>\nGiris Mohan Daya Barnett<br \/>\nIvan Diaz<br \/>\nMois\u00e9s Alejandro Estrada Ram\u00edrez<br \/>\nReybyn Jose Euceda Mendez<\/p>\n<\/div><div class=\"fusion-clearfix\"><\/div><\/div><\/div><div class=\"fusion-layout-column fusion_builder_column fusion-builder-column-2 fusion_builder_column_1_4 1_4 fusion-one-fourth\" style=\"width:22%; margin-right: 4%;margin-top:0px;margin-bottom:20px;\"><div class=\"fusion-column-wrapper fusion-flex-column-wrapper-legacy\" style=\"background-position:left top;background-repeat:no-repeat;-webkit-background-size:cover;-moz-background-size:cover;-o-background-size:cover;background-size:cover;padding: 0px 0px 0px 0px;\"><div class=\"fusion-text fusion-text-4\"><p>Jorge Luis Fernandez Gomez<br \/>\nNicol\u00e1s Andr\u00e9s Fern\u00e1ndez Tapia<br \/>\n<span style=\"font-weight: 400\">David Figueredo Elias<br \/>\n<\/span>Stefano Figueroa Montenegro<br \/>\nJorge Alonso Fraga Almanza<br \/>\nJob Carlos Garc\u00eda Mendoza<br \/>\nJorge Garrido Garrido<br \/>\nSergio Gonzalez-Coltrinari<br \/>\nCarlos Martinez<br \/>\nSaul Gonzalez Mendoza<br \/>\nRafael Guerrero Corrales<br \/>\nJos\u00e9 Manuel Guerrero Medina<br \/>\nCamilo Gutierrez Villegas<br \/>\nJes\u00fas M Hern\u00e1ndez<br \/>\nFelix Alexander Hern\u00e1ndez Chitiva<br \/>\nAmbrosio Sim\u00f3n Hern\u00e1ndez Gonz\u00e1lez<br \/>\nMario Hern\u00e1ndez Pulido<br \/>\nOscar Ulises Hern\u00e1ndez Santa Rosa<br \/>\nJos\u00e9 Ib\u00e1\u00f1ez<br \/>\nJohn Jara<br \/>\nElvis Luis Jara Mamani<br \/>\nH\u00e9ctor Jose Jim\u00e9nez Vargas<br \/>\n<span style=\"font-weight: 400\">Jos\u00e9 Antonio Loyo Bol\u00edvar<\/span><\/p>\n<\/div><div class=\"fusion-clearfix\"><\/div><\/div><\/div><div class=\"fusion-layout-column fusion_builder_column fusion-builder-column-3 fusion_builder_column_1_4 1_4 fusion-one-fourth\" style=\"width:22%; margin-right: 4%;margin-top:0px;margin-bottom:20px;\"><div class=\"fusion-column-wrapper fusion-flex-column-wrapper-legacy\" style=\"background-position:left top;background-repeat:no-repeat;-webkit-background-size:cover;-moz-background-size:cover;-o-background-size:cover;background-size:cover;padding: 0px 0px 0px 0px;\"><div class=\"fusion-text fusion-text-5\"><p>Jorge Maravi<br \/>\nAndr\u00e9s David Mart\u00ednez Mar\u00edn<br \/>\nDaimer Molina Julio<br \/>\nGonzalo Montejo<br \/>\n<span style=\"font-weight: 400\">Orestes Niebla Anido<br \/>\n<\/span>Jose Pedro Ordaz<br \/>\nRomel Ortiz<br \/>\nDavid Felipe Ospina Vesga<br \/>\nJavier Pacheco<br \/>\nOscar Paredes Casta\u00f1eda<br \/>\n<span style=\"font-weight: 400\">Cynthia Peralta<br \/>\n<\/span><span style=\"font-weight: 400\">Mauro Peralta<br \/>\n<\/span>Samuel Peralta<br \/>\nAngela Pinate Morales<br \/>\nCarlos Pizarro<br \/>\nCarlos Posada<br \/>\nLuis Patricio Pozo V\u00e1squez<br \/>\nAdalberto Prado<br \/>\nRicardo Prieto<br \/>\nJavier Quispe<br \/>\nJorge Antonio Ramos Paredes<br \/>\nJuan Pablo Ria\u00f1o Chavez<br \/>\nJuan Rivera<\/p>\n<\/div><div class=\"fusion-clearfix\"><\/div><\/div><\/div><div class=\"fusion-layout-column fusion_builder_column fusion-builder-column-4 fusion_builder_column_1_4 1_4 fusion-one-fourth fusion-column-last\" style=\"width:22%;margin-top:0px;margin-bottom:20px;\"><div class=\"fusion-column-wrapper fusion-flex-column-wrapper-legacy\" style=\"background-position:left top;background-repeat:no-repeat;-webkit-background-size:cover;-moz-background-size:cover;-o-background-size:cover;background-size:cover;padding: 0px 0px 0px 0px;\"><div class=\"fusion-text fusion-text-6\"><p>Yalmin Rodriguez<br \/>\nJuan Manuel Romero Villanueva<br \/>\nC\u00e9sar Augusto Ruiz Ramirez<br \/>\nDenis Salazar Jim\u00e9nez<br \/>\nDaniel Saldarriaga<br \/>\nFelipe Saldarriaga Velasquez<br \/>\nRicardo A Sanchez<br \/>\nPascual Alejandro Santana Castillo<br \/>\nUrayoan Silva Rivera<br \/>\nFelix Silveira Villegas<br \/>\nNorman Khaled Solorzano<br \/>\nDavid Torres Rodr\u00edguez<br \/>\nFiliberto Varela<br \/>\nGonzalo Vega V\u00e9lez<br \/>\nSa\u00fal Mois\u00e9s V\u00e1squez Alvarado<br \/>\nSergio V\u00e1zquez<\/p>\n<\/div><div class=\"fusion-clearfix\"><\/div><\/div><\/div><\/div><style type=\"text\/css\">.fusion-fullwidth.fusion-builder-row-1 { overflow:visible; }<\/style><\/div><div class=\"fusion-fullwidth fullwidth-box fusion-builder-row-2 nonhundred-percent-fullwidth non-hundred-percent-height-scrolling\" style=\"background-color: rgba(255,255,255,0);background-position: center center;background-repeat: no-repeat;padding-top:0px;padding-right:30px;padding-bottom:0px;padding-left:30px;margin-bottom: 0px;margin-top: 0px;border-width: 0px 0px 0px 0px;border-color:#eae9e9;border-style:solid;\" ><div class=\"fusion-builder-row fusion-row\"><\/div><\/div><\/p>\n","protected":false},"excerpt":{"rendered":"","protected":false},"author":54,"featured_media":0,"parent":0,"menu_order":0,"comment_status":"closed","ping_status":"closed","template":"","meta":{"_acf_changed":false,"give_campaign_id":0,"content-type":"","_price":"","_stock":"","_tribe_ticket_header":"","_tribe_default_ticket_provider":"","_tribe_ticket_capacity":"0","_ticket_start_date":"","_ticket_end_date":"","_tribe_ticket_show_description":"","_tribe_ticket_show_not_going":false,"_tribe_ticket_use_global_stock":"","_tribe_ticket_global_stock_level":"","_global_stock_mode":"","_global_stock_cap":"","_tribe_rsvp_for_event":"","_tribe_ticket_going_count":"","_tribe_ticket_not_going_count":"","_tribe_tickets_list":"[]","_tribe_ticket_has_attendee_info_fields":false,"footnotes":""},"class_list":["post-18755","page","type-page","status-publish","hentry"],"acf":[],"yoast_head":"<!-- This site is optimized with the Yoast SEO plugin v27.2 - https:\/\/yoast.com\/product\/yoast-seo-wordpress\/ -->\n<title>Egresados del Programa Certificado Profesional en Energ\u00eda Fotovoltaica - Solar Energy International (SEI) - Cursos de Energ\u00eda Solar para la Fuerza Laboral<\/title>\n<meta name=\"robots\" content=\"index, follow, max-snippet:-1, max-image-preview:large, max-video-preview:-1\" \/>\n<link rel=\"canonical\" href=\"https:\/\/seidev.zgtec.com\/es\/egresados-del-programa-certificado-profesional-en-energia-fotovoltaica\/\" \/>\n<meta property=\"og:locale\" content=\"es_ES\" \/>\n<meta property=\"og:type\" content=\"article\" \/>\n<meta property=\"og:title\" content=\"Egresados del Programa Certificado Profesional en Energ\u00eda Fotovoltaica - Solar Energy International (SEI) - Cursos de Energ\u00eda Solar para la Fuerza Laboral\" \/>\n<meta property=\"og:url\" content=\"https:\/\/seidev.zgtec.com\/es\/egresados-del-programa-certificado-profesional-en-energia-fotovoltaica\/\" \/>\n<meta property=\"og:site_name\" content=\"Solar Energy International (SEI) - Cursos de Energ\u00eda Solar para la Fuerza Laboral\" \/>\n<meta property=\"article:publisher\" content=\"https:\/\/www.facebook.com\/solarenergyintl\/\" \/>\n<meta property=\"article:modified_time\" content=\"2023-09-21T20:30:01+00:00\" \/>\n<meta name=\"twitter:card\" content=\"summary_large_image\" \/>\n<meta name=\"twitter:site\" content=\"@solarenergyintl\" \/>\n<meta name=\"twitter:label1\" content=\"Tiempo estimado de lectura\" \/>\n\t<meta name=\"twitter:data1\" content=\"4 minutos\" \/>\n<script type=\"application\/ld+json\" class=\"yoast-schema-graph\">{\"@context\":\"https:\/\/schema.org\",\"@graph\":[{\"@type\":\"WebPage\",\"@id\":\"https:\/\/seidev.zgtec.com\/es\/egresados-del-programa-certificado-profesional-en-energia-fotovoltaica\/\",\"url\":\"https:\/\/seidev.zgtec.com\/es\/egresados-del-programa-certificado-profesional-en-energia-fotovoltaica\/\",\"name\":\"Egresados del Programa Certificado Profesional en Energ\u00eda Fotovoltaica - Solar Energy International (SEI) - Cursos de Energ\u00eda Solar para la Fuerza Laboral\",\"isPartOf\":{\"@id\":\"https:\/\/seidev.zgtec.com\/es\/#website\"},\"datePublished\":\"2019-04-12T14:17:55+00:00\",\"dateModified\":\"2023-09-21T20:30:01+00:00\",\"breadcrumb\":{\"@id\":\"https:\/\/seidev.zgtec.com\/es\/egresados-del-programa-certificado-profesional-en-energia-fotovoltaica\/#breadcrumb\"},\"inLanguage\":\"es-CO\",\"potentialAction\":[{\"@type\":\"ReadAction\",\"target\":[\"https:\/\/seidev.zgtec.com\/es\/egresados-del-programa-certificado-profesional-en-energia-fotovoltaica\/\"]}]},{\"@type\":\"BreadcrumbList\",\"@id\":\"https:\/\/seidev.zgtec.com\/es\/egresados-del-programa-certificado-profesional-en-energia-fotovoltaica\/#breadcrumb\",\"itemListElement\":[{\"@type\":\"ListItem\",\"position\":1,\"name\":\"Home\",\"item\":\"https:\/\/seidev.zgtec.com\/es\/\"},{\"@type\":\"ListItem\",\"position\":2,\"name\":\"Egresados del Programa Certificado Profesional en Energ\u00eda Fotovoltaica\"}]},{\"@type\":\"WebSite\",\"@id\":\"https:\/\/seidev.zgtec.com\/es\/#website\",\"url\":\"https:\/\/seidev.zgtec.com\/es\/\",\"name\":\"Solar Energy International (SEI) - Cursos de Energ\u00eda Solar para la Fuerza Laboral\",\"description\":\"Capacitaci\u00f3n t\u00e9cnica en energ\u00eda solar para aprender a dise\u00f1ar e instalar sistemas fotovoltaicos\",\"publisher\":{\"@id\":\"https:\/\/seidev.zgtec.com\/es\/#organization\"},\"potentialAction\":[{\"@type\":\"SearchAction\",\"target\":{\"@type\":\"EntryPoint\",\"urlTemplate\":\"https:\/\/seidev.zgtec.com\/es\/?s={search_term_string}\"},\"query-input\":{\"@type\":\"PropertyValueSpecification\",\"valueRequired\":true,\"valueName\":\"search_term_string\"}}],\"inLanguage\":\"es-CO\"},{\"@type\":\"Organization\",\"@id\":\"https:\/\/seidev.zgtec.com\/es\/#organization\",\"name\":\"Solar Energy International (SEI)\",\"url\":\"https:\/\/seidev.zgtec.com\/es\/\",\"logo\":{\"@type\":\"ImageObject\",\"inLanguage\":\"es-CO\",\"@id\":\"https:\/\/seidev.zgtec.com\/es\/#\/schema\/logo\/image\/\",\"url\":\"https:\/\/www.solarenergy.org\/wp-content\/uploads\/2018\/12\/SEI_Logo-Vertical-ShortTag-REV_2.png\",\"contentUrl\":\"https:\/\/www.solarenergy.org\/wp-content\/uploads\/2018\/12\/SEI_Logo-Vertical-ShortTag-REV_2.png\",\"width\":1400,\"height\":999,\"caption\":\"Solar Energy International (SEI)\"},\"image\":{\"@id\":\"https:\/\/seidev.zgtec.com\/es\/#\/schema\/logo\/image\/\"},\"sameAs\":[\"https:\/\/www.facebook.com\/solarenergyintl\/\",\"https:\/\/x.com\/solarenergyintl\",\"https:\/\/www.instagram.com\/solar.energy.international\/\",\"https:\/\/www.linkedin.com\/school\/solar-energy-international-sei-\/\",\"https:\/\/www.youtube.com\/channel\/UCqvpjhMwS4BCTAsnOe_ak9w\"]}]}<\/script>\n<!-- \/ Yoast SEO plugin. -->","yoast_head_json":{"title":"Egresados del Programa Certificado Profesional en Energ\u00eda Fotovoltaica - Solar Energy International (SEI) - Cursos de Energ\u00eda Solar para la Fuerza Laboral","robots":{"index":"index","follow":"follow","max-snippet":"max-snippet:-1","max-image-preview":"max-image-preview:large","max-video-preview":"max-video-preview:-1"},"canonical":"https:\/\/seidev.zgtec.com\/es\/egresados-del-programa-certificado-profesional-en-energia-fotovoltaica\/","og_locale":"es_ES","og_type":"article","og_title":"Egresados del Programa Certificado Profesional en Energ\u00eda Fotovoltaica - Solar Energy International (SEI) - Cursos de Energ\u00eda Solar para la Fuerza Laboral","og_url":"https:\/\/seidev.zgtec.com\/es\/egresados-del-programa-certificado-profesional-en-energia-fotovoltaica\/","og_site_name":"Solar Energy International (SEI) - Cursos de Energ\u00eda Solar para la Fuerza Laboral","article_publisher":"https:\/\/www.facebook.com\/solarenergyintl\/","article_modified_time":"2023-09-21T20:30:01+00:00","twitter_card":"summary_large_image","twitter_site":"@solarenergyintl","twitter_misc":{"Tiempo estimado de lectura":"4 minutos"},"schema":{"@context":"https:\/\/schema.org","@graph":[{"@type":"WebPage","@id":"https:\/\/seidev.zgtec.com\/es\/egresados-del-programa-certificado-profesional-en-energia-fotovoltaica\/","url":"https:\/\/seidev.zgtec.com\/es\/egresados-del-programa-certificado-profesional-en-energia-fotovoltaica\/","name":"Egresados del Programa Certificado Profesional en Energ\u00eda Fotovoltaica - Solar Energy International (SEI) - Cursos de Energ\u00eda Solar para la Fuerza Laboral","isPartOf":{"@id":"https:\/\/seidev.zgtec.com\/es\/#website"},"datePublished":"2019-04-12T14:17:55+00:00","dateModified":"2023-09-21T20:30:01+00:00","breadcrumb":{"@id":"https:\/\/seidev.zgtec.com\/es\/egresados-del-programa-certificado-profesional-en-energia-fotovoltaica\/#breadcrumb"},"inLanguage":"es-CO","potentialAction":[{"@type":"ReadAction","target":["https:\/\/seidev.zgtec.com\/es\/egresados-del-programa-certificado-profesional-en-energia-fotovoltaica\/"]}]},{"@type":"BreadcrumbList","@id":"https:\/\/seidev.zgtec.com\/es\/egresados-del-programa-certificado-profesional-en-energia-fotovoltaica\/#breadcrumb","itemListElement":[{"@type":"ListItem","position":1,"name":"Home","item":"https:\/\/seidev.zgtec.com\/es\/"},{"@type":"ListItem","position":2,"name":"Egresados del Programa Certificado Profesional en Energ\u00eda Fotovoltaica"}]},{"@type":"WebSite","@id":"https:\/\/seidev.zgtec.com\/es\/#website","url":"https:\/\/seidev.zgtec.com\/es\/","name":"Solar Energy International (SEI) - Cursos de Energ\u00eda Solar para la Fuerza Laboral","description":"Capacitaci\u00f3n t\u00e9cnica en energ\u00eda solar para aprender a dise\u00f1ar e instalar sistemas fotovoltaicos","publisher":{"@id":"https:\/\/seidev.zgtec.com\/es\/#organization"},"potentialAction":[{"@type":"SearchAction","target":{"@type":"EntryPoint","urlTemplate":"https:\/\/seidev.zgtec.com\/es\/?s={search_term_string}"},"query-input":{"@type":"PropertyValueSpecification","valueRequired":true,"valueName":"search_term_string"}}],"inLanguage":"es-CO"},{"@type":"Organization","@id":"https:\/\/seidev.zgtec.com\/es\/#organization","name":"Solar Energy International (SEI)","url":"https:\/\/seidev.zgtec.com\/es\/","logo":{"@type":"ImageObject","inLanguage":"es-CO","@id":"https:\/\/seidev.zgtec.com\/es\/#\/schema\/logo\/image\/","url":"https:\/\/www.solarenergy.org\/wp-content\/uploads\/2018\/12\/SEI_Logo-Vertical-ShortTag-REV_2.png","contentUrl":"https:\/\/www.solarenergy.org\/wp-content\/uploads\/2018\/12\/SEI_Logo-Vertical-ShortTag-REV_2.png","width":1400,"height":999,"caption":"Solar Energy International (SEI)"},"image":{"@id":"https:\/\/seidev.zgtec.com\/es\/#\/schema\/logo\/image\/"},"sameAs":["https:\/\/www.facebook.com\/solarenergyintl\/","https:\/\/x.com\/solarenergyintl","https:\/\/www.instagram.com\/solar.energy.international\/","https:\/\/www.linkedin.com\/school\/solar-energy-international-sei-\/","https:\/\/www.youtube.com\/channel\/UCqvpjhMwS4BCTAsnOe_ak9w"]}]}},"campaignId":"","_links":{"self":[{"href":"https:\/\/seidev.zgtec.com\/es\/wp-json\/wp\/v2\/pages\/18755","targetHints":{"allow":["GET"]}}],"collection":[{"href":"https:\/\/seidev.zgtec.com\/es\/wp-json\/wp\/v2\/pages"}],"about":[{"href":"https:\/\/seidev.zgtec.com\/es\/wp-json\/wp\/v2\/types\/page"}],"author":[{"embeddable":true,"href":"https:\/\/seidev.zgtec.com\/es\/wp-json\/wp\/v2\/users\/54"}],"replies":[{"embeddable":true,"href":"https:\/\/seidev.zgtec.com\/es\/wp-json\/wp\/v2\/comments?post=18755"}],"version-history":[{"count":40,"href":"https:\/\/seidev.zgtec.com\/es\/wp-json\/wp\/v2\/pages\/18755\/revisions"}],"predecessor-version":[{"id":25618,"href":"https:\/\/seidev.zgtec.com\/es\/wp-json\/wp\/v2\/pages\/18755\/revisions\/25618"}],"wp:attachment":[{"href":"https:\/\/seidev.zgtec.com\/es\/wp-json\/wp\/v2\/media?parent=18755"}],"curies":[{"name":"wp","href":"https:\/\/api.w.org\/{rel}","templated":true}]}}