{"id":5028,"date":"2014-08-01T21:15:45","date_gmt":"2014-08-01T21:15:45","guid":{"rendered":"http:\/\/www.solarenergy.org\/?page_id=5028"},"modified":"2017-03-13T20:22:43","modified_gmt":"2017-03-13T20:22:43","slug":"carro-de-compras","status":"publish","type":"page","link":"https:\/\/seidev.zgtec.com\/es\/carro-de-compras\/","title":{"rendered":"Carro de Compras"},"content":{"rendered":"\n","protected":false},"excerpt":{"rendered":"","protected":false},"author":31,"featured_media":0,"parent":0,"menu_order":0,"comment_status":"closed","ping_status":"closed","template":"","meta":{"_acf_changed":false,"give_campaign_id":0,"content-type":"","_price":"","_stock":"","_tribe_ticket_header":"","_tribe_default_ticket_provider":"","_tribe_ticket_capacity":"0","_ticket_start_date":"","_ticket_end_date":"","_tribe_ticket_show_description":"","_tribe_ticket_show_not_going":false,"_tribe_ticket_use_global_stock":"","_tribe_ticket_global_stock_level":"","_global_stock_mode":"","_global_stock_cap":"","_tribe_rsvp_for_event":"","_tribe_ticket_going_count":"","_tribe_ticket_not_going_count":"","_tribe_tickets_list":"[]","_tribe_ticket_has_attendee_info_fields":false,"footnotes":""},"class_list":["post-5028","page","type-page","status-publish","hentry"],"acf":[],"yoast_head":"<!-- This site is optimized with the Yoast SEO plugin v27.2 - https:\/\/yoast.com\/product\/yoast-seo-wordpress\/ -->\n<title>Carro de Compras - Solar Energy International (SEI) - Cursos de Energ\u00eda Solar para la Fuerza Laboral<\/title>\n<meta name=\"robots\" content=\"index, follow, max-snippet:-1, max-image-preview:large, max-video-preview:-1\" \/>\n<link rel=\"canonical\" href=\"https:\/\/seidev.zgtec.com\/es\/carro-de-compras\/\" \/>\n<meta property=\"og:locale\" content=\"es_ES\" \/>\n<meta property=\"og:type\" content=\"article\" \/>\n<meta property=\"og:title\" content=\"Carro de Compras - Solar Energy International (SEI) - Cursos de Energ\u00eda Solar para la Fuerza Laboral\" \/>\n<meta property=\"og:url\" content=\"https:\/\/seidev.zgtec.com\/es\/carro-de-compras\/\" \/>\n<meta property=\"og:site_name\" content=\"Solar Energy International (SEI) - Cursos de Energ\u00eda Solar para la Fuerza Laboral\" \/>\n<meta property=\"article:publisher\" content=\"https:\/\/www.facebook.com\/solarenergyintl\/\" \/>\n<meta property=\"article:modified_time\" content=\"2017-03-13T20:22:43+00:00\" \/>\n<meta name=\"twitter:card\" content=\"summary_large_image\" \/>\n<meta name=\"twitter:site\" content=\"@solarenergyintl\" \/>\n<script type=\"application\/ld+json\" class=\"yoast-schema-graph\">{\"@context\":\"https:\/\/schema.org\",\"@graph\":[{\"@type\":\"WebPage\",\"@id\":\"https:\/\/seidev.zgtec.com\/es\/carro-de-compras\/\",\"url\":\"https:\/\/seidev.zgtec.com\/es\/carro-de-compras\/\",\"name\":\"Carro de Compras - Solar Energy International (SEI) - Cursos de Energ\u00eda Solar para la Fuerza Laboral\",\"isPartOf\":{\"@id\":\"https:\/\/seidev.zgtec.com\/es\/#website\"},\"datePublished\":\"2014-08-01T21:15:45+00:00\",\"dateModified\":\"2017-03-13T20:22:43+00:00\",\"breadcrumb\":{\"@id\":\"https:\/\/seidev.zgtec.com\/es\/carro-de-compras\/#breadcrumb\"},\"inLanguage\":\"es-CO\",\"potentialAction\":[{\"@type\":\"ReadAction\",\"target\":[\"https:\/\/seidev.zgtec.com\/es\/carro-de-compras\/\"]}]},{\"@type\":\"BreadcrumbList\",\"@id\":\"https:\/\/seidev.zgtec.com\/es\/carro-de-compras\/#breadcrumb\",\"itemListElement\":[{\"@type\":\"ListItem\",\"position\":1,\"name\":\"Home\",\"item\":\"https:\/\/seidev.zgtec.com\/es\/\"},{\"@type\":\"ListItem\",\"position\":2,\"name\":\"Carro de Compras\"}]},{\"@type\":\"WebSite\",\"@id\":\"https:\/\/seidev.zgtec.com\/es\/#website\",\"url\":\"https:\/\/seidev.zgtec.com\/es\/\",\"name\":\"Solar Energy International (SEI) - Cursos de Energ\u00eda Solar para la Fuerza Laboral\",\"description\":\"Capacitaci\u00f3n t\u00e9cnica en energ\u00eda solar para aprender a dise\u00f1ar e instalar sistemas fotovoltaicos\",\"publisher\":{\"@id\":\"https:\/\/seidev.zgtec.com\/es\/#organization\"},\"potentialAction\":[{\"@type\":\"SearchAction\",\"target\":{\"@type\":\"EntryPoint\",\"urlTemplate\":\"https:\/\/seidev.zgtec.com\/es\/?s={search_term_string}\"},\"query-input\":{\"@type\":\"PropertyValueSpecification\",\"valueRequired\":true,\"valueName\":\"search_term_string\"}}],\"inLanguage\":\"es-CO\"},{\"@type\":\"Organization\",\"@id\":\"https:\/\/seidev.zgtec.com\/es\/#organization\",\"name\":\"Solar Energy International (SEI)\",\"url\":\"https:\/\/seidev.zgtec.com\/es\/\",\"logo\":{\"@type\":\"ImageObject\",\"inLanguage\":\"es-CO\",\"@id\":\"https:\/\/seidev.zgtec.com\/es\/#\/schema\/logo\/image\/\",\"url\":\"https:\/\/www.solarenergy.org\/wp-content\/uploads\/2018\/12\/SEI_Logo-Vertical-ShortTag-REV_2.png\",\"contentUrl\":\"https:\/\/www.solarenergy.org\/wp-content\/uploads\/2018\/12\/SEI_Logo-Vertical-ShortTag-REV_2.png\",\"width\":1400,\"height\":999,\"caption\":\"Solar Energy International (SEI)\"},\"image\":{\"@id\":\"https:\/\/seidev.zgtec.com\/es\/#\/schema\/logo\/image\/\"},\"sameAs\":[\"https:\/\/www.facebook.com\/solarenergyintl\/\",\"https:\/\/x.com\/solarenergyintl\",\"https:\/\/www.instagram.com\/solar.energy.international\/\",\"https:\/\/www.linkedin.com\/school\/solar-energy-international-sei-\/\",\"https:\/\/www.youtube.com\/channel\/UCqvpjhMwS4BCTAsnOe_ak9w\"]}]}<\/script>\n<!-- \/ Yoast SEO plugin. -->","yoast_head_json":{"title":"Carro de Compras - Solar Energy International (SEI) - Cursos de Energ\u00eda Solar para la Fuerza Laboral","robots":{"index":"index","follow":"follow","max-snippet":"max-snippet:-1","max-image-preview":"max-image-preview:large","max-video-preview":"max-video-preview:-1"},"canonical":"https:\/\/seidev.zgtec.com\/es\/carro-de-compras\/","og_locale":"es_ES","og_type":"article","og_title":"Carro de Compras - Solar Energy International (SEI) - Cursos de Energ\u00eda Solar para la Fuerza Laboral","og_url":"https:\/\/seidev.zgtec.com\/es\/carro-de-compras\/","og_site_name":"Solar Energy International (SEI) - Cursos de Energ\u00eda Solar para la Fuerza Laboral","article_publisher":"https:\/\/www.facebook.com\/solarenergyintl\/","article_modified_time":"2017-03-13T20:22:43+00:00","twitter_card":"summary_large_image","twitter_site":"@solarenergyintl","schema":{"@context":"https:\/\/schema.org","@graph":[{"@type":"WebPage","@id":"https:\/\/seidev.zgtec.com\/es\/carro-de-compras\/","url":"https:\/\/seidev.zgtec.com\/es\/carro-de-compras\/","name":"Carro de Compras - Solar Energy International (SEI) - Cursos de Energ\u00eda Solar para la Fuerza Laboral","isPartOf":{"@id":"https:\/\/seidev.zgtec.com\/es\/#website"},"datePublished":"2014-08-01T21:15:45+00:00","dateModified":"2017-03-13T20:22:43+00:00","breadcrumb":{"@id":"https:\/\/seidev.zgtec.com\/es\/carro-de-compras\/#breadcrumb"},"inLanguage":"es-CO","potentialAction":[{"@type":"ReadAction","target":["https:\/\/seidev.zgtec.com\/es\/carro-de-compras\/"]}]},{"@type":"BreadcrumbList","@id":"https:\/\/seidev.zgtec.com\/es\/carro-de-compras\/#breadcrumb","itemListElement":[{"@type":"ListItem","position":1,"name":"Home","item":"https:\/\/seidev.zgtec.com\/es\/"},{"@type":"ListItem","position":2,"name":"Carro de Compras"}]},{"@type":"WebSite","@id":"https:\/\/seidev.zgtec.com\/es\/#website","url":"https:\/\/seidev.zgtec.com\/es\/","name":"Solar Energy International (SEI) - Cursos de Energ\u00eda Solar para la Fuerza Laboral","description":"Capacitaci\u00f3n t\u00e9cnica en energ\u00eda solar para aprender a dise\u00f1ar e instalar sistemas fotovoltaicos","publisher":{"@id":"https:\/\/seidev.zgtec.com\/es\/#organization"},"potentialAction":[{"@type":"SearchAction","target":{"@type":"EntryPoint","urlTemplate":"https:\/\/seidev.zgtec.com\/es\/?s={search_term_string}"},"query-input":{"@type":"PropertyValueSpecification","valueRequired":true,"valueName":"search_term_string"}}],"inLanguage":"es-CO"},{"@type":"Organization","@id":"https:\/\/seidev.zgtec.com\/es\/#organization","name":"Solar Energy International (SEI)","url":"https:\/\/seidev.zgtec.com\/es\/","logo":{"@type":"ImageObject","inLanguage":"es-CO","@id":"https:\/\/seidev.zgtec.com\/es\/#\/schema\/logo\/image\/","url":"https:\/\/www.solarenergy.org\/wp-content\/uploads\/2018\/12\/SEI_Logo-Vertical-ShortTag-REV_2.png","contentUrl":"https:\/\/www.solarenergy.org\/wp-content\/uploads\/2018\/12\/SEI_Logo-Vertical-ShortTag-REV_2.png","width":1400,"height":999,"caption":"Solar Energy International (SEI)"},"image":{"@id":"https:\/\/seidev.zgtec.com\/es\/#\/schema\/logo\/image\/"},"sameAs":["https:\/\/www.facebook.com\/solarenergyintl\/","https:\/\/x.com\/solarenergyintl","https:\/\/www.instagram.com\/solar.energy.international\/","https:\/\/www.linkedin.com\/school\/solar-energy-international-sei-\/","https:\/\/www.youtube.com\/channel\/UCqvpjhMwS4BCTAsnOe_ak9w"]}]}},"campaignId":"","_links":{"self":[{"href":"https:\/\/seidev.zgtec.com\/es\/wp-json\/wp\/v2\/pages\/5028","targetHints":{"allow":["GET"]}}],"collection":[{"href":"https:\/\/seidev.zgtec.com\/es\/wp-json\/wp\/v2\/pages"}],"about":[{"href":"https:\/\/seidev.zgtec.com\/es\/wp-json\/wp\/v2\/types\/page"}],"author":[{"embeddable":true,"href":"https:\/\/seidev.zgtec.com\/es\/wp-json\/wp\/v2\/users\/31"}],"replies":[{"embeddable":true,"href":"https:\/\/seidev.zgtec.com\/es\/wp-json\/wp\/v2\/comments?post=5028"}],"version-history":[{"count":7,"href":"https:\/\/seidev.zgtec.com\/es\/wp-json\/wp\/v2\/pages\/5028\/revisions"}],"predecessor-version":[{"id":15852,"href":"https:\/\/seidev.zgtec.com\/es\/wp-json\/wp\/v2\/pages\/5028\/revisions\/15852"}],"wp:attachment":[{"href":"https:\/\/seidev.zgtec.com\/es\/wp-json\/wp\/v2\/media?parent=5028"}],"curies":[{"name":"wp","href":"https:\/\/api.w.org\/{rel}","templated":true}]}}