{"id":14248,"date":"2016-11-15T00:40:56","date_gmt":"2016-11-15T00:40:56","guid":{"rendered":"http:\/\/seidev.zgtec.com\/es\/?post_type=product&#038;p=14248"},"modified":"2025-01-27T15:15:24","modified_gmt":"2025-01-27T22:15:24","slug":"paquete-de-estudios-en-linea-0","status":"publish","type":"product","link":"https:\/\/seidev.zgtec.com\/es\/tienda\/paquetes\/paquete-de-estudios-en-linea-0\/","title":{"rendered":"Paquete de Estudios En L\u00ednea 101-203"},"content":{"rendered":"<p>La combinaci\u00f3n de estos dos cursos te dar\u00e1n una comprensi\u00f3n integral y exhaustiva de los m\u00e9todos de dise\u00f1o e instalaci\u00f3n de sistemas fotovoltaicos residenciales y comerciales, tanto conectados a la red como aut\u00f3nomos. Adem\u00e1s aprobando a ambos cursos ya calificas para rendir el examen de asociado de NABCEP, el cu\u00e1l valida tu conocimiento en estos temas a nivel internacional. <a href=\"https:\/\/www.solarenergy.org\/es\/certificacion-nabcep\/\">Aprende m\u00e1s de NABCEP aqu\u00ed.<\/a><\/p>\n<p><span style=\"vertical-align: inherit;\">Este paquete incluye los siguientes cursos adem\u00e1s del <a href=\"https:\/\/www.solarenergy.org\/es\/tienda\/ebooks\/manual-de-diseno-e-instalacion-de-sistemas-fv-ebook\/\" target=\"_blank\" rel=\"noopener noreferrer\">Manual de Dise\u00f1o e Instalaci\u00f3n de Sistemas FV (eBook)<\/a>:<\/span><\/p>\n<p><a href=\"https:\/\/www.solarenergy.org\/es\/cursos\/diseno-e-instalacion-solar-electrica-sistemas-interactivos-%C2%96-en-linea\/\" target=\"_blank\" rel=\"noopener noreferrer\">(FVOL101) DISE\u00d1O E INSTALACI\u00d3N SOLAR EL\u00c9CTRICA (SISTEMAS INTERACTIVOS)<\/a><br \/>\nEste es un curso fundamental para cualquier persona que quiera iniciar una carrera en energ\u00eda fotovoltaica (FV) y\/o comprender los pormenores de la generaci\u00f3n de electricidad con base en el efecto fotoel\u00e9ctrico. La plataforma del curso FV101 le permitir\u00e1 continuar desarroll\u00e1ndose en \u00e1reas como: dise\u00f1o, inspecci\u00f3n, instalaci\u00f3n, mantenimiento, ventas t\u00e9cnicas y soporte t\u00e9cnico; todo basado en los m\u00e1s rigurosos c\u00f3digos el\u00e9ctricos y en pr\u00e1cticas recomendadas por profesionales con d\u00e9cadas de trayectoria en la industria. Este curso es el primero de un programa completo dedicado a crear expertos en la materia; por s\u00ed solo es un excelente punto de partida para cualquier rama en la industria. <a href=\"https:\/\/www.solarenergy.org\/es\/cursos\/diseno-e-instalacion-solar-electrica-sistemas-interactivos-%C2%96-en-linea\/\" target=\"_blank\" rel=\"noopener noreferrer\">CONOCE M\u00c1S&gt;&gt;<\/a><\/p>\n<p><a href=\"https:\/\/www.solarenergy.org\/es\/cursos\/fundamentos-de-sistemas-fotovoltaicos-basados-en-baterias-en-linea\/\" target=\"_blank\" rel=\"noopener noreferrer\">(FVOL203) FUNDAMENTOS DE SISTEMAS FOTOVOLTAICOS BASADOS EN BATER\u00cdAS<\/a><br \/>\nEste curso le proporcionar\u00e1 al estudiante una comprensi\u00f3n de los conceptos fundamentales necesarios para trabajar de forma segura en sistemas FV basados en bater\u00edas; estos incluyen los sistemas FV aislados (o aut\u00f3nomos) y los sistemas FV conectados a la red con respaldo de bater\u00edas. Se estudia el prop\u00f3sito, las aplicaciones y los criterios de dise\u00f1o requeridos para los diferentes componentes que se deben seleccionar e integrar como: controladores de carga, bater\u00edas, arreglo FV e inversores basados en bater\u00edas (sumamente distintos a los inversores conectados a la red). La informaci\u00f3n en este curso le proveer\u00e1 una comprensi\u00f3n te\u00f3rica de los sistemas FV basados en bater\u00edas que podr\u00e1 aplicar en instalaciones reales y aplicaciones pr\u00e1cticas. <a href=\"https:\/\/www.solarenergy.org\/es\/cursos\/fundamentos-de-sistemas-fotovoltaicos-basados-en-baterias-en-linea\/\" target=\"_blank\" rel=\"noopener noreferrer\">CONOCE M\u00c1S&gt;&gt;<\/a><\/p>\n","protected":false},"excerpt":{"rendered":"<p>La combinaci\u00f3n de estos dos cursos te dar\u00e1n una comprensi\u00f3n integral y exhaustiva de los m\u00e9todos de dise\u00f1o e instalaci\u00f3n de sistemas fotovoltaicos residenciales y comerciales, tanto conectados a la red como aut\u00f3nomos. \u00a1Ahorra $200 USD comprando este paquete y ll\u00e9vate nuestro Manual de Dise\u00f1o FV (ebook) de regalo!<\/p>\n<h3><strong>C\u00f3mo registrarse:<\/strong><\/h3>\n<ol>\n<li>Selecciona abajo las fechas en las que quieres tomar el curso <a href=\"https:\/\/www.solarenergy.org\/es\/cursos\/diseno-e-instalacion-solar-electrica-sistemas-interactivos-en-linea\/\" target=\"_blank\" rel=\"noopener noreferrer\">FVOL101 <span style=\"vertical-align: inherit;\"> (sistemas interactivos) <\/span><\/a>\u00a0y el <a href=\"https:\/\/www.solarenergy.org\/es\/cursos\/fundamentos-de-sistemas-fotovoltaicos-basados-en-baterias-en-linea\/\">FVOL203 (sistemas aut\u00f3nomos)<\/a>.<\/li>\n<li>El manual (ebook) gratuito se incluir\u00e1 en tu orden autom\u00e1ticamente.<\/li>\n<\/ol>\n<p><span style=\"vertical-align: inherit;\"> <strong>No puedes seleccionar la misma fecha de inicio para ambos los cursos.<\/strong> Debes tomar el curso FVOL101 primero, dado que son correlativos. Si necesitas una excepci\u00f3n, por favor comun\u00edcate con el Departamento de Servicios al Estudiante a programahispano@solarenergy.org<\/span><\/p>\n","protected":false},"featured_media":15381,"comment_status":"closed","ping_status":"closed","template":"","meta":{"_acf_changed":false,"give_campaign_id":0,"content-type":"","_price":"1040","_stock":"","_tribe_ticket_header":"","_tribe_default_ticket_provider":"","_tribe_ticket_capacity":"54","_ticket_start_date":"","_ticket_end_date":"","_tribe_ticket_show_description":"","_tribe_ticket_show_not_going":false,"_tribe_ticket_use_global_stock":"","_tribe_ticket_global_stock_level":"","_global_stock_mode":"","_global_stock_cap":"","_tribe_rsvp_for_event":"","_tribe_ticket_going_count":"","_tribe_ticket_not_going_count":"","_tribe_tickets_list":"[]","_tribe_ticket_has_attendee_info_fields":false,"_tec_slr_enabled":"","_tec_slr_layout":""},"product_brand":[],"product_cat":[201],"product_tag":[],"class_list":{"0":"post-14248","1":"product","2":"type-product","3":"status-publish","4":"has-post-thumbnail","6":"product_cat-paquetes","8":"first","9":"instock","10":"sale","11":"purchasable","12":"product-type-composite"},"composite_virtual":false,"composite_layout":"single","composite_add_to_cart_form_location":"default","composite_editable_in_cart":false,"composite_sold_individually_context":"product","composite_shop_price_calc":"min_max","composite_components":[{"id":"1575931674","title":"FVOL101: DISE\u00d1O E INSTALACI\u00d3N SOLAR EL\u00c9CTRICA (SISTEMAS INTERACTIVOS) - EN L\u00cdNEA","description":"","query_type":"product_ids","query_ids":[26116,26118,26120,26122,26124,26126,26128],"default_option_id":"","thumbnail_id":"","thumbnail_src":"","quantity_min":1,"quantity_max":1,"priced_individually":false,"shipped_individually":false,"optional":false,"discount":"","options_style":"dropdowns","pagination_style":"classic","display_prices":"absolute","show_sorting_options":false,"show_filtering_options":false,"attribute_filter_ids":[],"select_action":"view","product_title_visible":true,"product_descr_visible":false,"product_price_visible":false,"product_thumb_visible":false,"subtotal_visible_product":false,"subtotal_visible_cart":false,"subtotal_visible_orders":false},{"id":"1694696697","title":"FVOL203: FUNDAMENTOS DE SISTEMAS FOTOVOLTAICOS BASADOS EN BATER\u00cdAS","description":"","query_type":"product_ids","query_ids":[26140,26142,26144],"default_option_id":"","thumbnail_id":"","thumbnail_src":"","quantity_min":1,"quantity_max":1,"priced_individually":false,"shipped_individually":false,"optional":false,"discount":"","options_style":"dropdowns","pagination_style":"classic","display_prices":"absolute","show_sorting_options":false,"show_filtering_options":false,"attribute_filter_ids":[],"select_action":"view","product_title_visible":true,"product_descr_visible":true,"product_price_visible":true,"product_thumb_visible":true,"subtotal_visible_product":true,"subtotal_visible_cart":true,"subtotal_visible_orders":true},{"id":"1595511622","title":"Manual de Dise\u00f1o e Instalaci\u00f3n de Sistemas FV (eBook)","description":"","query_type":"product_ids","query_ids":[20764],"default_option_id":20764,"thumbnail_id":"","thumbnail_src":"","quantity_min":1,"quantity_max":1,"priced_individually":false,"shipped_individually":false,"optional":false,"discount":"","options_style":"dropdowns","pagination_style":"classic","display_prices":"absolute","show_sorting_options":false,"show_filtering_options":false,"attribute_filter_ids":[],"select_action":"view","product_title_visible":true,"product_descr_visible":false,"product_price_visible":true,"product_thumb_visible":false,"subtotal_visible_product":true,"subtotal_visible_cart":true,"subtotal_visible_orders":true}],"composite_scenarios":[],"acf":[],"yoast_head":"<!-- This site is optimized with the Yoast SEO plugin v27.2 - https:\/\/yoast.com\/product\/yoast-seo-wordpress\/ -->\n<title>Cursos Online de Energ\u00eda Solar - Capacitaci\u00f3n para ser instalador de paneles solares - Curso de Instalaci\u00f3n de Sistemas Fotovoltaicos- Educaci\u00f3n en energ\u00edas renovables \/Capacitaci\u00f3n en energ\u00edas renovables - Programa de Certificado Profesional en Energ\u00eda Solar Fotovoltaica Solar Energy International<\/title>\n<meta name=\"description\" content=\"2 Cursos de Energ\u00eda Solar Online + Libro. Obt\u00e9n descuento por paquete de estudios.\" \/>\n<meta name=\"robots\" content=\"index, follow, max-snippet:-1, max-image-preview:large, max-video-preview:-1\" \/>\n<link rel=\"canonical\" href=\"https:\/\/seidev.zgtec.com\/es\/tienda\/paquetes\/paquete-de-estudios-en-linea-0\/\" \/>\n<meta property=\"og:locale\" content=\"es_ES\" \/>\n<meta property=\"og:type\" content=\"article\" \/>\n<meta property=\"og:title\" content=\"Cursos Online de Energ\u00eda Solar - Capacitaci\u00f3n para ser instalador de paneles solares - Curso de Instalaci\u00f3n de Sistemas Fotovoltaicos- Educaci\u00f3n en energ\u00edas renovables \/Capacitaci\u00f3n en energ\u00edas renovables - Programa de Certificado Profesional en Energ\u00eda Solar Fotovoltaica Solar Energy International\" \/>\n<meta property=\"og:description\" content=\"2 Cursos de Energ\u00eda Solar Online + Libro. Obt\u00e9n descuento por paquete de estudios.\" \/>\n<meta property=\"og:url\" content=\"https:\/\/seidev.zgtec.com\/es\/tienda\/paquetes\/paquete-de-estudios-en-linea-0\/\" \/>\n<meta property=\"og:site_name\" content=\"Solar Energy International (SEI) - Cursos de Energ\u00eda Solar para la Fuerza Laboral\" \/>\n<meta property=\"article:publisher\" content=\"https:\/\/www.facebook.com\/solarenergyintl\/\" \/>\n<meta property=\"article:modified_time\" content=\"2025-01-27T22:15:24+00:00\" \/>\n<meta property=\"og:image\" content=\"https:\/\/seidev.zgtec.com\/wp-content\/uploads\/2016\/08\/Paquete-Collage.png\" \/>\n\t<meta property=\"og:image:width\" content=\"550\" \/>\n\t<meta property=\"og:image:height\" content=\"367\" \/>\n\t<meta property=\"og:image:type\" content=\"image\/png\" \/>\n<meta name=\"twitter:card\" content=\"summary_large_image\" \/>\n<meta name=\"twitter:site\" content=\"@solarenergyintl\" \/>\n<meta name=\"twitter:label1\" content=\"Tiempo estimado de lectura\" \/>\n\t<meta name=\"twitter:data1\" content=\"2 minutos\" \/>\n<script type=\"application\/ld+json\" class=\"yoast-schema-graph\">{\"@context\":\"https:\/\/schema.org\",\"@graph\":[{\"@type\":\"WebPage\",\"@id\":\"https:\/\/seidev.zgtec.com\/es\/tienda\/paquetes\/paquete-de-estudios-en-linea-0\/\",\"url\":\"https:\/\/seidev.zgtec.com\/es\/tienda\/paquetes\/paquete-de-estudios-en-linea-0\/\",\"name\":\"Cursos Online de Energ\u00eda Solar - Capacitaci\u00f3n para ser instalador de paneles solares - Curso de Instalaci\u00f3n de Sistemas Fotovoltaicos- Educaci\u00f3n en energ\u00edas renovables \/Capacitaci\u00f3n en energ\u00edas renovables - Programa de Certificado Profesional en Energ\u00eda Solar Fotovoltaica Solar Energy International\",\"isPartOf\":{\"@id\":\"https:\/\/seidev.zgtec.com\/es\/#website\"},\"primaryImageOfPage\":{\"@id\":\"https:\/\/seidev.zgtec.com\/es\/tienda\/paquetes\/paquete-de-estudios-en-linea-0\/#primaryimage\"},\"image\":{\"@id\":\"https:\/\/seidev.zgtec.com\/es\/tienda\/paquetes\/paquete-de-estudios-en-linea-0\/#primaryimage\"},\"thumbnailUrl\":\"https:\/\/seidev.zgtec.com\/wp-content\/uploads\/2016\/08\/Paquete-Collage.png\",\"datePublished\":\"2016-11-15T00:40:56+00:00\",\"dateModified\":\"2025-01-27T22:15:24+00:00\",\"description\":\"2 Cursos de Energ\u00eda Solar Online + Libro. Obt\u00e9n descuento por paquete de estudios.\",\"breadcrumb\":{\"@id\":\"https:\/\/seidev.zgtec.com\/es\/tienda\/paquetes\/paquete-de-estudios-en-linea-0\/#breadcrumb\"},\"inLanguage\":\"es-CO\",\"potentialAction\":[{\"@type\":\"ReadAction\",\"target\":[\"https:\/\/seidev.zgtec.com\/es\/tienda\/paquetes\/paquete-de-estudios-en-linea-0\/\"]}]},{\"@type\":\"ImageObject\",\"inLanguage\":\"es-CO\",\"@id\":\"https:\/\/seidev.zgtec.com\/es\/tienda\/paquetes\/paquete-de-estudios-en-linea-0\/#primaryimage\",\"url\":\"https:\/\/seidev.zgtec.com\/wp-content\/uploads\/2016\/08\/Paquete-Collage.png\",\"contentUrl\":\"https:\/\/seidev.zgtec.com\/wp-content\/uploads\/2016\/08\/Paquete-Collage.png\",\"width\":550,\"height\":367},{\"@type\":\"BreadcrumbList\",\"@id\":\"https:\/\/seidev.zgtec.com\/es\/tienda\/paquetes\/paquete-de-estudios-en-linea-0\/#breadcrumb\",\"itemListElement\":[{\"@type\":\"ListItem\",\"position\":1,\"name\":\"Home\",\"item\":\"https:\/\/seidev.zgtec.com\/es\/\"},{\"@type\":\"ListItem\",\"position\":2,\"name\":\"Tienda\",\"item\":\"https:\/\/seidev.zgtec.com\/es\/tienda\/\"},{\"@type\":\"ListItem\",\"position\":3,\"name\":\"Paquete de Estudios En L\u00ednea 101-203\"}]},{\"@type\":\"WebSite\",\"@id\":\"https:\/\/seidev.zgtec.com\/es\/#website\",\"url\":\"https:\/\/seidev.zgtec.com\/es\/\",\"name\":\"Solar Energy International (SEI) - Cursos de Energ\u00eda Solar para la Fuerza Laboral\",\"description\":\"Capacitaci\u00f3n t\u00e9cnica en energ\u00eda solar para aprender a dise\u00f1ar e instalar sistemas fotovoltaicos\",\"publisher\":{\"@id\":\"https:\/\/seidev.zgtec.com\/es\/#organization\"},\"potentialAction\":[{\"@type\":\"SearchAction\",\"target\":{\"@type\":\"EntryPoint\",\"urlTemplate\":\"https:\/\/seidev.zgtec.com\/es\/?s={search_term_string}\"},\"query-input\":{\"@type\":\"PropertyValueSpecification\",\"valueRequired\":true,\"valueName\":\"search_term_string\"}}],\"inLanguage\":\"es-CO\"},{\"@type\":\"Organization\",\"@id\":\"https:\/\/seidev.zgtec.com\/es\/#organization\",\"name\":\"Solar Energy International (SEI)\",\"url\":\"https:\/\/seidev.zgtec.com\/es\/\",\"logo\":{\"@type\":\"ImageObject\",\"inLanguage\":\"es-CO\",\"@id\":\"https:\/\/seidev.zgtec.com\/es\/#\/schema\/logo\/image\/\",\"url\":\"https:\/\/www.solarenergy.org\/wp-content\/uploads\/2018\/12\/SEI_Logo-Vertical-ShortTag-REV_2.png\",\"contentUrl\":\"https:\/\/www.solarenergy.org\/wp-content\/uploads\/2018\/12\/SEI_Logo-Vertical-ShortTag-REV_2.png\",\"width\":1400,\"height\":999,\"caption\":\"Solar Energy International (SEI)\"},\"image\":{\"@id\":\"https:\/\/seidev.zgtec.com\/es\/#\/schema\/logo\/image\/\"},\"sameAs\":[\"https:\/\/www.facebook.com\/solarenergyintl\/\",\"https:\/\/x.com\/solarenergyintl\",\"https:\/\/www.instagram.com\/solar.energy.international\/\",\"https:\/\/www.linkedin.com\/school\/solar-energy-international-sei-\/\",\"https:\/\/www.youtube.com\/channel\/UCqvpjhMwS4BCTAsnOe_ak9w\"]}]}<\/script>\n<!-- \/ Yoast SEO plugin. -->","yoast_head_json":{"title":"Cursos Online de Energ\u00eda Solar - Capacitaci\u00f3n para ser instalador de paneles solares - Curso de Instalaci\u00f3n de Sistemas Fotovoltaicos- Educaci\u00f3n en energ\u00edas renovables \/Capacitaci\u00f3n en energ\u00edas renovables - Programa de Certificado Profesional en Energ\u00eda Solar Fotovoltaica Solar Energy International","description":"2 Cursos de Energ\u00eda Solar Online + Libro. Obt\u00e9n descuento por paquete de estudios.","robots":{"index":"index","follow":"follow","max-snippet":"max-snippet:-1","max-image-preview":"max-image-preview:large","max-video-preview":"max-video-preview:-1"},"canonical":"https:\/\/seidev.zgtec.com\/es\/tienda\/paquetes\/paquete-de-estudios-en-linea-0\/","og_locale":"es_ES","og_type":"article","og_title":"Cursos Online de Energ\u00eda Solar - Capacitaci\u00f3n para ser instalador de paneles solares - Curso de Instalaci\u00f3n de Sistemas Fotovoltaicos- Educaci\u00f3n en energ\u00edas renovables \/Capacitaci\u00f3n en energ\u00edas renovables - Programa de Certificado Profesional en Energ\u00eda Solar Fotovoltaica Solar Energy International","og_description":"2 Cursos de Energ\u00eda Solar Online + Libro. Obt\u00e9n descuento por paquete de estudios.","og_url":"https:\/\/seidev.zgtec.com\/es\/tienda\/paquetes\/paquete-de-estudios-en-linea-0\/","og_site_name":"Solar Energy International (SEI) - Cursos de Energ\u00eda Solar para la Fuerza Laboral","article_publisher":"https:\/\/www.facebook.com\/solarenergyintl\/","article_modified_time":"2025-01-27T22:15:24+00:00","og_image":[{"width":550,"height":367,"url":"https:\/\/seidev.zgtec.com\/wp-content\/uploads\/2016\/08\/Paquete-Collage.png","type":"image\/png"}],"twitter_card":"summary_large_image","twitter_site":"@solarenergyintl","twitter_misc":{"Tiempo estimado de lectura":"2 minutos"},"schema":{"@context":"https:\/\/schema.org","@graph":[{"@type":"WebPage","@id":"https:\/\/seidev.zgtec.com\/es\/tienda\/paquetes\/paquete-de-estudios-en-linea-0\/","url":"https:\/\/seidev.zgtec.com\/es\/tienda\/paquetes\/paquete-de-estudios-en-linea-0\/","name":"Cursos Online de Energ\u00eda Solar - Capacitaci\u00f3n para ser instalador de paneles solares - Curso de Instalaci\u00f3n de Sistemas Fotovoltaicos- Educaci\u00f3n en energ\u00edas renovables \/Capacitaci\u00f3n en energ\u00edas renovables - Programa de Certificado Profesional en Energ\u00eda Solar Fotovoltaica Solar Energy International","isPartOf":{"@id":"https:\/\/seidev.zgtec.com\/es\/#website"},"primaryImageOfPage":{"@id":"https:\/\/seidev.zgtec.com\/es\/tienda\/paquetes\/paquete-de-estudios-en-linea-0\/#primaryimage"},"image":{"@id":"https:\/\/seidev.zgtec.com\/es\/tienda\/paquetes\/paquete-de-estudios-en-linea-0\/#primaryimage"},"thumbnailUrl":"https:\/\/seidev.zgtec.com\/wp-content\/uploads\/2016\/08\/Paquete-Collage.png","datePublished":"2016-11-15T00:40:56+00:00","dateModified":"2025-01-27T22:15:24+00:00","description":"2 Cursos de Energ\u00eda Solar Online + Libro. Obt\u00e9n descuento por paquete de estudios.","breadcrumb":{"@id":"https:\/\/seidev.zgtec.com\/es\/tienda\/paquetes\/paquete-de-estudios-en-linea-0\/#breadcrumb"},"inLanguage":"es-CO","potentialAction":[{"@type":"ReadAction","target":["https:\/\/seidev.zgtec.com\/es\/tienda\/paquetes\/paquete-de-estudios-en-linea-0\/"]}]},{"@type":"ImageObject","inLanguage":"es-CO","@id":"https:\/\/seidev.zgtec.com\/es\/tienda\/paquetes\/paquete-de-estudios-en-linea-0\/#primaryimage","url":"https:\/\/seidev.zgtec.com\/wp-content\/uploads\/2016\/08\/Paquete-Collage.png","contentUrl":"https:\/\/seidev.zgtec.com\/wp-content\/uploads\/2016\/08\/Paquete-Collage.png","width":550,"height":367},{"@type":"BreadcrumbList","@id":"https:\/\/seidev.zgtec.com\/es\/tienda\/paquetes\/paquete-de-estudios-en-linea-0\/#breadcrumb","itemListElement":[{"@type":"ListItem","position":1,"name":"Home","item":"https:\/\/seidev.zgtec.com\/es\/"},{"@type":"ListItem","position":2,"name":"Tienda","item":"https:\/\/seidev.zgtec.com\/es\/tienda\/"},{"@type":"ListItem","position":3,"name":"Paquete de Estudios En L\u00ednea 101-203"}]},{"@type":"WebSite","@id":"https:\/\/seidev.zgtec.com\/es\/#website","url":"https:\/\/seidev.zgtec.com\/es\/","name":"Solar Energy International (SEI) - Cursos de Energ\u00eda Solar para la Fuerza Laboral","description":"Capacitaci\u00f3n t\u00e9cnica en energ\u00eda solar para aprender a dise\u00f1ar e instalar sistemas fotovoltaicos","publisher":{"@id":"https:\/\/seidev.zgtec.com\/es\/#organization"},"potentialAction":[{"@type":"SearchAction","target":{"@type":"EntryPoint","urlTemplate":"https:\/\/seidev.zgtec.com\/es\/?s={search_term_string}"},"query-input":{"@type":"PropertyValueSpecification","valueRequired":true,"valueName":"search_term_string"}}],"inLanguage":"es-CO"},{"@type":"Organization","@id":"https:\/\/seidev.zgtec.com\/es\/#organization","name":"Solar Energy International (SEI)","url":"https:\/\/seidev.zgtec.com\/es\/","logo":{"@type":"ImageObject","inLanguage":"es-CO","@id":"https:\/\/seidev.zgtec.com\/es\/#\/schema\/logo\/image\/","url":"https:\/\/www.solarenergy.org\/wp-content\/uploads\/2018\/12\/SEI_Logo-Vertical-ShortTag-REV_2.png","contentUrl":"https:\/\/www.solarenergy.org\/wp-content\/uploads\/2018\/12\/SEI_Logo-Vertical-ShortTag-REV_2.png","width":1400,"height":999,"caption":"Solar Energy International (SEI)"},"image":{"@id":"https:\/\/seidev.zgtec.com\/es\/#\/schema\/logo\/image\/"},"sameAs":["https:\/\/www.facebook.com\/solarenergyintl\/","https:\/\/x.com\/solarenergyintl","https:\/\/www.instagram.com\/solar.energy.international\/","https:\/\/www.linkedin.com\/school\/solar-energy-international-sei-\/","https:\/\/www.youtube.com\/channel\/UCqvpjhMwS4BCTAsnOe_ak9w"]}]}},"_links":{"self":[{"href":"https:\/\/seidev.zgtec.com\/es\/wp-json\/wp\/v2\/product\/14248","targetHints":{"allow":["GET"]}}],"collection":[{"href":"https:\/\/seidev.zgtec.com\/es\/wp-json\/wp\/v2\/product"}],"about":[{"href":"https:\/\/seidev.zgtec.com\/es\/wp-json\/wp\/v2\/types\/product"}],"replies":[{"embeddable":true,"href":"https:\/\/seidev.zgtec.com\/es\/wp-json\/wp\/v2\/comments?post=14248"}],"wp:featuredmedia":[{"embeddable":true,"href":"https:\/\/seidev.zgtec.com\/es\/wp-json\/wp\/v2\/media\/15381"}],"wp:attachment":[{"href":"https:\/\/seidev.zgtec.com\/es\/wp-json\/wp\/v2\/media?parent=14248"}],"wp:term":[{"taxonomy":"product_brand","embeddable":true,"href":"https:\/\/seidev.zgtec.com\/es\/wp-json\/wp\/v2\/product_brand?post=14248"},{"taxonomy":"product_cat","embeddable":true,"href":"https:\/\/seidev.zgtec.com\/es\/wp-json\/wp\/v2\/product_cat?post=14248"},{"taxonomy":"product_tag","embeddable":true,"href":"https:\/\/seidev.zgtec.com\/es\/wp-json\/wp\/v2\/product_tag?post=14248"}],"curies":[{"name":"wp","href":"https:\/\/api.w.org\/{rel}","templated":true}]}}