{"id":15526,"date":"2017-03-02T22:07:17","date_gmt":"2017-03-03T05:07:17","guid":{"rendered":"http:\/\/seidev.zgtec.com\/es\/?post_type=product&#038;p=15526"},"modified":"2023-06-29T15:47:42","modified_gmt":"2023-06-29T21:47:42","slug":"solar-electric-handbook-photovoltaic-fundamentals-and-applications","status":"publish","type":"product","link":"https:\/\/seidev.zgtec.com\/es\/tienda\/publicacion\/solar-electric-handbook-photovoltaic-fundamentals-and-applications\/","title":{"rendered":"Solar Electric Handbook: Photovoltaic Fundamentals and Applications"},"content":{"rendered":"<h2><strong>Solar Electric Handbook: Photovoltaic Fundamentals and Applications Listado de Unidades y Cap\u00edtulos<\/strong><\/h2>\n<p>Unit 1 \u0096 Overview of Renewable Energy and the Solar Industry<br \/>\nChapter 1 \u0096 The Case for Renewable Energy<br \/>\nChapter 2 \u0096 An Overview of Photovoltaics and the Solar Industry<br \/>\nUnit 2 \u0096 Electricity and Components<br \/>\nChapter 3 \u0096 Basics of Electricity<br \/>\nChapter 4 \u0096 Components<br \/>\nUnit 3 \u0096 Modules, Series and Parallel, and Meters<br \/>\nChapter 5 \u0096 Photovoltaic (PV) Modules<br \/>\nChapter 6 \u0096 Series and Parallel Connections with Modules<br \/>\nChapter 7 \u0096 Testing Modules with a Multimeter<br \/>\nUnit 4 \u0096 Solar Site Analysis and Mounting<br \/>\nChapter 8 \u0096 Solar Site Analysis<br \/>\nChapter 9 \u0096 Mounting<br \/>\nChapter 10 \u0096 Roofing Systems<br \/>\nUnit 5 \u0096 Grid-Direct System Sizing<br \/>\nChapter 11 \u0096 Implementing Efficiency<br \/>\nChapter 12 \u0096 Grid-Direct Inverters<br \/>\nChapter 13 \u0096 System Sizing<br \/>\nUnit 6 \u0096 Grounding, Wiring, and Overcurrent Protection<br \/>\nChapter 14 \u0096 Grounding<br \/>\nChapter 15 \u0096 Wiring<br \/>\nChapter 16 \u0096 Disconnects, Overcurrent Protection, and Series Fusing<br \/>\nChapter 17 \u0096 Basics of Service Panel Connections<br \/>\nUnit 7 \u0096 Safely Installing, Commissioning, and Decommissioning Grid-Direct Systems<br \/>\nChapter 18 \u0096 Jobsite Safety<br \/>\nChapter 19 \u0096 Safe Procedures for Installation and Commissioning<br \/>\nUnit 8 \u0096 Battery-Based Systems<br \/>\nChapter 20 \u0096 Introduction to Battery-Based Systems<br \/>\nChapter 21 \u0096 Sizing Battery-Based Systems<br \/>\nUnit 9 \u0096 Solar Business and Finance<br \/>\nChapter 22 \u0096 Entering the PV Industry<br \/>\nChapter 23 \u0096 Marketing and Sales for Solar Integration Businesses<br \/>\nChapter 24 \u0096 Electricity Rates, Savings, and Incentive Structures<br \/>\nChapter 25 \u0096 Financial Benefit Analysis and Financing Options<\/p>\n<h2>Nuevas tecnolog\u00edas de aprendizaje &#8211; Paquete de Libro de Texto \/ eBook<\/h2>\n<p>En asociaci\u00f3n con Pearson Education, SEI ha creado un recurso de aprendizaje innovador que lleva el concepto del libro de texto com\u00fan a otro nivel al ofrecer un libro electr\u00f3nico interactivo complementario junto con la compra de cada libro de texto.<\/p>\n<p>La versi\u00f3n multimedia del manual de SEI Solar Electric Handbook: Photovoltaic Fundamentals and Applications\u00a0aprovecha el poder de las nuevas tecnolog\u00edas de aprendizaje para el profesional de energ\u00eda solar del siglo XXI. Se puede acceder al ebook desde cualquier PC, Mac, iPad o tableta Android y a sus herramientas como ser b\u00fasqueda de texto completo, notas destacadas , marcadores, soporte para contenido multimedia, glosarios y muchas otras caracter\u00edsticas interesantes. Los usuarios de PC y Mac acceder\u00e1n al libro electr\u00f3nico desde el portal Pearson eText. Los usuarios de dispositivos m\u00f3viles podr\u00e1n descargar la aplicaci\u00f3n e ingresar el c\u00f3digo de la tarjeta de acceso eText de Pearson que viene con cada libro de texto de SEI.<\/p>\n<p>Si ense\u00f1as o has tomado cursos recientemente en una universidad o escuela de oficios, puedes estar familiarizado con otros t\u00edtulos de libros de texto de Pearson que ofrecen este tipo de recursos de eBook de aprendizaje en l\u00ednea y m\u00f3viles a trav\u00e9s de la serie MyLabs de Pearson. \u00a1Lo que antes solo estaba disponible para \u00e1reas acad\u00e9micas b\u00e1sicas, como Matem\u00e1ticas y Ciencias, ahora est\u00e1 disponible para programas profesionales de entrenamiento solar!<\/p>\n<p>Estamos muy entusiasmados con el lanzamiento del libro de texto SEI y le pedimos que te unas a nosotros para crear un futuro m\u00e1s sostenible a trav\u00e9s de los programas de educaci\u00f3n sobre energ\u00eda renovable y los recursos de aprendizaje de SEI. Si tienes alguna pregunta, no dudes en contactarnos en cualquier momento.<\/p>\n","protected":false},"excerpt":{"rendered":"<p>Esperamos que disfrutes del manual de SEI\u00a0<em>Solar Electric Handbook: Photovoltaic Fundamentals and Applications<\/em> y que podamos ayudarte a que te conviertas en un experto en tecnolog\u00edas y conceptos de fotovoltaica (FV). Por favor ten en cuenta que el valor de este libro no es reembolsable.<\/p>\n<p>\u00bfEst\u00e1s interesado en la versi\u00f3n Ebook de esta publicaci\u00f3n? <a href=\"https:\/\/www.solarenergy.org\/shop\/ebooks\/solar-electric-handbook-ebook\/\">Haz clic aqu\u00ed<\/a> para ver y comprar.<\/p>\n<p>Si vas a comprar 5 o m\u00e1s libros, realiza tu pedido llamando al +1 970-527-7657 opci\u00f3n 8 o enviando un correo electr\u00f3nico a programahispano@solarenergy.org para obtener precios de descuento para pedidos de libros por mayor.<\/p>\n<p><strong>A partir de mediados de enero de 2021, esta publicaci\u00f3n tiene el ISBN 978-1-7363581-0-8 (ISBN-9781256701668 anterior). No ha habido cambios en el contenido del libro con el cambio de ISBN.<\/strong><\/p>\n","protected":false},"featured_media":6101,"comment_status":"closed","ping_status":"closed","template":"","meta":{"_acf_changed":false,"give_campaign_id":0,"content-type":"","_price":"129","_stock":"","_tribe_ticket_header":"","_tribe_default_ticket_provider":"","_tribe_ticket_capacity":"16","_ticket_start_date":"","_ticket_end_date":"","_tribe_ticket_show_description":"","_tribe_ticket_show_not_going":false,"_tribe_ticket_use_global_stock":"","_tribe_ticket_global_stock_level":"","_global_stock_mode":"","_global_stock_cap":"","_tribe_rsvp_for_event":"","_tribe_ticket_going_count":"","_tribe_ticket_not_going_count":"","_tribe_tickets_list":"[]","_tribe_ticket_has_attendee_info_fields":false,"_tec_slr_enabled":"","_tec_slr_layout":""},"product_brand":[],"product_cat":[73],"product_tag":[],"class_list":{"0":"post-15526","1":"product","2":"type-product","3":"status-publish","4":"has-post-thumbnail","6":"product_cat-publicacion","7":"product_shipping_class-publications","9":"first","10":"instock","11":"taxable","12":"shipping-taxable","13":"purchasable","14":"product-type-simple"},"composite_virtual":false,"composite_layout":"","composite_add_to_cart_form_location":"","composite_editable_in_cart":false,"composite_sold_individually_context":"","composite_shop_price_calc":"","composite_components":[],"composite_scenarios":[],"acf":[],"yoast_head":"<!-- This site is optimized with the Yoast SEO plugin v27.2 - https:\/\/yoast.com\/product\/yoast-seo-wordpress\/ -->\n<title>Solar Electric Handbook: Photovoltaic Fundamentals and Applications - Solar Energy International (SEI) - Cursos de Energ\u00eda Solar para la Fuerza Laboral<\/title>\n<meta name=\"robots\" content=\"index, follow, max-snippet:-1, max-image-preview:large, max-video-preview:-1\" \/>\n<link rel=\"canonical\" href=\"https:\/\/seidev.zgtec.com\/es\/tienda\/publicacion\/solar-electric-handbook-photovoltaic-fundamentals-and-applications\/\" \/>\n<meta property=\"og:locale\" content=\"es_ES\" \/>\n<meta property=\"og:type\" content=\"article\" \/>\n<meta property=\"og:title\" content=\"Solar Electric Handbook: Photovoltaic Fundamentals and Applications - Solar Energy International (SEI) - Cursos de Energ\u00eda Solar para la Fuerza Laboral\" \/>\n<meta property=\"og:description\" content=\"Esperamos que disfrutes del manual de SEI\u00a0Solar Electric Handbook: Photovoltaic Fundamentals and Applications y que podamos ayudarte a que te conviertas en un experto en tecnolog\u00edas y conceptos de fotovoltaica (FV). Por favor ten en cuenta que el valor de este libro no es reembolsable.  \u00bfEst\u00e1s interesado en la versi\u00f3n Ebook de esta publicaci\u00f3n? Haz clic aqu\u00ed para ver y comprar.  Si vas a comprar 5 o m\u00e1s libros, realiza tu pedido llamando al +1 970-527-7657 opci\u00f3n 8 o enviando un correo electr\u00f3nico a programahispano@solarenergy.org para obtener precios de descuento para pedidos de libros por mayor.  A partir de mediados de enero de 2021, esta publicaci\u00f3n tiene el ISBN 978-1-7363581-0-8 (ISBN-9781256701668 anterior). No ha habido cambios en el contenido del libro con el cambio de ISBN.\" \/>\n<meta property=\"og:url\" content=\"https:\/\/seidev.zgtec.com\/es\/tienda\/publicacion\/solar-electric-handbook-photovoltaic-fundamentals-and-applications\/\" \/>\n<meta property=\"og:site_name\" content=\"Solar Energy International (SEI) - Cursos de Energ\u00eda Solar para la Fuerza Laboral\" \/>\n<meta property=\"article:publisher\" content=\"https:\/\/www.facebook.com\/solarenergyintl\/\" \/>\n<meta property=\"article:modified_time\" content=\"2023-06-29T21:47:42+00:00\" \/>\n<meta property=\"og:image\" content=\"https:\/\/seidev.zgtec.com\/wp-content\/uploads\/2014\/10\/handbook.jpg\" \/>\n\t<meta property=\"og:image:width\" content=\"500\" \/>\n\t<meta property=\"og:image:height\" content=\"652\" \/>\n\t<meta property=\"og:image:type\" content=\"image\/jpeg\" \/>\n<meta name=\"twitter:card\" content=\"summary_large_image\" \/>\n<meta name=\"twitter:site\" content=\"@solarenergyintl\" \/>\n<meta name=\"twitter:label1\" content=\"Tiempo estimado de lectura\" \/>\n\t<meta name=\"twitter:data1\" content=\"3 minutos\" \/>\n<script type=\"application\/ld+json\" class=\"yoast-schema-graph\">{\"@context\":\"https:\/\/schema.org\",\"@graph\":[{\"@type\":\"WebPage\",\"@id\":\"https:\/\/seidev.zgtec.com\/es\/tienda\/publicacion\/solar-electric-handbook-photovoltaic-fundamentals-and-applications\/\",\"url\":\"https:\/\/seidev.zgtec.com\/es\/tienda\/publicacion\/solar-electric-handbook-photovoltaic-fundamentals-and-applications\/\",\"name\":\"Solar Electric Handbook: Photovoltaic Fundamentals and Applications - Solar Energy International (SEI) - Cursos de Energ\u00eda Solar para la Fuerza Laboral\",\"isPartOf\":{\"@id\":\"https:\/\/seidev.zgtec.com\/es\/#website\"},\"primaryImageOfPage\":{\"@id\":\"https:\/\/seidev.zgtec.com\/es\/tienda\/publicacion\/solar-electric-handbook-photovoltaic-fundamentals-and-applications\/#primaryimage\"},\"image\":{\"@id\":\"https:\/\/seidev.zgtec.com\/es\/tienda\/publicacion\/solar-electric-handbook-photovoltaic-fundamentals-and-applications\/#primaryimage\"},\"thumbnailUrl\":\"https:\/\/seidev.zgtec.com\/wp-content\/uploads\/2014\/10\/handbook.jpg\",\"datePublished\":\"2017-03-03T05:07:17+00:00\",\"dateModified\":\"2023-06-29T21:47:42+00:00\",\"breadcrumb\":{\"@id\":\"https:\/\/seidev.zgtec.com\/es\/tienda\/publicacion\/solar-electric-handbook-photovoltaic-fundamentals-and-applications\/#breadcrumb\"},\"inLanguage\":\"es-CO\",\"potentialAction\":[{\"@type\":\"ReadAction\",\"target\":[\"https:\/\/seidev.zgtec.com\/es\/tienda\/publicacion\/solar-electric-handbook-photovoltaic-fundamentals-and-applications\/\"]}]},{\"@type\":\"ImageObject\",\"inLanguage\":\"es-CO\",\"@id\":\"https:\/\/seidev.zgtec.com\/es\/tienda\/publicacion\/solar-electric-handbook-photovoltaic-fundamentals-and-applications\/#primaryimage\",\"url\":\"https:\/\/seidev.zgtec.com\/wp-content\/uploads\/2014\/10\/handbook.jpg\",\"contentUrl\":\"https:\/\/seidev.zgtec.com\/wp-content\/uploads\/2014\/10\/handbook.jpg\",\"width\":500,\"height\":652},{\"@type\":\"BreadcrumbList\",\"@id\":\"https:\/\/seidev.zgtec.com\/es\/tienda\/publicacion\/solar-electric-handbook-photovoltaic-fundamentals-and-applications\/#breadcrumb\",\"itemListElement\":[{\"@type\":\"ListItem\",\"position\":1,\"name\":\"Home\",\"item\":\"https:\/\/seidev.zgtec.com\/es\/\"},{\"@type\":\"ListItem\",\"position\":2,\"name\":\"Tienda\",\"item\":\"https:\/\/seidev.zgtec.com\/es\/tienda\/\"},{\"@type\":\"ListItem\",\"position\":3,\"name\":\"Solar Electric Handbook: Photovoltaic Fundamentals and Applications\"}]},{\"@type\":\"WebSite\",\"@id\":\"https:\/\/seidev.zgtec.com\/es\/#website\",\"url\":\"https:\/\/seidev.zgtec.com\/es\/\",\"name\":\"Solar Energy International (SEI) - Cursos de Energ\u00eda Solar para la Fuerza Laboral\",\"description\":\"Capacitaci\u00f3n t\u00e9cnica en energ\u00eda solar para aprender a dise\u00f1ar e instalar sistemas fotovoltaicos\",\"publisher\":{\"@id\":\"https:\/\/seidev.zgtec.com\/es\/#organization\"},\"potentialAction\":[{\"@type\":\"SearchAction\",\"target\":{\"@type\":\"EntryPoint\",\"urlTemplate\":\"https:\/\/seidev.zgtec.com\/es\/?s={search_term_string}\"},\"query-input\":{\"@type\":\"PropertyValueSpecification\",\"valueRequired\":true,\"valueName\":\"search_term_string\"}}],\"inLanguage\":\"es-CO\"},{\"@type\":\"Organization\",\"@id\":\"https:\/\/seidev.zgtec.com\/es\/#organization\",\"name\":\"Solar Energy International (SEI)\",\"url\":\"https:\/\/seidev.zgtec.com\/es\/\",\"logo\":{\"@type\":\"ImageObject\",\"inLanguage\":\"es-CO\",\"@id\":\"https:\/\/seidev.zgtec.com\/es\/#\/schema\/logo\/image\/\",\"url\":\"https:\/\/www.solarenergy.org\/wp-content\/uploads\/2018\/12\/SEI_Logo-Vertical-ShortTag-REV_2.png\",\"contentUrl\":\"https:\/\/www.solarenergy.org\/wp-content\/uploads\/2018\/12\/SEI_Logo-Vertical-ShortTag-REV_2.png\",\"width\":1400,\"height\":999,\"caption\":\"Solar Energy International (SEI)\"},\"image\":{\"@id\":\"https:\/\/seidev.zgtec.com\/es\/#\/schema\/logo\/image\/\"},\"sameAs\":[\"https:\/\/www.facebook.com\/solarenergyintl\/\",\"https:\/\/x.com\/solarenergyintl\",\"https:\/\/www.instagram.com\/solar.energy.international\/\",\"https:\/\/www.linkedin.com\/school\/solar-energy-international-sei-\/\",\"https:\/\/www.youtube.com\/channel\/UCqvpjhMwS4BCTAsnOe_ak9w\"]}]}<\/script>\n<!-- \/ Yoast SEO plugin. -->","yoast_head_json":{"title":"Solar Electric Handbook: Photovoltaic Fundamentals and Applications - Solar Energy International (SEI) - Cursos de Energ\u00eda Solar para la Fuerza Laboral","robots":{"index":"index","follow":"follow","max-snippet":"max-snippet:-1","max-image-preview":"max-image-preview:large","max-video-preview":"max-video-preview:-1"},"canonical":"https:\/\/seidev.zgtec.com\/es\/tienda\/publicacion\/solar-electric-handbook-photovoltaic-fundamentals-and-applications\/","og_locale":"es_ES","og_type":"article","og_title":"Solar Electric Handbook: Photovoltaic Fundamentals and Applications - Solar Energy International (SEI) - Cursos de Energ\u00eda Solar para la Fuerza Laboral","og_description":"Esperamos que disfrutes del manual de SEI\u00a0Solar Electric Handbook: Photovoltaic Fundamentals and Applications y que podamos ayudarte a que te conviertas en un experto en tecnolog\u00edas y conceptos de fotovoltaica (FV). Por favor ten en cuenta que el valor de este libro no es reembolsable.  \u00bfEst\u00e1s interesado en la versi\u00f3n Ebook de esta publicaci\u00f3n? Haz clic aqu\u00ed para ver y comprar.  Si vas a comprar 5 o m\u00e1s libros, realiza tu pedido llamando al +1 970-527-7657 opci\u00f3n 8 o enviando un correo electr\u00f3nico a programahispano@solarenergy.org para obtener precios de descuento para pedidos de libros por mayor.  A partir de mediados de enero de 2021, esta publicaci\u00f3n tiene el ISBN 978-1-7363581-0-8 (ISBN-9781256701668 anterior). No ha habido cambios en el contenido del libro con el cambio de ISBN.","og_url":"https:\/\/seidev.zgtec.com\/es\/tienda\/publicacion\/solar-electric-handbook-photovoltaic-fundamentals-and-applications\/","og_site_name":"Solar Energy International (SEI) - Cursos de Energ\u00eda Solar para la Fuerza Laboral","article_publisher":"https:\/\/www.facebook.com\/solarenergyintl\/","article_modified_time":"2023-06-29T21:47:42+00:00","og_image":[{"width":500,"height":652,"url":"https:\/\/seidev.zgtec.com\/wp-content\/uploads\/2014\/10\/handbook.jpg","type":"image\/jpeg"}],"twitter_card":"summary_large_image","twitter_site":"@solarenergyintl","twitter_misc":{"Tiempo estimado de lectura":"3 minutos"},"schema":{"@context":"https:\/\/schema.org","@graph":[{"@type":"WebPage","@id":"https:\/\/seidev.zgtec.com\/es\/tienda\/publicacion\/solar-electric-handbook-photovoltaic-fundamentals-and-applications\/","url":"https:\/\/seidev.zgtec.com\/es\/tienda\/publicacion\/solar-electric-handbook-photovoltaic-fundamentals-and-applications\/","name":"Solar Electric Handbook: Photovoltaic Fundamentals and Applications - Solar Energy International (SEI) - Cursos de Energ\u00eda Solar para la Fuerza Laboral","isPartOf":{"@id":"https:\/\/seidev.zgtec.com\/es\/#website"},"primaryImageOfPage":{"@id":"https:\/\/seidev.zgtec.com\/es\/tienda\/publicacion\/solar-electric-handbook-photovoltaic-fundamentals-and-applications\/#primaryimage"},"image":{"@id":"https:\/\/seidev.zgtec.com\/es\/tienda\/publicacion\/solar-electric-handbook-photovoltaic-fundamentals-and-applications\/#primaryimage"},"thumbnailUrl":"https:\/\/seidev.zgtec.com\/wp-content\/uploads\/2014\/10\/handbook.jpg","datePublished":"2017-03-03T05:07:17+00:00","dateModified":"2023-06-29T21:47:42+00:00","breadcrumb":{"@id":"https:\/\/seidev.zgtec.com\/es\/tienda\/publicacion\/solar-electric-handbook-photovoltaic-fundamentals-and-applications\/#breadcrumb"},"inLanguage":"es-CO","potentialAction":[{"@type":"ReadAction","target":["https:\/\/seidev.zgtec.com\/es\/tienda\/publicacion\/solar-electric-handbook-photovoltaic-fundamentals-and-applications\/"]}]},{"@type":"ImageObject","inLanguage":"es-CO","@id":"https:\/\/seidev.zgtec.com\/es\/tienda\/publicacion\/solar-electric-handbook-photovoltaic-fundamentals-and-applications\/#primaryimage","url":"https:\/\/seidev.zgtec.com\/wp-content\/uploads\/2014\/10\/handbook.jpg","contentUrl":"https:\/\/seidev.zgtec.com\/wp-content\/uploads\/2014\/10\/handbook.jpg","width":500,"height":652},{"@type":"BreadcrumbList","@id":"https:\/\/seidev.zgtec.com\/es\/tienda\/publicacion\/solar-electric-handbook-photovoltaic-fundamentals-and-applications\/#breadcrumb","itemListElement":[{"@type":"ListItem","position":1,"name":"Home","item":"https:\/\/seidev.zgtec.com\/es\/"},{"@type":"ListItem","position":2,"name":"Tienda","item":"https:\/\/seidev.zgtec.com\/es\/tienda\/"},{"@type":"ListItem","position":3,"name":"Solar Electric Handbook: Photovoltaic Fundamentals and Applications"}]},{"@type":"WebSite","@id":"https:\/\/seidev.zgtec.com\/es\/#website","url":"https:\/\/seidev.zgtec.com\/es\/","name":"Solar Energy International (SEI) - Cursos de Energ\u00eda Solar para la Fuerza Laboral","description":"Capacitaci\u00f3n t\u00e9cnica en energ\u00eda solar para aprender a dise\u00f1ar e instalar sistemas fotovoltaicos","publisher":{"@id":"https:\/\/seidev.zgtec.com\/es\/#organization"},"potentialAction":[{"@type":"SearchAction","target":{"@type":"EntryPoint","urlTemplate":"https:\/\/seidev.zgtec.com\/es\/?s={search_term_string}"},"query-input":{"@type":"PropertyValueSpecification","valueRequired":true,"valueName":"search_term_string"}}],"inLanguage":"es-CO"},{"@type":"Organization","@id":"https:\/\/seidev.zgtec.com\/es\/#organization","name":"Solar Energy International (SEI)","url":"https:\/\/seidev.zgtec.com\/es\/","logo":{"@type":"ImageObject","inLanguage":"es-CO","@id":"https:\/\/seidev.zgtec.com\/es\/#\/schema\/logo\/image\/","url":"https:\/\/www.solarenergy.org\/wp-content\/uploads\/2018\/12\/SEI_Logo-Vertical-ShortTag-REV_2.png","contentUrl":"https:\/\/www.solarenergy.org\/wp-content\/uploads\/2018\/12\/SEI_Logo-Vertical-ShortTag-REV_2.png","width":1400,"height":999,"caption":"Solar Energy International (SEI)"},"image":{"@id":"https:\/\/seidev.zgtec.com\/es\/#\/schema\/logo\/image\/"},"sameAs":["https:\/\/www.facebook.com\/solarenergyintl\/","https:\/\/x.com\/solarenergyintl","https:\/\/www.instagram.com\/solar.energy.international\/","https:\/\/www.linkedin.com\/school\/solar-energy-international-sei-\/","https:\/\/www.youtube.com\/channel\/UCqvpjhMwS4BCTAsnOe_ak9w"]}]}},"_links":{"self":[{"href":"https:\/\/seidev.zgtec.com\/es\/wp-json\/wp\/v2\/product\/15526","targetHints":{"allow":["GET"]}}],"collection":[{"href":"https:\/\/seidev.zgtec.com\/es\/wp-json\/wp\/v2\/product"}],"about":[{"href":"https:\/\/seidev.zgtec.com\/es\/wp-json\/wp\/v2\/types\/product"}],"replies":[{"embeddable":true,"href":"https:\/\/seidev.zgtec.com\/es\/wp-json\/wp\/v2\/comments?post=15526"}],"wp:featuredmedia":[{"embeddable":true,"href":"https:\/\/seidev.zgtec.com\/es\/wp-json\/wp\/v2\/media\/6101"}],"wp:attachment":[{"href":"https:\/\/seidev.zgtec.com\/es\/wp-json\/wp\/v2\/media?parent=15526"}],"wp:term":[{"taxonomy":"product_brand","embeddable":true,"href":"https:\/\/seidev.zgtec.com\/es\/wp-json\/wp\/v2\/product_brand?post=15526"},{"taxonomy":"product_cat","embeddable":true,"href":"https:\/\/seidev.zgtec.com\/es\/wp-json\/wp\/v2\/product_cat?post=15526"},{"taxonomy":"product_tag","embeddable":true,"href":"https:\/\/seidev.zgtec.com\/es\/wp-json\/wp\/v2\/product_tag?post=15526"}],"curies":[{"name":"wp","href":"https:\/\/api.w.org\/{rel}","templated":true}]}}