{"id":17615,"date":"2018-05-24T20:03:07","date_gmt":"2018-05-24T20:03:07","guid":{"rendered":"https:\/\/www.solarenergy.org\/es\/?post_type=product&#038;p=17615"},"modified":"2021-01-20T14:10:14","modified_gmt":"2021-01-20T21:10:14","slug":"guantes-seguridad","status":"publish","type":"product","link":"https:\/\/seidev.zgtec.com\/es\/tienda\/mercancias-2\/guantes-seguridad\/","title":{"rendered":"Guantes De Seguridad"},"content":{"rendered":"","protected":false},"excerpt":{"rendered":"<p>Mant\u00e9n tus manos a salvo mientras muestras tu orgullo por SEI ya sea practicando en los laboratorio de SEI de Paonia, Colorado o de Costa Rica, o instalando en un sitio de trabajo. De tela tejida negra transpirable con palmas texturadas, perforadas y resistentes a la abrasi\u00f3n, estos guantes mantendr\u00e1n tus manos limpias y libres de cortes todo el tiempo.<\/p>\n","protected":false},"featured_media":17604,"comment_status":"closed","ping_status":"closed","template":"","meta":{"_acf_changed":false,"give_campaign_id":0,"content-type":"","_price":"15.99","_stock":"","_tribe_ticket_header":"","_tribe_default_ticket_provider":"","_tribe_ticket_capacity":"0","_ticket_start_date":"","_ticket_end_date":"","_tribe_ticket_show_description":"","_tribe_ticket_show_not_going":false,"_tribe_ticket_use_global_stock":"","_tribe_ticket_global_stock_level":"","_global_stock_mode":"","_global_stock_cap":"","_tribe_rsvp_for_event":"","_tribe_ticket_going_count":"","_tribe_ticket_not_going_count":"","_tribe_tickets_list":"[]","_tribe_ticket_has_attendee_info_fields":false,"_tec_slr_enabled":"","_tec_slr_layout":""},"product_brand":[],"product_cat":[157],"product_tag":[],"class_list":{"0":"post-17615","1":"product","2":"type-product","3":"status-publish","4":"has-post-thumbnail","6":"product_cat-mercancias-2","7":"product_shipping_class-merchandise-small","9":"first","10":"instock","11":"taxable","12":"shipping-taxable","13":"purchasable","14":"product-type-simple"},"composite_virtual":false,"composite_layout":"","composite_add_to_cart_form_location":"","composite_editable_in_cart":false,"composite_sold_individually_context":"","composite_shop_price_calc":"","composite_components":[],"composite_scenarios":[],"acf":[],"yoast_head":"<!-- This site is optimized with the Yoast SEO plugin v27.2 - https:\/\/yoast.com\/product\/yoast-seo-wordpress\/ -->\n<title>Guantes De Seguridad - Solar Energy International (SEI) - Cursos de Energ\u00eda Solar para la Fuerza Laboral<\/title>\n<meta name=\"robots\" content=\"index, follow, max-snippet:-1, max-image-preview:large, max-video-preview:-1\" \/>\n<link rel=\"canonical\" href=\"https:\/\/seidev.zgtec.com\/es\/tienda\/mercancias-2\/guantes-seguridad\/\" \/>\n<meta property=\"og:locale\" content=\"es_ES\" \/>\n<meta property=\"og:type\" content=\"article\" \/>\n<meta property=\"og:title\" content=\"Guantes De Seguridad - Solar Energy International (SEI) - Cursos de Energ\u00eda Solar para la Fuerza Laboral\" \/>\n<meta property=\"og:description\" content=\"Mant\u00e9n tus manos a salvo mientras muestras tu orgullo por SEI ya sea practicando en los laboratorio de SEI de Paonia, Colorado o de Costa Rica, o instalando en un sitio de trabajo. De tela tejida negra transpirable con palmas texturadas, perforadas y resistentes a la abrasi\u00f3n, estos guantes mantendr\u00e1n tus manos limpias y libres de cortes todo el tiempo.\" \/>\n<meta property=\"og:url\" content=\"https:\/\/seidev.zgtec.com\/es\/tienda\/mercancias-2\/guantes-seguridad\/\" \/>\n<meta property=\"og:site_name\" content=\"Solar Energy International (SEI) - Cursos de Energ\u00eda Solar para la Fuerza Laboral\" \/>\n<meta property=\"article:publisher\" content=\"https:\/\/www.facebook.com\/solarenergyintl\/\" \/>\n<meta property=\"article:modified_time\" content=\"2021-01-20T21:10:14+00:00\" \/>\n<meta property=\"og:image\" content=\"http:\/\/seidev.zgtec.com\/wp-content\/uploads\/2015\/02\/IMG_6456@03x.jpeg\" \/>\n\t<meta property=\"og:image:width\" content=\"907\" \/>\n\t<meta property=\"og:image:height\" content=\"1210\" \/>\n\t<meta property=\"og:image:type\" content=\"image\/jpeg\" \/>\n<meta name=\"twitter:card\" content=\"summary_large_image\" \/>\n<meta name=\"twitter:site\" content=\"@solarenergyintl\" \/>\n<script type=\"application\/ld+json\" class=\"yoast-schema-graph\">{\"@context\":\"https:\/\/schema.org\",\"@graph\":[{\"@type\":\"WebPage\",\"@id\":\"https:\/\/seidev.zgtec.com\/es\/tienda\/mercancias-2\/guantes-seguridad\/\",\"url\":\"https:\/\/seidev.zgtec.com\/es\/tienda\/mercancias-2\/guantes-seguridad\/\",\"name\":\"Guantes De Seguridad - Solar Energy International (SEI) - Cursos de Energ\u00eda Solar para la Fuerza Laboral\",\"isPartOf\":{\"@id\":\"https:\/\/seidev.zgtec.com\/es\/#website\"},\"primaryImageOfPage\":{\"@id\":\"https:\/\/seidev.zgtec.com\/es\/tienda\/mercancias-2\/guantes-seguridad\/#primaryimage\"},\"image\":{\"@id\":\"https:\/\/seidev.zgtec.com\/es\/tienda\/mercancias-2\/guantes-seguridad\/#primaryimage\"},\"thumbnailUrl\":\"https:\/\/seidev.zgtec.com\/wp-content\/uploads\/2015\/02\/IMG_6456@03x.jpeg\",\"datePublished\":\"2018-05-24T20:03:07+00:00\",\"dateModified\":\"2021-01-20T21:10:14+00:00\",\"breadcrumb\":{\"@id\":\"https:\/\/seidev.zgtec.com\/es\/tienda\/mercancias-2\/guantes-seguridad\/#breadcrumb\"},\"inLanguage\":\"es-CO\",\"potentialAction\":[{\"@type\":\"ReadAction\",\"target\":[\"https:\/\/seidev.zgtec.com\/es\/tienda\/mercancias-2\/guantes-seguridad\/\"]}]},{\"@type\":\"ImageObject\",\"inLanguage\":\"es-CO\",\"@id\":\"https:\/\/seidev.zgtec.com\/es\/tienda\/mercancias-2\/guantes-seguridad\/#primaryimage\",\"url\":\"https:\/\/seidev.zgtec.com\/wp-content\/uploads\/2015\/02\/IMG_6456@03x.jpeg\",\"contentUrl\":\"https:\/\/seidev.zgtec.com\/wp-content\/uploads\/2015\/02\/IMG_6456@03x.jpeg\",\"width\":907,\"height\":1210},{\"@type\":\"BreadcrumbList\",\"@id\":\"https:\/\/seidev.zgtec.com\/es\/tienda\/mercancias-2\/guantes-seguridad\/#breadcrumb\",\"itemListElement\":[{\"@type\":\"ListItem\",\"position\":1,\"name\":\"Home\",\"item\":\"https:\/\/seidev.zgtec.com\/es\/\"},{\"@type\":\"ListItem\",\"position\":2,\"name\":\"Tienda\",\"item\":\"https:\/\/seidev.zgtec.com\/es\/tienda\/\"},{\"@type\":\"ListItem\",\"position\":3,\"name\":\"Guantes De Seguridad\"}]},{\"@type\":\"WebSite\",\"@id\":\"https:\/\/seidev.zgtec.com\/es\/#website\",\"url\":\"https:\/\/seidev.zgtec.com\/es\/\",\"name\":\"Solar Energy International (SEI) - Cursos de Energ\u00eda Solar para la Fuerza Laboral\",\"description\":\"Capacitaci\u00f3n t\u00e9cnica en energ\u00eda solar para aprender a dise\u00f1ar e instalar sistemas fotovoltaicos\",\"publisher\":{\"@id\":\"https:\/\/seidev.zgtec.com\/es\/#organization\"},\"potentialAction\":[{\"@type\":\"SearchAction\",\"target\":{\"@type\":\"EntryPoint\",\"urlTemplate\":\"https:\/\/seidev.zgtec.com\/es\/?s={search_term_string}\"},\"query-input\":{\"@type\":\"PropertyValueSpecification\",\"valueRequired\":true,\"valueName\":\"search_term_string\"}}],\"inLanguage\":\"es-CO\"},{\"@type\":\"Organization\",\"@id\":\"https:\/\/seidev.zgtec.com\/es\/#organization\",\"name\":\"Solar Energy International (SEI)\",\"url\":\"https:\/\/seidev.zgtec.com\/es\/\",\"logo\":{\"@type\":\"ImageObject\",\"inLanguage\":\"es-CO\",\"@id\":\"https:\/\/seidev.zgtec.com\/es\/#\/schema\/logo\/image\/\",\"url\":\"https:\/\/www.solarenergy.org\/wp-content\/uploads\/2018\/12\/SEI_Logo-Vertical-ShortTag-REV_2.png\",\"contentUrl\":\"https:\/\/www.solarenergy.org\/wp-content\/uploads\/2018\/12\/SEI_Logo-Vertical-ShortTag-REV_2.png\",\"width\":1400,\"height\":999,\"caption\":\"Solar Energy International (SEI)\"},\"image\":{\"@id\":\"https:\/\/seidev.zgtec.com\/es\/#\/schema\/logo\/image\/\"},\"sameAs\":[\"https:\/\/www.facebook.com\/solarenergyintl\/\",\"https:\/\/x.com\/solarenergyintl\",\"https:\/\/www.instagram.com\/solar.energy.international\/\",\"https:\/\/www.linkedin.com\/school\/solar-energy-international-sei-\/\",\"https:\/\/www.youtube.com\/channel\/UCqvpjhMwS4BCTAsnOe_ak9w\"]}]}<\/script>\n<!-- \/ Yoast SEO plugin. -->","yoast_head_json":{"title":"Guantes De Seguridad - Solar Energy International (SEI) - Cursos de Energ\u00eda Solar para la Fuerza Laboral","robots":{"index":"index","follow":"follow","max-snippet":"max-snippet:-1","max-image-preview":"max-image-preview:large","max-video-preview":"max-video-preview:-1"},"canonical":"https:\/\/seidev.zgtec.com\/es\/tienda\/mercancias-2\/guantes-seguridad\/","og_locale":"es_ES","og_type":"article","og_title":"Guantes De Seguridad - Solar Energy International (SEI) - Cursos de Energ\u00eda Solar para la Fuerza Laboral","og_description":"Mant\u00e9n tus manos a salvo mientras muestras tu orgullo por SEI ya sea practicando en los laboratorio de SEI de Paonia, Colorado o de Costa Rica, o instalando en un sitio de trabajo. De tela tejida negra transpirable con palmas texturadas, perforadas y resistentes a la abrasi\u00f3n, estos guantes mantendr\u00e1n tus manos limpias y libres de cortes todo el tiempo.","og_url":"https:\/\/seidev.zgtec.com\/es\/tienda\/mercancias-2\/guantes-seguridad\/","og_site_name":"Solar Energy International (SEI) - Cursos de Energ\u00eda Solar para la Fuerza Laboral","article_publisher":"https:\/\/www.facebook.com\/solarenergyintl\/","article_modified_time":"2021-01-20T21:10:14+00:00","og_image":[{"width":907,"height":1210,"url":"http:\/\/seidev.zgtec.com\/wp-content\/uploads\/2015\/02\/IMG_6456@03x.jpeg","type":"image\/jpeg"}],"twitter_card":"summary_large_image","twitter_site":"@solarenergyintl","schema":{"@context":"https:\/\/schema.org","@graph":[{"@type":"WebPage","@id":"https:\/\/seidev.zgtec.com\/es\/tienda\/mercancias-2\/guantes-seguridad\/","url":"https:\/\/seidev.zgtec.com\/es\/tienda\/mercancias-2\/guantes-seguridad\/","name":"Guantes De Seguridad - Solar Energy International (SEI) - Cursos de Energ\u00eda Solar para la Fuerza Laboral","isPartOf":{"@id":"https:\/\/seidev.zgtec.com\/es\/#website"},"primaryImageOfPage":{"@id":"https:\/\/seidev.zgtec.com\/es\/tienda\/mercancias-2\/guantes-seguridad\/#primaryimage"},"image":{"@id":"https:\/\/seidev.zgtec.com\/es\/tienda\/mercancias-2\/guantes-seguridad\/#primaryimage"},"thumbnailUrl":"https:\/\/seidev.zgtec.com\/wp-content\/uploads\/2015\/02\/IMG_6456@03x.jpeg","datePublished":"2018-05-24T20:03:07+00:00","dateModified":"2021-01-20T21:10:14+00:00","breadcrumb":{"@id":"https:\/\/seidev.zgtec.com\/es\/tienda\/mercancias-2\/guantes-seguridad\/#breadcrumb"},"inLanguage":"es-CO","potentialAction":[{"@type":"ReadAction","target":["https:\/\/seidev.zgtec.com\/es\/tienda\/mercancias-2\/guantes-seguridad\/"]}]},{"@type":"ImageObject","inLanguage":"es-CO","@id":"https:\/\/seidev.zgtec.com\/es\/tienda\/mercancias-2\/guantes-seguridad\/#primaryimage","url":"https:\/\/seidev.zgtec.com\/wp-content\/uploads\/2015\/02\/IMG_6456@03x.jpeg","contentUrl":"https:\/\/seidev.zgtec.com\/wp-content\/uploads\/2015\/02\/IMG_6456@03x.jpeg","width":907,"height":1210},{"@type":"BreadcrumbList","@id":"https:\/\/seidev.zgtec.com\/es\/tienda\/mercancias-2\/guantes-seguridad\/#breadcrumb","itemListElement":[{"@type":"ListItem","position":1,"name":"Home","item":"https:\/\/seidev.zgtec.com\/es\/"},{"@type":"ListItem","position":2,"name":"Tienda","item":"https:\/\/seidev.zgtec.com\/es\/tienda\/"},{"@type":"ListItem","position":3,"name":"Guantes De Seguridad"}]},{"@type":"WebSite","@id":"https:\/\/seidev.zgtec.com\/es\/#website","url":"https:\/\/seidev.zgtec.com\/es\/","name":"Solar Energy International (SEI) - Cursos de Energ\u00eda Solar para la Fuerza Laboral","description":"Capacitaci\u00f3n t\u00e9cnica en energ\u00eda solar para aprender a dise\u00f1ar e instalar sistemas fotovoltaicos","publisher":{"@id":"https:\/\/seidev.zgtec.com\/es\/#organization"},"potentialAction":[{"@type":"SearchAction","target":{"@type":"EntryPoint","urlTemplate":"https:\/\/seidev.zgtec.com\/es\/?s={search_term_string}"},"query-input":{"@type":"PropertyValueSpecification","valueRequired":true,"valueName":"search_term_string"}}],"inLanguage":"es-CO"},{"@type":"Organization","@id":"https:\/\/seidev.zgtec.com\/es\/#organization","name":"Solar Energy International (SEI)","url":"https:\/\/seidev.zgtec.com\/es\/","logo":{"@type":"ImageObject","inLanguage":"es-CO","@id":"https:\/\/seidev.zgtec.com\/es\/#\/schema\/logo\/image\/","url":"https:\/\/www.solarenergy.org\/wp-content\/uploads\/2018\/12\/SEI_Logo-Vertical-ShortTag-REV_2.png","contentUrl":"https:\/\/www.solarenergy.org\/wp-content\/uploads\/2018\/12\/SEI_Logo-Vertical-ShortTag-REV_2.png","width":1400,"height":999,"caption":"Solar Energy International (SEI)"},"image":{"@id":"https:\/\/seidev.zgtec.com\/es\/#\/schema\/logo\/image\/"},"sameAs":["https:\/\/www.facebook.com\/solarenergyintl\/","https:\/\/x.com\/solarenergyintl","https:\/\/www.instagram.com\/solar.energy.international\/","https:\/\/www.linkedin.com\/school\/solar-energy-international-sei-\/","https:\/\/www.youtube.com\/channel\/UCqvpjhMwS4BCTAsnOe_ak9w"]}]}},"_links":{"self":[{"href":"https:\/\/seidev.zgtec.com\/es\/wp-json\/wp\/v2\/product\/17615","targetHints":{"allow":["GET"]}}],"collection":[{"href":"https:\/\/seidev.zgtec.com\/es\/wp-json\/wp\/v2\/product"}],"about":[{"href":"https:\/\/seidev.zgtec.com\/es\/wp-json\/wp\/v2\/types\/product"}],"replies":[{"embeddable":true,"href":"https:\/\/seidev.zgtec.com\/es\/wp-json\/wp\/v2\/comments?post=17615"}],"wp:featuredmedia":[{"embeddable":true,"href":"https:\/\/seidev.zgtec.com\/es\/wp-json\/wp\/v2\/media\/17604"}],"wp:attachment":[{"href":"https:\/\/seidev.zgtec.com\/es\/wp-json\/wp\/v2\/media?parent=17615"}],"wp:term":[{"taxonomy":"product_brand","embeddable":true,"href":"https:\/\/seidev.zgtec.com\/es\/wp-json\/wp\/v2\/product_brand?post=17615"},{"taxonomy":"product_cat","embeddable":true,"href":"https:\/\/seidev.zgtec.com\/es\/wp-json\/wp\/v2\/product_cat?post=17615"},{"taxonomy":"product_tag","embeddable":true,"href":"https:\/\/seidev.zgtec.com\/es\/wp-json\/wp\/v2\/product_tag?post=17615"}],"curies":[{"name":"wp","href":"https:\/\/api.w.org\/{rel}","templated":true}]}}