{"id":17618,"date":"2018-05-24T20:05:45","date_gmt":"2018-05-24T20:05:45","guid":{"rendered":"https:\/\/www.solarenergy.org\/es\/?post_type=product&#038;p=17618"},"modified":"2021-01-20T14:10:12","modified_gmt":"2021-01-20T21:10:12","slug":"camiseta-aventura-solar","status":"publish","type":"product","link":"https:\/\/seidev.zgtec.com\/es\/tienda\/mercancias-2\/camiseta-aventura-solar\/","title":{"rendered":"Camiseta Aventura Solar"},"content":{"rendered":"<p>De todas las camisetas que hemos ofrecido, esta es la que est\u00e1 m\u00e1s cerca de nuestros corazones. Recientemente perdimos a un querido amigo y un incre\u00edble Instructor de SEI, Mike Sullivan. El dise\u00f1o art\u00edstico de esta camiseta fue creado por la hija de Mike, Sherri Sullivan. Comprando esta camiseta no solo demostrar\u00e1s que est\u00e1s viviendo tu aventura solar, sino que tambi\u00e9n est\u00e1s honrando a alguien que vivi\u00f3 su vida diaria como una aventura solar.<\/p>\n<p>Mike era una leyenda viviente en SEI por la forma en que vivi\u00f3 sus 54 a\u00f1os de vida. Cuando no estaba ense\u00f1ando clases de energ\u00eda solar, viajaba por todo el mundo trabajando en proyectos solares para personas que no ten\u00edan electricidad. O estaba escalando y aventur\u00e1ndose en algunos de los lugares m\u00e1s remotos y bellos de la tierra y compartiendo sus incre\u00edbles fotos con nosotros en las redes sociales.<\/p>\n<p>Cuando se present\u00f3 en las clases, dijo que cuando hablaba de \u201cTacoma, era su cami\u00f3n, no Washington\u201d. Est\u00e1bamos emocionados cuando abri\u00f3 una casilla postal y consigui\u00f3 una unidad de almacenamiento en Paonia, la sede de SEI, porque significaba que SEI ser\u00eda su base. Era ingeniero de formaci\u00f3n, e incluso trabaj\u00f3 durante unos a\u00f1os detr\u00e1s del escritorio antes de ingresar a la energ\u00eda solar y a la pasi\u00f3n de su vida. Meticuloso y singular en su enfoque, no nos sorprendi\u00f3 cuando recientemente supimos que hab\u00eda le\u00eddo el diccionario completo cuando ten\u00eda 5 a\u00f1os.<\/p>\n<p>Las historias acerca de \u00e9l no dejan de llegar por parte de otros instructores y amigos de la industria. Desde quedarse en ropa interior para cruzar un r\u00edo en Bolivia mientras transporta equipos fotovoltaicos, amarrar un calentador de agua a su espalda y esquiar por una empinada monta\u00f1a para llevarlo a la caba\u00f1a de un amigo sin conexi\u00f3n a la red, hasta despertar a cada ma\u00f1ana a las 4 a. m. antes de dar una clase para poder trepar a un \u00e1rbol o hacer una caminata.<\/p>\n","protected":false},"excerpt":{"rendered":"<p>De todas las camisetas que hemos ofrecido, esta es la que est\u00e1 m\u00e1s cerca de nuestros corazones. Recientemente perdimos a un querido amigo y un incre\u00edble Instructor de SEI, Mike Sullivan. El dise\u00f1o art\u00edstico de esta camiseta fue creado por la hija de Mike, Sherri Sullivan. Comprando esta camiseta no solo demostrar\u00e1s que est\u00e1s viviendo tu aventura solar, sino que tambi\u00e9n est\u00e1s honrando a alguien que vivi\u00f3 su vida diaria como una aventura solar.<\/p>\n","protected":false},"featured_media":17700,"comment_status":"closed","ping_status":"closed","template":"","meta":{"_acf_changed":false,"give_campaign_id":0,"content-type":"","_price":"30.00","_stock":null,"_tribe_ticket_header":"","_tribe_default_ticket_provider":"","_tribe_ticket_capacity":"1","_ticket_start_date":"","_ticket_end_date":"","_tribe_ticket_show_description":"","_tribe_ticket_show_not_going":false,"_tribe_ticket_use_global_stock":"","_tribe_ticket_global_stock_level":"","_global_stock_mode":"","_global_stock_cap":"","_tribe_rsvp_for_event":"","_tribe_ticket_going_count":"","_tribe_ticket_not_going_count":"","_tribe_tickets_list":"[]","_tribe_ticket_has_attendee_info_fields":false,"_tec_slr_enabled":"","_tec_slr_layout":""},"product_brand":[],"product_cat":[157],"product_tag":[],"class_list":{"0":"post-17618","1":"product","2":"type-product","3":"status-publish","4":"has-post-thumbnail","6":"product_cat-mercancias-2","7":"product_shipping_class-merchandise","9":"first","10":"instock","11":"taxable","12":"shipping-taxable","13":"purchasable","14":"product-type-simple"},"composite_virtual":false,"composite_layout":"","composite_add_to_cart_form_location":"","composite_editable_in_cart":false,"composite_sold_individually_context":"","composite_shop_price_calc":"","composite_components":[],"composite_scenarios":[],"acf":[],"yoast_head":"<!-- This site is optimized with the Yoast SEO plugin v27.2 - https:\/\/yoast.com\/product\/yoast-seo-wordpress\/ -->\n<title>Camiseta Aventura Solar - Solar Energy International (SEI) - Cursos de Energ\u00eda Solar para la Fuerza Laboral<\/title>\n<meta name=\"robots\" content=\"index, follow, max-snippet:-1, max-image-preview:large, max-video-preview:-1\" \/>\n<link rel=\"canonical\" href=\"https:\/\/seidev.zgtec.com\/es\/tienda\/mercancias-2\/camiseta-aventura-solar\/\" \/>\n<meta property=\"og:locale\" content=\"es_ES\" \/>\n<meta property=\"og:type\" content=\"article\" \/>\n<meta property=\"og:title\" content=\"Camiseta Aventura Solar - Solar Energy International (SEI) - Cursos de Energ\u00eda Solar para la Fuerza Laboral\" \/>\n<meta property=\"og:description\" content=\"De todas las camisetas que hemos ofrecido, esta es la que est\u00e1 m\u00e1s cerca de nuestros corazones. Recientemente perdimos a un querido amigo y un incre\u00edble Instructor de SEI, Mike Sullivan. El dise\u00f1o art\u00edstico de esta camiseta fue creado por la hija de Mike, Sherri Sullivan. Comprando esta camiseta no solo demostrar\u00e1s que est\u00e1s viviendo tu aventura solar, sino que tambi\u00e9n est\u00e1s honrando a alguien que vivi\u00f3 su vida diaria como una aventura solar.\" \/>\n<meta property=\"og:url\" content=\"https:\/\/seidev.zgtec.com\/es\/tienda\/mercancias-2\/camiseta-aventura-solar\/\" \/>\n<meta property=\"og:site_name\" content=\"Solar Energy International (SEI) - Cursos de Energ\u00eda Solar para la Fuerza Laboral\" \/>\n<meta property=\"article:publisher\" content=\"https:\/\/www.facebook.com\/solarenergyintl\/\" \/>\n<meta property=\"article:modified_time\" content=\"2021-01-20T21:10:12+00:00\" \/>\n<meta property=\"og:image\" content=\"https:\/\/seidev.zgtec.com\/wp-content\/uploads\/2018\/05\/IMG_6502@03x.jpeg\" \/>\n\t<meta property=\"og:image:width\" content=\"907\" \/>\n\t<meta property=\"og:image:height\" content=\"1210\" \/>\n\t<meta property=\"og:image:type\" content=\"image\/jpeg\" \/>\n<meta name=\"twitter:card\" content=\"summary_large_image\" \/>\n<meta name=\"twitter:site\" content=\"@solarenergyintl\" \/>\n<meta name=\"twitter:label1\" content=\"Tiempo estimado de lectura\" \/>\n\t<meta name=\"twitter:data1\" content=\"2 minutos\" \/>\n<script type=\"application\/ld+json\" class=\"yoast-schema-graph\">{\"@context\":\"https:\/\/schema.org\",\"@graph\":[{\"@type\":\"WebPage\",\"@id\":\"https:\/\/seidev.zgtec.com\/es\/tienda\/mercancias-2\/camiseta-aventura-solar\/\",\"url\":\"https:\/\/seidev.zgtec.com\/es\/tienda\/mercancias-2\/camiseta-aventura-solar\/\",\"name\":\"Camiseta Aventura Solar - Solar Energy International (SEI) - Cursos de Energ\u00eda Solar para la Fuerza Laboral\",\"isPartOf\":{\"@id\":\"https:\/\/seidev.zgtec.com\/es\/#website\"},\"primaryImageOfPage\":{\"@id\":\"https:\/\/seidev.zgtec.com\/es\/tienda\/mercancias-2\/camiseta-aventura-solar\/#primaryimage\"},\"image\":{\"@id\":\"https:\/\/seidev.zgtec.com\/es\/tienda\/mercancias-2\/camiseta-aventura-solar\/#primaryimage\"},\"thumbnailUrl\":\"https:\/\/seidev.zgtec.com\/wp-content\/uploads\/2018\/05\/IMG_6502@03x.jpeg\",\"datePublished\":\"2018-05-24T20:05:45+00:00\",\"dateModified\":\"2021-01-20T21:10:12+00:00\",\"breadcrumb\":{\"@id\":\"https:\/\/seidev.zgtec.com\/es\/tienda\/mercancias-2\/camiseta-aventura-solar\/#breadcrumb\"},\"inLanguage\":\"es-CO\",\"potentialAction\":[{\"@type\":\"ReadAction\",\"target\":[\"https:\/\/seidev.zgtec.com\/es\/tienda\/mercancias-2\/camiseta-aventura-solar\/\"]}]},{\"@type\":\"ImageObject\",\"inLanguage\":\"es-CO\",\"@id\":\"https:\/\/seidev.zgtec.com\/es\/tienda\/mercancias-2\/camiseta-aventura-solar\/#primaryimage\",\"url\":\"https:\/\/seidev.zgtec.com\/wp-content\/uploads\/2018\/05\/IMG_6502@03x.jpeg\",\"contentUrl\":\"https:\/\/seidev.zgtec.com\/wp-content\/uploads\/2018\/05\/IMG_6502@03x.jpeg\",\"width\":907,\"height\":1210},{\"@type\":\"BreadcrumbList\",\"@id\":\"https:\/\/seidev.zgtec.com\/es\/tienda\/mercancias-2\/camiseta-aventura-solar\/#breadcrumb\",\"itemListElement\":[{\"@type\":\"ListItem\",\"position\":1,\"name\":\"Home\",\"item\":\"https:\/\/seidev.zgtec.com\/es\/\"},{\"@type\":\"ListItem\",\"position\":2,\"name\":\"Tienda\",\"item\":\"https:\/\/seidev.zgtec.com\/es\/tienda\/\"},{\"@type\":\"ListItem\",\"position\":3,\"name\":\"Camiseta Aventura Solar\"}]},{\"@type\":\"WebSite\",\"@id\":\"https:\/\/seidev.zgtec.com\/es\/#website\",\"url\":\"https:\/\/seidev.zgtec.com\/es\/\",\"name\":\"Solar Energy International (SEI) - Cursos de Energ\u00eda Solar para la Fuerza Laboral\",\"description\":\"Capacitaci\u00f3n t\u00e9cnica en energ\u00eda solar para aprender a dise\u00f1ar e instalar sistemas fotovoltaicos\",\"publisher\":{\"@id\":\"https:\/\/seidev.zgtec.com\/es\/#organization\"},\"potentialAction\":[{\"@type\":\"SearchAction\",\"target\":{\"@type\":\"EntryPoint\",\"urlTemplate\":\"https:\/\/seidev.zgtec.com\/es\/?s={search_term_string}\"},\"query-input\":{\"@type\":\"PropertyValueSpecification\",\"valueRequired\":true,\"valueName\":\"search_term_string\"}}],\"inLanguage\":\"es-CO\"},{\"@type\":\"Organization\",\"@id\":\"https:\/\/seidev.zgtec.com\/es\/#organization\",\"name\":\"Solar Energy International (SEI)\",\"url\":\"https:\/\/seidev.zgtec.com\/es\/\",\"logo\":{\"@type\":\"ImageObject\",\"inLanguage\":\"es-CO\",\"@id\":\"https:\/\/seidev.zgtec.com\/es\/#\/schema\/logo\/image\/\",\"url\":\"https:\/\/www.solarenergy.org\/wp-content\/uploads\/2018\/12\/SEI_Logo-Vertical-ShortTag-REV_2.png\",\"contentUrl\":\"https:\/\/www.solarenergy.org\/wp-content\/uploads\/2018\/12\/SEI_Logo-Vertical-ShortTag-REV_2.png\",\"width\":1400,\"height\":999,\"caption\":\"Solar Energy International (SEI)\"},\"image\":{\"@id\":\"https:\/\/seidev.zgtec.com\/es\/#\/schema\/logo\/image\/\"},\"sameAs\":[\"https:\/\/www.facebook.com\/solarenergyintl\/\",\"https:\/\/x.com\/solarenergyintl\",\"https:\/\/www.instagram.com\/solar.energy.international\/\",\"https:\/\/www.linkedin.com\/school\/solar-energy-international-sei-\/\",\"https:\/\/www.youtube.com\/channel\/UCqvpjhMwS4BCTAsnOe_ak9w\"]}]}<\/script>\n<!-- \/ Yoast SEO plugin. -->","yoast_head_json":{"title":"Camiseta Aventura Solar - Solar Energy International (SEI) - Cursos de Energ\u00eda Solar para la Fuerza Laboral","robots":{"index":"index","follow":"follow","max-snippet":"max-snippet:-1","max-image-preview":"max-image-preview:large","max-video-preview":"max-video-preview:-1"},"canonical":"https:\/\/seidev.zgtec.com\/es\/tienda\/mercancias-2\/camiseta-aventura-solar\/","og_locale":"es_ES","og_type":"article","og_title":"Camiseta Aventura Solar - Solar Energy International (SEI) - Cursos de Energ\u00eda Solar para la Fuerza Laboral","og_description":"De todas las camisetas que hemos ofrecido, esta es la que est\u00e1 m\u00e1s cerca de nuestros corazones. Recientemente perdimos a un querido amigo y un incre\u00edble Instructor de SEI, Mike Sullivan. El dise\u00f1o art\u00edstico de esta camiseta fue creado por la hija de Mike, Sherri Sullivan. Comprando esta camiseta no solo demostrar\u00e1s que est\u00e1s viviendo tu aventura solar, sino que tambi\u00e9n est\u00e1s honrando a alguien que vivi\u00f3 su vida diaria como una aventura solar.","og_url":"https:\/\/seidev.zgtec.com\/es\/tienda\/mercancias-2\/camiseta-aventura-solar\/","og_site_name":"Solar Energy International (SEI) - Cursos de Energ\u00eda Solar para la Fuerza Laboral","article_publisher":"https:\/\/www.facebook.com\/solarenergyintl\/","article_modified_time":"2021-01-20T21:10:12+00:00","og_image":[{"width":907,"height":1210,"url":"https:\/\/seidev.zgtec.com\/wp-content\/uploads\/2018\/05\/IMG_6502@03x.jpeg","type":"image\/jpeg"}],"twitter_card":"summary_large_image","twitter_site":"@solarenergyintl","twitter_misc":{"Tiempo estimado de lectura":"2 minutos"},"schema":{"@context":"https:\/\/schema.org","@graph":[{"@type":"WebPage","@id":"https:\/\/seidev.zgtec.com\/es\/tienda\/mercancias-2\/camiseta-aventura-solar\/","url":"https:\/\/seidev.zgtec.com\/es\/tienda\/mercancias-2\/camiseta-aventura-solar\/","name":"Camiseta Aventura Solar - Solar Energy International (SEI) - Cursos de Energ\u00eda Solar para la Fuerza Laboral","isPartOf":{"@id":"https:\/\/seidev.zgtec.com\/es\/#website"},"primaryImageOfPage":{"@id":"https:\/\/seidev.zgtec.com\/es\/tienda\/mercancias-2\/camiseta-aventura-solar\/#primaryimage"},"image":{"@id":"https:\/\/seidev.zgtec.com\/es\/tienda\/mercancias-2\/camiseta-aventura-solar\/#primaryimage"},"thumbnailUrl":"https:\/\/seidev.zgtec.com\/wp-content\/uploads\/2018\/05\/IMG_6502@03x.jpeg","datePublished":"2018-05-24T20:05:45+00:00","dateModified":"2021-01-20T21:10:12+00:00","breadcrumb":{"@id":"https:\/\/seidev.zgtec.com\/es\/tienda\/mercancias-2\/camiseta-aventura-solar\/#breadcrumb"},"inLanguage":"es-CO","potentialAction":[{"@type":"ReadAction","target":["https:\/\/seidev.zgtec.com\/es\/tienda\/mercancias-2\/camiseta-aventura-solar\/"]}]},{"@type":"ImageObject","inLanguage":"es-CO","@id":"https:\/\/seidev.zgtec.com\/es\/tienda\/mercancias-2\/camiseta-aventura-solar\/#primaryimage","url":"https:\/\/seidev.zgtec.com\/wp-content\/uploads\/2018\/05\/IMG_6502@03x.jpeg","contentUrl":"https:\/\/seidev.zgtec.com\/wp-content\/uploads\/2018\/05\/IMG_6502@03x.jpeg","width":907,"height":1210},{"@type":"BreadcrumbList","@id":"https:\/\/seidev.zgtec.com\/es\/tienda\/mercancias-2\/camiseta-aventura-solar\/#breadcrumb","itemListElement":[{"@type":"ListItem","position":1,"name":"Home","item":"https:\/\/seidev.zgtec.com\/es\/"},{"@type":"ListItem","position":2,"name":"Tienda","item":"https:\/\/seidev.zgtec.com\/es\/tienda\/"},{"@type":"ListItem","position":3,"name":"Camiseta Aventura Solar"}]},{"@type":"WebSite","@id":"https:\/\/seidev.zgtec.com\/es\/#website","url":"https:\/\/seidev.zgtec.com\/es\/","name":"Solar Energy International (SEI) - Cursos de Energ\u00eda Solar para la Fuerza Laboral","description":"Capacitaci\u00f3n t\u00e9cnica en energ\u00eda solar para aprender a dise\u00f1ar e instalar sistemas fotovoltaicos","publisher":{"@id":"https:\/\/seidev.zgtec.com\/es\/#organization"},"potentialAction":[{"@type":"SearchAction","target":{"@type":"EntryPoint","urlTemplate":"https:\/\/seidev.zgtec.com\/es\/?s={search_term_string}"},"query-input":{"@type":"PropertyValueSpecification","valueRequired":true,"valueName":"search_term_string"}}],"inLanguage":"es-CO"},{"@type":"Organization","@id":"https:\/\/seidev.zgtec.com\/es\/#organization","name":"Solar Energy International (SEI)","url":"https:\/\/seidev.zgtec.com\/es\/","logo":{"@type":"ImageObject","inLanguage":"es-CO","@id":"https:\/\/seidev.zgtec.com\/es\/#\/schema\/logo\/image\/","url":"https:\/\/www.solarenergy.org\/wp-content\/uploads\/2018\/12\/SEI_Logo-Vertical-ShortTag-REV_2.png","contentUrl":"https:\/\/www.solarenergy.org\/wp-content\/uploads\/2018\/12\/SEI_Logo-Vertical-ShortTag-REV_2.png","width":1400,"height":999,"caption":"Solar Energy International (SEI)"},"image":{"@id":"https:\/\/seidev.zgtec.com\/es\/#\/schema\/logo\/image\/"},"sameAs":["https:\/\/www.facebook.com\/solarenergyintl\/","https:\/\/x.com\/solarenergyintl","https:\/\/www.instagram.com\/solar.energy.international\/","https:\/\/www.linkedin.com\/school\/solar-energy-international-sei-\/","https:\/\/www.youtube.com\/channel\/UCqvpjhMwS4BCTAsnOe_ak9w"]}]}},"_links":{"self":[{"href":"https:\/\/seidev.zgtec.com\/es\/wp-json\/wp\/v2\/product\/17618","targetHints":{"allow":["GET"]}}],"collection":[{"href":"https:\/\/seidev.zgtec.com\/es\/wp-json\/wp\/v2\/product"}],"about":[{"href":"https:\/\/seidev.zgtec.com\/es\/wp-json\/wp\/v2\/types\/product"}],"replies":[{"embeddable":true,"href":"https:\/\/seidev.zgtec.com\/es\/wp-json\/wp\/v2\/comments?post=17618"}],"wp:featuredmedia":[{"embeddable":true,"href":"https:\/\/seidev.zgtec.com\/es\/wp-json\/wp\/v2\/media\/17700"}],"wp:attachment":[{"href":"https:\/\/seidev.zgtec.com\/es\/wp-json\/wp\/v2\/media?parent=17618"}],"wp:term":[{"taxonomy":"product_brand","embeddable":true,"href":"https:\/\/seidev.zgtec.com\/es\/wp-json\/wp\/v2\/product_brand?post=17618"},{"taxonomy":"product_cat","embeddable":true,"href":"https:\/\/seidev.zgtec.com\/es\/wp-json\/wp\/v2\/product_cat?post=17618"},{"taxonomy":"product_tag","embeddable":true,"href":"https:\/\/seidev.zgtec.com\/es\/wp-json\/wp\/v2\/product_tag?post=17618"}],"curies":[{"name":"wp","href":"https:\/\/api.w.org\/{rel}","templated":true}]}}