{"id":20764,"date":"2020-07-23T12:03:12","date_gmt":"2020-07-23T18:03:12","guid":{"rendered":"https:\/\/www.solarenergy.org\/es\/?post_type=product&#038;p=20764"},"modified":"2021-02-09T09:10:36","modified_gmt":"2021-02-09T16:10:36","slug":"manual-de-diseno-e-instalacion-de-sistemas-fv-ebook","status":"publish","type":"product","link":"https:\/\/seidev.zgtec.com\/es\/tienda\/ebooks\/manual-de-diseno-e-instalacion-de-sistemas-fv-ebook\/","title":{"rendered":"Manual de Dise\u00f1o e Instalaci\u00f3n de Sistemas FV (eBook)"},"content":{"rendered":"<p>El libro contiene una panor\u00e1mica de la electricidad fotovoltaica as\u00ed como una descripci\u00f3n detallada de los componentes de los sistemas FV. Tambi\u00e9n incluye cap\u00edtulos de dimensionamiento de dichos sistemas FV, an\u00e1lisis de sitio, detalles de mantenimiento y de soluci\u00f3n de problemas, as\u00ed como datos de irradiaci\u00f3n solar de lugares alrededor del mundo. <a href=\"https:\/\/www.solarenergy.org\/wp-content\/uploads\/2019\/11\/Fotovoltaica-Condensed.pdf\" target=\"_blank\" rel=\"noopener noreferrer\">Click aqu\u00ed<\/a> para ver una muestra del libro.<\/p>\n<p>Por compras al por mayor cont\u00e1ctanos a programahispano@solarenergy.org o ll\u00e1manos al +1 970 527 7657 opci\u00f3n 8.<\/p>\n<blockquote><p><strong>Con la compra del <a href=\"https:\/\/www.solarenergy.org\/shop\/paquetes\/paquete-de-estudios-en-linea\/\">Paquete de Estudios en L\u00ednea<\/a>, recibes este ebook \u00a1GRATIS!<\/strong><\/p><\/blockquote>\n","protected":false},"excerpt":{"rendered":"<p><strong>\u00a1Nuestro Manual de estudio ahora en versi\u00f3n digital! Descarga tu ebook sin preocuparte por costos de entrega y ayuda a\u00a0reducir la huella de carbono en el planeta.<\/strong><\/p>\n<p>Desde el 2003, SEI ha publicado libros de texto liderando la industria y elevando los est\u00e1ndares de calidad de programa de capacitaci\u00f3n en Energ\u00edas Renovables en EE.UU. y en el mundo entero. Nuestro Manual de Dise\u00f1o e Instalaci\u00f3n de Sistemas Fotovoltaicos, incluye desde temas b\u00e1sicos a temas altamente t\u00e9cnicos. Esto lo hace \u00fatil para todas las personas involucradas en este mercado, desde principiantes hasta profesionales.<\/p>\n<p><a href=\"https:\/\/www.solarenergy.org\/wp-content\/uploads\/2019\/11\/Fotovoltaica-Condensed.pdf\" target=\"_blank\" rel=\"noopener noreferrer\">Click aqu\u00ed<\/a> para ver una muestra del libro. No se aceptan cambio ni devoluciones de este producto.<\/p>\n<p>\u00bfEst\u00e1s interesado en la versi\u00f3n impresa de esta publicaci\u00f3n? <a href=\"https:\/\/www.solarenergy.org\/es\/tienda\/publicacion\/fotovoltaica-manual-de-diseno-e-instalacion\/\">Haz clic aqu\u00ed<\/a> para ver y comprar.<\/p>\n<p>https:\/\/www.solarenergy.org\/shop\/ebooks\/solar-electric-handbook-ebook\/<\/p>\n<blockquote><p><strong>\u00bfCOMPRAS M\u00c1S DE 1 LIBRO? Si necesitas que cada ebook tenga una contrase\u00f1a distinta o si quieres comprar m\u00e1s de 5 ebooks, por favor\u00a0escribe a programahispano@solarenergy.org\u00a0para hacer tu orden.<\/strong><\/p><\/blockquote>\n","protected":false},"featured_media":20820,"comment_status":"closed","ping_status":"closed","template":"","meta":{"_acf_changed":false,"give_campaign_id":0,"content-type":"","_price":"25","_stock":"","_tribe_ticket_header":"","_tribe_default_ticket_provider":"","_tribe_ticket_capacity":"200","_ticket_start_date":"","_ticket_end_date":"","_tribe_ticket_show_description":"","_tribe_ticket_show_not_going":false,"_tribe_ticket_use_global_stock":"","_tribe_ticket_global_stock_level":"","_global_stock_mode":"","_global_stock_cap":"","_tribe_rsvp_for_event":"","_tribe_ticket_going_count":"","_tribe_ticket_not_going_count":"","_tribe_tickets_list":"[]","_tribe_ticket_has_attendee_info_fields":false,"_tec_slr_enabled":"","_tec_slr_layout":""},"product_brand":[],"product_cat":[243],"product_tag":[],"class_list":{"0":"post-20764","1":"product","2":"type-product","3":"status-publish","4":"has-post-thumbnail","6":"product_cat-ebooks","8":"first","9":"instock","10":"virtual","11":"purchasable","12":"product-type-simple"},"composite_virtual":false,"composite_layout":"","composite_add_to_cart_form_location":"","composite_editable_in_cart":false,"composite_sold_individually_context":"","composite_shop_price_calc":"","composite_components":[],"composite_scenarios":[],"acf":[],"yoast_head":"<!-- This site is optimized with the Yoast SEO plugin v27.2 - https:\/\/yoast.com\/product\/yoast-seo-wordpress\/ -->\n<title>Manual de Dise\u00f1o e Instalaci\u00f3n de Sistemas FV (eBook) - Solar Energy International (SEI) - Cursos de Energ\u00eda Solar para la Fuerza Laboral<\/title>\n<meta name=\"robots\" content=\"index, follow, max-snippet:-1, max-image-preview:large, max-video-preview:-1\" \/>\n<link rel=\"canonical\" href=\"https:\/\/seidev.zgtec.com\/es\/tienda\/ebooks\/manual-de-diseno-e-instalacion-de-sistemas-fv-ebook\/\" \/>\n<meta property=\"og:locale\" content=\"es_ES\" \/>\n<meta property=\"og:type\" content=\"article\" \/>\n<meta property=\"og:title\" content=\"Manual de Dise\u00f1o e Instalaci\u00f3n de Sistemas FV (eBook) - Solar Energy International (SEI) - Cursos de Energ\u00eda Solar para la Fuerza Laboral\" \/>\n<meta property=\"og:description\" content=\"\u00a1Nuestro Manual de estudio ahora en versi\u00f3n digital! Descarga tu ebook sin preocuparte por costos de entrega y ayuda a\u00a0reducir la huella de carbono en el planeta.  Desde el 2003, SEI ha publicado libros de texto liderando la industria y elevando los est\u00e1ndares de calidad de programa de capacitaci\u00f3n en Energ\u00edas Renovables en EE.UU. y en el mundo entero. Nuestro Manual de Dise\u00f1o e Instalaci\u00f3n de Sistemas Fotovoltaicos, incluye desde temas b\u00e1sicos a temas altamente t\u00e9cnicos. Esto lo hace \u00fatil para todas las personas involucradas en este mercado, desde principiantes hasta profesionales.  Click aqu\u00ed para ver una muestra del libro. No se aceptan cambio ni devoluciones de este producto.  \u00bfEst\u00e1s interesado en la versi\u00f3n impresa de esta publicaci\u00f3n? Haz clic aqu\u00ed para ver y comprar.  https:\/\/www.solarenergy.org\/shop\/ebooks\/solar-electric-handbook-ebook\/ \u00bfCOMPRAS M\u00c1S DE 1 LIBRO? Si necesitas que cada ebook tenga una contrase\u00f1a distinta o si quieres comprar m\u00e1s de 5 ebooks, por favor\u00a0escribe a programahispano@solarenergy.org\u00a0para hacer tu orden.\" \/>\n<meta property=\"og:url\" content=\"https:\/\/seidev.zgtec.com\/es\/tienda\/ebooks\/manual-de-diseno-e-instalacion-de-sistemas-fv-ebook\/\" \/>\n<meta property=\"og:site_name\" content=\"Solar Energy International (SEI) - Cursos de Energ\u00eda Solar para la Fuerza Laboral\" \/>\n<meta property=\"article:publisher\" content=\"https:\/\/www.facebook.com\/solarenergyintl\/\" \/>\n<meta property=\"article:modified_time\" content=\"2021-02-09T16:10:36+00:00\" \/>\n<meta property=\"og:image\" content=\"https:\/\/seidev.zgtec.com\/wp-content\/uploads\/2020\/07\/manual-cover-ebook-1.png\" \/>\n\t<meta property=\"og:image:width\" content=\"452\" \/>\n\t<meta property=\"og:image:height\" content=\"644\" \/>\n\t<meta property=\"og:image:type\" content=\"image\/png\" \/>\n<meta name=\"twitter:card\" content=\"summary_large_image\" \/>\n<meta name=\"twitter:site\" content=\"@solarenergyintl\" \/>\n<script type=\"application\/ld+json\" class=\"yoast-schema-graph\">{\"@context\":\"https:\/\/schema.org\",\"@graph\":[{\"@type\":\"WebPage\",\"@id\":\"https:\/\/seidev.zgtec.com\/es\/tienda\/ebooks\/manual-de-diseno-e-instalacion-de-sistemas-fv-ebook\/\",\"url\":\"https:\/\/seidev.zgtec.com\/es\/tienda\/ebooks\/manual-de-diseno-e-instalacion-de-sistemas-fv-ebook\/\",\"name\":\"Manual de Dise\u00f1o e Instalaci\u00f3n de Sistemas FV (eBook) - Solar Energy International (SEI) - Cursos de Energ\u00eda Solar para la Fuerza Laboral\",\"isPartOf\":{\"@id\":\"https:\/\/seidev.zgtec.com\/es\/#website\"},\"primaryImageOfPage\":{\"@id\":\"https:\/\/seidev.zgtec.com\/es\/tienda\/ebooks\/manual-de-diseno-e-instalacion-de-sistemas-fv-ebook\/#primaryimage\"},\"image\":{\"@id\":\"https:\/\/seidev.zgtec.com\/es\/tienda\/ebooks\/manual-de-diseno-e-instalacion-de-sistemas-fv-ebook\/#primaryimage\"},\"thumbnailUrl\":\"https:\/\/seidev.zgtec.com\/wp-content\/uploads\/2020\/07\/manual-cover-ebook-1.png\",\"datePublished\":\"2020-07-23T18:03:12+00:00\",\"dateModified\":\"2021-02-09T16:10:36+00:00\",\"breadcrumb\":{\"@id\":\"https:\/\/seidev.zgtec.com\/es\/tienda\/ebooks\/manual-de-diseno-e-instalacion-de-sistemas-fv-ebook\/#breadcrumb\"},\"inLanguage\":\"es-CO\",\"potentialAction\":[{\"@type\":\"ReadAction\",\"target\":[\"https:\/\/seidev.zgtec.com\/es\/tienda\/ebooks\/manual-de-diseno-e-instalacion-de-sistemas-fv-ebook\/\"]}]},{\"@type\":\"ImageObject\",\"inLanguage\":\"es-CO\",\"@id\":\"https:\/\/seidev.zgtec.com\/es\/tienda\/ebooks\/manual-de-diseno-e-instalacion-de-sistemas-fv-ebook\/#primaryimage\",\"url\":\"https:\/\/seidev.zgtec.com\/wp-content\/uploads\/2020\/07\/manual-cover-ebook-1.png\",\"contentUrl\":\"https:\/\/seidev.zgtec.com\/wp-content\/uploads\/2020\/07\/manual-cover-ebook-1.png\",\"width\":452,\"height\":644},{\"@type\":\"BreadcrumbList\",\"@id\":\"https:\/\/seidev.zgtec.com\/es\/tienda\/ebooks\/manual-de-diseno-e-instalacion-de-sistemas-fv-ebook\/#breadcrumb\",\"itemListElement\":[{\"@type\":\"ListItem\",\"position\":1,\"name\":\"Home\",\"item\":\"https:\/\/seidev.zgtec.com\/es\/\"},{\"@type\":\"ListItem\",\"position\":2,\"name\":\"Tienda\",\"item\":\"https:\/\/seidev.zgtec.com\/es\/tienda\/\"},{\"@type\":\"ListItem\",\"position\":3,\"name\":\"Manual de Dise\u00f1o e Instalaci\u00f3n de Sistemas FV (eBook)\"}]},{\"@type\":\"WebSite\",\"@id\":\"https:\/\/seidev.zgtec.com\/es\/#website\",\"url\":\"https:\/\/seidev.zgtec.com\/es\/\",\"name\":\"Solar Energy International (SEI) - Cursos de Energ\u00eda Solar para la Fuerza Laboral\",\"description\":\"Capacitaci\u00f3n t\u00e9cnica en energ\u00eda solar para aprender a dise\u00f1ar e instalar sistemas fotovoltaicos\",\"publisher\":{\"@id\":\"https:\/\/seidev.zgtec.com\/es\/#organization\"},\"potentialAction\":[{\"@type\":\"SearchAction\",\"target\":{\"@type\":\"EntryPoint\",\"urlTemplate\":\"https:\/\/seidev.zgtec.com\/es\/?s={search_term_string}\"},\"query-input\":{\"@type\":\"PropertyValueSpecification\",\"valueRequired\":true,\"valueName\":\"search_term_string\"}}],\"inLanguage\":\"es-CO\"},{\"@type\":\"Organization\",\"@id\":\"https:\/\/seidev.zgtec.com\/es\/#organization\",\"name\":\"Solar Energy International (SEI)\",\"url\":\"https:\/\/seidev.zgtec.com\/es\/\",\"logo\":{\"@type\":\"ImageObject\",\"inLanguage\":\"es-CO\",\"@id\":\"https:\/\/seidev.zgtec.com\/es\/#\/schema\/logo\/image\/\",\"url\":\"https:\/\/www.solarenergy.org\/wp-content\/uploads\/2018\/12\/SEI_Logo-Vertical-ShortTag-REV_2.png\",\"contentUrl\":\"https:\/\/www.solarenergy.org\/wp-content\/uploads\/2018\/12\/SEI_Logo-Vertical-ShortTag-REV_2.png\",\"width\":1400,\"height\":999,\"caption\":\"Solar Energy International (SEI)\"},\"image\":{\"@id\":\"https:\/\/seidev.zgtec.com\/es\/#\/schema\/logo\/image\/\"},\"sameAs\":[\"https:\/\/www.facebook.com\/solarenergyintl\/\",\"https:\/\/x.com\/solarenergyintl\",\"https:\/\/www.instagram.com\/solar.energy.international\/\",\"https:\/\/www.linkedin.com\/school\/solar-energy-international-sei-\/\",\"https:\/\/www.youtube.com\/channel\/UCqvpjhMwS4BCTAsnOe_ak9w\"]}]}<\/script>\n<!-- \/ Yoast SEO plugin. -->","yoast_head_json":{"title":"Manual de Dise\u00f1o e Instalaci\u00f3n de Sistemas FV (eBook) - Solar Energy International (SEI) - Cursos de Energ\u00eda Solar para la Fuerza Laboral","robots":{"index":"index","follow":"follow","max-snippet":"max-snippet:-1","max-image-preview":"max-image-preview:large","max-video-preview":"max-video-preview:-1"},"canonical":"https:\/\/seidev.zgtec.com\/es\/tienda\/ebooks\/manual-de-diseno-e-instalacion-de-sistemas-fv-ebook\/","og_locale":"es_ES","og_type":"article","og_title":"Manual de Dise\u00f1o e Instalaci\u00f3n de Sistemas FV (eBook) - Solar Energy International (SEI) - Cursos de Energ\u00eda Solar para la Fuerza Laboral","og_description":"\u00a1Nuestro Manual de estudio ahora en versi\u00f3n digital! Descarga tu ebook sin preocuparte por costos de entrega y ayuda a\u00a0reducir la huella de carbono en el planeta.  Desde el 2003, SEI ha publicado libros de texto liderando la industria y elevando los est\u00e1ndares de calidad de programa de capacitaci\u00f3n en Energ\u00edas Renovables en EE.UU. y en el mundo entero. Nuestro Manual de Dise\u00f1o e Instalaci\u00f3n de Sistemas Fotovoltaicos, incluye desde temas b\u00e1sicos a temas altamente t\u00e9cnicos. Esto lo hace \u00fatil para todas las personas involucradas en este mercado, desde principiantes hasta profesionales.  Click aqu\u00ed para ver una muestra del libro. No se aceptan cambio ni devoluciones de este producto.  \u00bfEst\u00e1s interesado en la versi\u00f3n impresa de esta publicaci\u00f3n? Haz clic aqu\u00ed para ver y comprar.  https:\/\/www.solarenergy.org\/shop\/ebooks\/solar-electric-handbook-ebook\/ \u00bfCOMPRAS M\u00c1S DE 1 LIBRO? Si necesitas que cada ebook tenga una contrase\u00f1a distinta o si quieres comprar m\u00e1s de 5 ebooks, por favor\u00a0escribe a programahispano@solarenergy.org\u00a0para hacer tu orden.","og_url":"https:\/\/seidev.zgtec.com\/es\/tienda\/ebooks\/manual-de-diseno-e-instalacion-de-sistemas-fv-ebook\/","og_site_name":"Solar Energy International (SEI) - Cursos de Energ\u00eda Solar para la Fuerza Laboral","article_publisher":"https:\/\/www.facebook.com\/solarenergyintl\/","article_modified_time":"2021-02-09T16:10:36+00:00","og_image":[{"width":452,"height":644,"url":"https:\/\/seidev.zgtec.com\/wp-content\/uploads\/2020\/07\/manual-cover-ebook-1.png","type":"image\/png"}],"twitter_card":"summary_large_image","twitter_site":"@solarenergyintl","schema":{"@context":"https:\/\/schema.org","@graph":[{"@type":"WebPage","@id":"https:\/\/seidev.zgtec.com\/es\/tienda\/ebooks\/manual-de-diseno-e-instalacion-de-sistemas-fv-ebook\/","url":"https:\/\/seidev.zgtec.com\/es\/tienda\/ebooks\/manual-de-diseno-e-instalacion-de-sistemas-fv-ebook\/","name":"Manual de Dise\u00f1o e Instalaci\u00f3n de Sistemas FV (eBook) - Solar Energy International (SEI) - Cursos de Energ\u00eda Solar para la Fuerza Laboral","isPartOf":{"@id":"https:\/\/seidev.zgtec.com\/es\/#website"},"primaryImageOfPage":{"@id":"https:\/\/seidev.zgtec.com\/es\/tienda\/ebooks\/manual-de-diseno-e-instalacion-de-sistemas-fv-ebook\/#primaryimage"},"image":{"@id":"https:\/\/seidev.zgtec.com\/es\/tienda\/ebooks\/manual-de-diseno-e-instalacion-de-sistemas-fv-ebook\/#primaryimage"},"thumbnailUrl":"https:\/\/seidev.zgtec.com\/wp-content\/uploads\/2020\/07\/manual-cover-ebook-1.png","datePublished":"2020-07-23T18:03:12+00:00","dateModified":"2021-02-09T16:10:36+00:00","breadcrumb":{"@id":"https:\/\/seidev.zgtec.com\/es\/tienda\/ebooks\/manual-de-diseno-e-instalacion-de-sistemas-fv-ebook\/#breadcrumb"},"inLanguage":"es-CO","potentialAction":[{"@type":"ReadAction","target":["https:\/\/seidev.zgtec.com\/es\/tienda\/ebooks\/manual-de-diseno-e-instalacion-de-sistemas-fv-ebook\/"]}]},{"@type":"ImageObject","inLanguage":"es-CO","@id":"https:\/\/seidev.zgtec.com\/es\/tienda\/ebooks\/manual-de-diseno-e-instalacion-de-sistemas-fv-ebook\/#primaryimage","url":"https:\/\/seidev.zgtec.com\/wp-content\/uploads\/2020\/07\/manual-cover-ebook-1.png","contentUrl":"https:\/\/seidev.zgtec.com\/wp-content\/uploads\/2020\/07\/manual-cover-ebook-1.png","width":452,"height":644},{"@type":"BreadcrumbList","@id":"https:\/\/seidev.zgtec.com\/es\/tienda\/ebooks\/manual-de-diseno-e-instalacion-de-sistemas-fv-ebook\/#breadcrumb","itemListElement":[{"@type":"ListItem","position":1,"name":"Home","item":"https:\/\/seidev.zgtec.com\/es\/"},{"@type":"ListItem","position":2,"name":"Tienda","item":"https:\/\/seidev.zgtec.com\/es\/tienda\/"},{"@type":"ListItem","position":3,"name":"Manual de Dise\u00f1o e Instalaci\u00f3n de Sistemas FV (eBook)"}]},{"@type":"WebSite","@id":"https:\/\/seidev.zgtec.com\/es\/#website","url":"https:\/\/seidev.zgtec.com\/es\/","name":"Solar Energy International (SEI) - Cursos de Energ\u00eda Solar para la Fuerza Laboral","description":"Capacitaci\u00f3n t\u00e9cnica en energ\u00eda solar para aprender a dise\u00f1ar e instalar sistemas fotovoltaicos","publisher":{"@id":"https:\/\/seidev.zgtec.com\/es\/#organization"},"potentialAction":[{"@type":"SearchAction","target":{"@type":"EntryPoint","urlTemplate":"https:\/\/seidev.zgtec.com\/es\/?s={search_term_string}"},"query-input":{"@type":"PropertyValueSpecification","valueRequired":true,"valueName":"search_term_string"}}],"inLanguage":"es-CO"},{"@type":"Organization","@id":"https:\/\/seidev.zgtec.com\/es\/#organization","name":"Solar Energy International (SEI)","url":"https:\/\/seidev.zgtec.com\/es\/","logo":{"@type":"ImageObject","inLanguage":"es-CO","@id":"https:\/\/seidev.zgtec.com\/es\/#\/schema\/logo\/image\/","url":"https:\/\/www.solarenergy.org\/wp-content\/uploads\/2018\/12\/SEI_Logo-Vertical-ShortTag-REV_2.png","contentUrl":"https:\/\/www.solarenergy.org\/wp-content\/uploads\/2018\/12\/SEI_Logo-Vertical-ShortTag-REV_2.png","width":1400,"height":999,"caption":"Solar Energy International (SEI)"},"image":{"@id":"https:\/\/seidev.zgtec.com\/es\/#\/schema\/logo\/image\/"},"sameAs":["https:\/\/www.facebook.com\/solarenergyintl\/","https:\/\/x.com\/solarenergyintl","https:\/\/www.instagram.com\/solar.energy.international\/","https:\/\/www.linkedin.com\/school\/solar-energy-international-sei-\/","https:\/\/www.youtube.com\/channel\/UCqvpjhMwS4BCTAsnOe_ak9w"]}]}},"_links":{"self":[{"href":"https:\/\/seidev.zgtec.com\/es\/wp-json\/wp\/v2\/product\/20764","targetHints":{"allow":["GET"]}}],"collection":[{"href":"https:\/\/seidev.zgtec.com\/es\/wp-json\/wp\/v2\/product"}],"about":[{"href":"https:\/\/seidev.zgtec.com\/es\/wp-json\/wp\/v2\/types\/product"}],"replies":[{"embeddable":true,"href":"https:\/\/seidev.zgtec.com\/es\/wp-json\/wp\/v2\/comments?post=20764"}],"wp:featuredmedia":[{"embeddable":true,"href":"https:\/\/seidev.zgtec.com\/es\/wp-json\/wp\/v2\/media\/20820"}],"wp:attachment":[{"href":"https:\/\/seidev.zgtec.com\/es\/wp-json\/wp\/v2\/media?parent=20764"}],"wp:term":[{"taxonomy":"product_brand","embeddable":true,"href":"https:\/\/seidev.zgtec.com\/es\/wp-json\/wp\/v2\/product_brand?post=20764"},{"taxonomy":"product_cat","embeddable":true,"href":"https:\/\/seidev.zgtec.com\/es\/wp-json\/wp\/v2\/product_cat?post=20764"},{"taxonomy":"product_tag","embeddable":true,"href":"https:\/\/seidev.zgtec.com\/es\/wp-json\/wp\/v2\/product_tag?post=20764"}],"curies":[{"name":"wp","href":"https:\/\/api.w.org\/{rel}","templated":true}]}}