{"id":6215,"date":"2015-02-27T22:02:12","date_gmt":"2015-02-27T22:02:12","guid":{"rendered":"http:\/\/www.solarenergy.org\/?post_type=product&#038;p=6215"},"modified":"2023-06-08T07:49:46","modified_gmt":"2023-06-08T13:49:46","slug":"solar-pathfinder","status":"publish","type":"product","link":"https:\/\/seidev.zgtec.com\/es\/tienda\/herramientas\/solar-pathfinder\/","title":{"rendered":"Pathfinder"},"content":{"rendered":"<p><strong>NOTA: Este art\u00edculo no se puede enviar fuera de EEUU. Por favor, ll\u00e1menos para hacer el pedido: 001-970-527-7657 opci\u00f3n 8<\/strong><\/p>\n<p>Cualquier an\u00e1lisis cient\u00edfico es tan preciso como la informaci\u00f3n menos precisa. Pueden producirse errores graves en la orientaci\u00f3n de la estructura, el dimensionamiento del sistema solar, la colocaci\u00f3n del colector, la especificaci\u00f3n del componente y estudios cient\u00edficos cuando los dise\u00f1adores \/ ingenieros no eval\u00faan con precisi\u00f3n los patrones de sombreado en los sitios de construcci\u00f3n \/ ecol\u00f3gicos propuestos.<\/p>\n<p>Al combinar los datos de sombreado espec\u00edficos del sitio de Solar Pathfinder con los datos meteorol\u00f3gicos mundiales publicados, se puede realizar un an\u00e1lisis solar preciso del sitio. Estos datos de insolaci\u00f3n por hora y por mes, se pueden volcar en aplicaciones arquitect\u00f3nicas, de ingenier\u00eda, solares y ecol\u00f3gicas. Todos estos datos est\u00e1n integrados en el software Solar Pathfinder Assistant, que se vende por separado.<\/p>\n<p>El Solar Pathfinder no es electr\u00f3nico. <strong>Simple y directo en su ingenier\u00eda, no requiere habilidades especiales o conocimientos t\u00e9cnicos<\/strong>. Un simple trazado hace el trabajo y se convierte en el registro permanente de los datos solares. Cuando se cuida adecuadamente, la unidad le dar\u00e1 al usuario a\u00f1os de an\u00e1lisis preciso del sitio.<\/p>\n<p>El Solar Pathfinder utiliza una c\u00fapula de pl\u00e1stico convexa, muy pulida y transparente para proporcionar una vista panor\u00e1mica de todo el sitio. Todos los \u00e1rboles, edificios u otros obst\u00e1culos al sol son claramente visibles como reflejos en la superficie de la c\u00fapula. El diagrama de la trayectoria del sol se puede ver a trav\u00e9s del domo transparente al mismo tiempo.<\/p>\n<p><strong>Debido a que el Solar Pathfinder funciona con un principio de reflexi\u00f3n en lugar de mostrar sombras, se puede usar en cualquier momento del d\u00eda, en cualquier momento del a\u00f1o, ya sea en tiempo nublado o despejado.<\/strong> La posici\u00f3n real del sol en el momento del an\u00e1lisis del sitio solar es irrelevante. De hecho, la unidad es m\u00e1s f\u00e1cil de usar en ausencia de luz solar directa. Incluso podr\u00eda usarse en una noche iluminada por la luna.<\/p>\n","protected":false},"excerpt":{"rendered":"<p><strong>NOTA: Este art\u00edculo no se puede enviar fuera de EEUU. Por favor, ll\u00e1menos para hacer el pedido: 001-970-527-7657 opci\u00f3n 8<\/strong><\/p>\n<p>El Solar Pathfinder no es electr\u00f3nico. <strong>Simple y directo en su ingenier\u00eda, no requiere habilidades especiales o conocimientos t\u00e9cnicos<\/strong>. Un simple trazado hace el trabajo y se convierte en el registro permanente de los datos solares. Cuando se cuida adecuadamente, la unidad le dar\u00e1 al usuario a\u00f1os de an\u00e1lisis preciso del sitio.<\/p>\n<p>Al combinar los datos de sombreado espec\u00edficos del sitio de Solar Pathfinder con los datos meteorol\u00f3gicos mundiales publicados, se puede realizar un an\u00e1lisis solar preciso del sitio. Estos datos de insolaci\u00f3n por hora y por mes, se pueden volcar en aplicaciones arquitect\u00f3nicas, de ingenier\u00eda, solares y ecol\u00f3gicas. Todos estos datos est\u00e1n integrados en el software Solar Pathfinder Assistant, que se vende por separado.<\/p>\n","protected":false},"featured_media":7095,"comment_status":"closed","ping_status":"closed","template":"","meta":{"_acf_changed":false,"give_campaign_id":0,"content-type":"","_price":"299","_stock":"","_tribe_ticket_header":"","_tribe_default_ticket_provider":"","_tribe_ticket_capacity":"7","_ticket_start_date":"","_ticket_end_date":"","_tribe_ticket_show_description":"","_tribe_ticket_show_not_going":false,"_tribe_ticket_use_global_stock":"","_tribe_ticket_global_stock_level":"","_global_stock_mode":"","_global_stock_cap":"","_tribe_rsvp_for_event":"","_tribe_ticket_going_count":"","_tribe_ticket_not_going_count":"","_tribe_tickets_list":"[]","_tribe_ticket_has_attendee_info_fields":false,"_tec_slr_enabled":"","_tec_slr_layout":""},"product_brand":[],"product_cat":[156],"product_tag":[],"class_list":{"0":"post-6215","1":"product","2":"type-product","3":"status-publish","4":"has-post-thumbnail","6":"product_cat-herramientas","7":"product_shipping_class-merchandise-bulky","9":"first","10":"instock","11":"taxable","12":"shipping-taxable","13":"purchasable","14":"product-type-simple"},"composite_virtual":false,"composite_layout":"","composite_add_to_cart_form_location":"","composite_editable_in_cart":false,"composite_sold_individually_context":"","composite_shop_price_calc":"","composite_components":[],"composite_scenarios":[],"acf":[],"yoast_head":"<!-- This site is optimized with the Yoast SEO plugin v27.2 - https:\/\/yoast.com\/product\/yoast-seo-wordpress\/ -->\n<title>Pathfinder - Solar Energy International (SEI) - Cursos de Energ\u00eda Solar para la Fuerza Laboral<\/title>\n<meta name=\"robots\" content=\"index, follow, max-snippet:-1, max-image-preview:large, max-video-preview:-1\" \/>\n<link rel=\"canonical\" href=\"https:\/\/seidev.zgtec.com\/es\/tienda\/herramientas\/solar-pathfinder\/\" \/>\n<meta property=\"og:locale\" content=\"es_ES\" \/>\n<meta property=\"og:type\" content=\"article\" \/>\n<meta property=\"og:title\" content=\"Pathfinder - Solar Energy International (SEI) - Cursos de Energ\u00eda Solar para la Fuerza Laboral\" \/>\n<meta property=\"og:description\" content=\"NOTA: Este art\u00edculo no se puede enviar fuera de EEUU. Por favor, ll\u00e1menos para hacer el pedido: 001-970-527-7657 opci\u00f3n 8  El Solar Pathfinder no es electr\u00f3nico. Simple y directo en su ingenier\u00eda, no requiere habilidades especiales o conocimientos t\u00e9cnicos. Un simple trazado hace el trabajo y se convierte en el registro permanente de los datos solares. Cuando se cuida adecuadamente, la unidad le dar\u00e1 al usuario a\u00f1os de an\u00e1lisis preciso del sitio.  Al combinar los datos de sombreado espec\u00edficos del sitio de Solar Pathfinder con los datos meteorol\u00f3gicos mundiales publicados, se puede realizar un an\u00e1lisis solar preciso del sitio. Estos datos de insolaci\u00f3n por hora y por mes, se pueden volcar en aplicaciones arquitect\u00f3nicas, de ingenier\u00eda, solares y ecol\u00f3gicas. Todos estos datos est\u00e1n integrados en el software Solar Pathfinder Assistant, que se vende por separado.\" \/>\n<meta property=\"og:url\" content=\"https:\/\/seidev.zgtec.com\/es\/tienda\/herramientas\/solar-pathfinder\/\" \/>\n<meta property=\"og:site_name\" content=\"Solar Energy International (SEI) - Cursos de Energ\u00eda Solar para la Fuerza Laboral\" \/>\n<meta property=\"article:publisher\" content=\"https:\/\/www.facebook.com\/solarenergyintl\/\" \/>\n<meta property=\"article:modified_time\" content=\"2023-06-08T13:49:46+00:00\" \/>\n<meta property=\"og:image\" content=\"https:\/\/seidev.zgtec.com\/wp-content\/uploads\/2014\/11\/PFtc1.jpg\" \/>\n\t<meta property=\"og:image:width\" content=\"2016\" \/>\n\t<meta property=\"og:image:height\" content=\"1908\" \/>\n\t<meta property=\"og:image:type\" content=\"image\/jpeg\" \/>\n<meta name=\"twitter:card\" content=\"summary_large_image\" \/>\n<meta name=\"twitter:site\" content=\"@solarenergyintl\" \/>\n<meta name=\"twitter:label1\" content=\"Tiempo estimado de lectura\" \/>\n\t<meta name=\"twitter:data1\" content=\"2 minutos\" \/>\n<script type=\"application\/ld+json\" class=\"yoast-schema-graph\">{\"@context\":\"https:\/\/schema.org\",\"@graph\":[{\"@type\":\"WebPage\",\"@id\":\"https:\/\/seidev.zgtec.com\/es\/tienda\/herramientas\/solar-pathfinder\/\",\"url\":\"https:\/\/seidev.zgtec.com\/es\/tienda\/herramientas\/solar-pathfinder\/\",\"name\":\"Pathfinder - Solar Energy International (SEI) - Cursos de Energ\u00eda Solar para la Fuerza Laboral\",\"isPartOf\":{\"@id\":\"https:\/\/seidev.zgtec.com\/es\/#website\"},\"primaryImageOfPage\":{\"@id\":\"https:\/\/seidev.zgtec.com\/es\/tienda\/herramientas\/solar-pathfinder\/#primaryimage\"},\"image\":{\"@id\":\"https:\/\/seidev.zgtec.com\/es\/tienda\/herramientas\/solar-pathfinder\/#primaryimage\"},\"thumbnailUrl\":\"https:\/\/seidev.zgtec.com\/wp-content\/uploads\/2014\/11\/PFtc1.jpg\",\"datePublished\":\"2015-02-27T22:02:12+00:00\",\"dateModified\":\"2023-06-08T13:49:46+00:00\",\"breadcrumb\":{\"@id\":\"https:\/\/seidev.zgtec.com\/es\/tienda\/herramientas\/solar-pathfinder\/#breadcrumb\"},\"inLanguage\":\"es-CO\",\"potentialAction\":[{\"@type\":\"ReadAction\",\"target\":[\"https:\/\/seidev.zgtec.com\/es\/tienda\/herramientas\/solar-pathfinder\/\"]}]},{\"@type\":\"ImageObject\",\"inLanguage\":\"es-CO\",\"@id\":\"https:\/\/seidev.zgtec.com\/es\/tienda\/herramientas\/solar-pathfinder\/#primaryimage\",\"url\":\"https:\/\/seidev.zgtec.com\/wp-content\/uploads\/2014\/11\/PFtc1.jpg\",\"contentUrl\":\"https:\/\/seidev.zgtec.com\/wp-content\/uploads\/2014\/11\/PFtc1.jpg\",\"width\":2016,\"height\":1908},{\"@type\":\"BreadcrumbList\",\"@id\":\"https:\/\/seidev.zgtec.com\/es\/tienda\/herramientas\/solar-pathfinder\/#breadcrumb\",\"itemListElement\":[{\"@type\":\"ListItem\",\"position\":1,\"name\":\"Home\",\"item\":\"https:\/\/seidev.zgtec.com\/es\/\"},{\"@type\":\"ListItem\",\"position\":2,\"name\":\"Tienda\",\"item\":\"https:\/\/seidev.zgtec.com\/es\/tienda\/\"},{\"@type\":\"ListItem\",\"position\":3,\"name\":\"Pathfinder\"}]},{\"@type\":\"WebSite\",\"@id\":\"https:\/\/seidev.zgtec.com\/es\/#website\",\"url\":\"https:\/\/seidev.zgtec.com\/es\/\",\"name\":\"Solar Energy International (SEI) - Cursos de Energ\u00eda Solar para la Fuerza Laboral\",\"description\":\"Capacitaci\u00f3n t\u00e9cnica en energ\u00eda solar para aprender a dise\u00f1ar e instalar sistemas fotovoltaicos\",\"publisher\":{\"@id\":\"https:\/\/seidev.zgtec.com\/es\/#organization\"},\"potentialAction\":[{\"@type\":\"SearchAction\",\"target\":{\"@type\":\"EntryPoint\",\"urlTemplate\":\"https:\/\/seidev.zgtec.com\/es\/?s={search_term_string}\"},\"query-input\":{\"@type\":\"PropertyValueSpecification\",\"valueRequired\":true,\"valueName\":\"search_term_string\"}}],\"inLanguage\":\"es-CO\"},{\"@type\":\"Organization\",\"@id\":\"https:\/\/seidev.zgtec.com\/es\/#organization\",\"name\":\"Solar Energy International (SEI)\",\"url\":\"https:\/\/seidev.zgtec.com\/es\/\",\"logo\":{\"@type\":\"ImageObject\",\"inLanguage\":\"es-CO\",\"@id\":\"https:\/\/seidev.zgtec.com\/es\/#\/schema\/logo\/image\/\",\"url\":\"https:\/\/www.solarenergy.org\/wp-content\/uploads\/2018\/12\/SEI_Logo-Vertical-ShortTag-REV_2.png\",\"contentUrl\":\"https:\/\/www.solarenergy.org\/wp-content\/uploads\/2018\/12\/SEI_Logo-Vertical-ShortTag-REV_2.png\",\"width\":1400,\"height\":999,\"caption\":\"Solar Energy International (SEI)\"},\"image\":{\"@id\":\"https:\/\/seidev.zgtec.com\/es\/#\/schema\/logo\/image\/\"},\"sameAs\":[\"https:\/\/www.facebook.com\/solarenergyintl\/\",\"https:\/\/x.com\/solarenergyintl\",\"https:\/\/www.instagram.com\/solar.energy.international\/\",\"https:\/\/www.linkedin.com\/school\/solar-energy-international-sei-\/\",\"https:\/\/www.youtube.com\/channel\/UCqvpjhMwS4BCTAsnOe_ak9w\"]}]}<\/script>\n<!-- \/ Yoast SEO plugin. -->","yoast_head_json":{"title":"Pathfinder - Solar Energy International (SEI) - Cursos de Energ\u00eda Solar para la Fuerza Laboral","robots":{"index":"index","follow":"follow","max-snippet":"max-snippet:-1","max-image-preview":"max-image-preview:large","max-video-preview":"max-video-preview:-1"},"canonical":"https:\/\/seidev.zgtec.com\/es\/tienda\/herramientas\/solar-pathfinder\/","og_locale":"es_ES","og_type":"article","og_title":"Pathfinder - Solar Energy International (SEI) - Cursos de Energ\u00eda Solar para la Fuerza Laboral","og_description":"NOTA: Este art\u00edculo no se puede enviar fuera de EEUU. Por favor, ll\u00e1menos para hacer el pedido: 001-970-527-7657 opci\u00f3n 8  El Solar Pathfinder no es electr\u00f3nico. Simple y directo en su ingenier\u00eda, no requiere habilidades especiales o conocimientos t\u00e9cnicos. Un simple trazado hace el trabajo y se convierte en el registro permanente de los datos solares. Cuando se cuida adecuadamente, la unidad le dar\u00e1 al usuario a\u00f1os de an\u00e1lisis preciso del sitio.  Al combinar los datos de sombreado espec\u00edficos del sitio de Solar Pathfinder con los datos meteorol\u00f3gicos mundiales publicados, se puede realizar un an\u00e1lisis solar preciso del sitio. Estos datos de insolaci\u00f3n por hora y por mes, se pueden volcar en aplicaciones arquitect\u00f3nicas, de ingenier\u00eda, solares y ecol\u00f3gicas. Todos estos datos est\u00e1n integrados en el software Solar Pathfinder Assistant, que se vende por separado.","og_url":"https:\/\/seidev.zgtec.com\/es\/tienda\/herramientas\/solar-pathfinder\/","og_site_name":"Solar Energy International (SEI) - Cursos de Energ\u00eda Solar para la Fuerza Laboral","article_publisher":"https:\/\/www.facebook.com\/solarenergyintl\/","article_modified_time":"2023-06-08T13:49:46+00:00","og_image":[{"width":2016,"height":1908,"url":"https:\/\/seidev.zgtec.com\/wp-content\/uploads\/2014\/11\/PFtc1.jpg","type":"image\/jpeg"}],"twitter_card":"summary_large_image","twitter_site":"@solarenergyintl","twitter_misc":{"Tiempo estimado de lectura":"2 minutos"},"schema":{"@context":"https:\/\/schema.org","@graph":[{"@type":"WebPage","@id":"https:\/\/seidev.zgtec.com\/es\/tienda\/herramientas\/solar-pathfinder\/","url":"https:\/\/seidev.zgtec.com\/es\/tienda\/herramientas\/solar-pathfinder\/","name":"Pathfinder - Solar Energy International (SEI) - Cursos de Energ\u00eda Solar para la Fuerza Laboral","isPartOf":{"@id":"https:\/\/seidev.zgtec.com\/es\/#website"},"primaryImageOfPage":{"@id":"https:\/\/seidev.zgtec.com\/es\/tienda\/herramientas\/solar-pathfinder\/#primaryimage"},"image":{"@id":"https:\/\/seidev.zgtec.com\/es\/tienda\/herramientas\/solar-pathfinder\/#primaryimage"},"thumbnailUrl":"https:\/\/seidev.zgtec.com\/wp-content\/uploads\/2014\/11\/PFtc1.jpg","datePublished":"2015-02-27T22:02:12+00:00","dateModified":"2023-06-08T13:49:46+00:00","breadcrumb":{"@id":"https:\/\/seidev.zgtec.com\/es\/tienda\/herramientas\/solar-pathfinder\/#breadcrumb"},"inLanguage":"es-CO","potentialAction":[{"@type":"ReadAction","target":["https:\/\/seidev.zgtec.com\/es\/tienda\/herramientas\/solar-pathfinder\/"]}]},{"@type":"ImageObject","inLanguage":"es-CO","@id":"https:\/\/seidev.zgtec.com\/es\/tienda\/herramientas\/solar-pathfinder\/#primaryimage","url":"https:\/\/seidev.zgtec.com\/wp-content\/uploads\/2014\/11\/PFtc1.jpg","contentUrl":"https:\/\/seidev.zgtec.com\/wp-content\/uploads\/2014\/11\/PFtc1.jpg","width":2016,"height":1908},{"@type":"BreadcrumbList","@id":"https:\/\/seidev.zgtec.com\/es\/tienda\/herramientas\/solar-pathfinder\/#breadcrumb","itemListElement":[{"@type":"ListItem","position":1,"name":"Home","item":"https:\/\/seidev.zgtec.com\/es\/"},{"@type":"ListItem","position":2,"name":"Tienda","item":"https:\/\/seidev.zgtec.com\/es\/tienda\/"},{"@type":"ListItem","position":3,"name":"Pathfinder"}]},{"@type":"WebSite","@id":"https:\/\/seidev.zgtec.com\/es\/#website","url":"https:\/\/seidev.zgtec.com\/es\/","name":"Solar Energy International (SEI) - Cursos de Energ\u00eda Solar para la Fuerza Laboral","description":"Capacitaci\u00f3n t\u00e9cnica en energ\u00eda solar para aprender a dise\u00f1ar e instalar sistemas fotovoltaicos","publisher":{"@id":"https:\/\/seidev.zgtec.com\/es\/#organization"},"potentialAction":[{"@type":"SearchAction","target":{"@type":"EntryPoint","urlTemplate":"https:\/\/seidev.zgtec.com\/es\/?s={search_term_string}"},"query-input":{"@type":"PropertyValueSpecification","valueRequired":true,"valueName":"search_term_string"}}],"inLanguage":"es-CO"},{"@type":"Organization","@id":"https:\/\/seidev.zgtec.com\/es\/#organization","name":"Solar Energy International (SEI)","url":"https:\/\/seidev.zgtec.com\/es\/","logo":{"@type":"ImageObject","inLanguage":"es-CO","@id":"https:\/\/seidev.zgtec.com\/es\/#\/schema\/logo\/image\/","url":"https:\/\/www.solarenergy.org\/wp-content\/uploads\/2018\/12\/SEI_Logo-Vertical-ShortTag-REV_2.png","contentUrl":"https:\/\/www.solarenergy.org\/wp-content\/uploads\/2018\/12\/SEI_Logo-Vertical-ShortTag-REV_2.png","width":1400,"height":999,"caption":"Solar Energy International (SEI)"},"image":{"@id":"https:\/\/seidev.zgtec.com\/es\/#\/schema\/logo\/image\/"},"sameAs":["https:\/\/www.facebook.com\/solarenergyintl\/","https:\/\/x.com\/solarenergyintl","https:\/\/www.instagram.com\/solar.energy.international\/","https:\/\/www.linkedin.com\/school\/solar-energy-international-sei-\/","https:\/\/www.youtube.com\/channel\/UCqvpjhMwS4BCTAsnOe_ak9w"]}]}},"_links":{"self":[{"href":"https:\/\/seidev.zgtec.com\/es\/wp-json\/wp\/v2\/product\/6215","targetHints":{"allow":["GET"]}}],"collection":[{"href":"https:\/\/seidev.zgtec.com\/es\/wp-json\/wp\/v2\/product"}],"about":[{"href":"https:\/\/seidev.zgtec.com\/es\/wp-json\/wp\/v2\/types\/product"}],"replies":[{"embeddable":true,"href":"https:\/\/seidev.zgtec.com\/es\/wp-json\/wp\/v2\/comments?post=6215"}],"wp:featuredmedia":[{"embeddable":true,"href":"https:\/\/seidev.zgtec.com\/es\/wp-json\/wp\/v2\/media\/7095"}],"wp:attachment":[{"href":"https:\/\/seidev.zgtec.com\/es\/wp-json\/wp\/v2\/media?parent=6215"}],"wp:term":[{"taxonomy":"product_brand","embeddable":true,"href":"https:\/\/seidev.zgtec.com\/es\/wp-json\/wp\/v2\/product_brand?post=6215"},{"taxonomy":"product_cat","embeddable":true,"href":"https:\/\/seidev.zgtec.com\/es\/wp-json\/wp\/v2\/product_cat?post=6215"},{"taxonomy":"product_tag","embeddable":true,"href":"https:\/\/seidev.zgtec.com\/es\/wp-json\/wp\/v2\/product_tag?post=6215"}],"curies":[{"name":"wp","href":"https:\/\/api.w.org\/{rel}","templated":true}]}}