{"id":6219,"date":"2015-02-27T22:02:12","date_gmt":"2015-02-28T05:02:12","guid":{"rendered":"http:\/\/www.solarenergy.org\/?post_type=product&#038;p=6219"},"modified":"2022-07-29T09:44:40","modified_gmt":"2022-07-29T15:44:40","slug":"fotovoltaica-manual-de-diseno-e-instalacion","status":"publish","type":"product","link":"https:\/\/seidev.zgtec.com\/es\/tienda\/publicacion\/fotovoltaica-manual-de-diseno-e-instalacion\/","title":{"rendered":"Fotovoltaica: Manual de dise\u00f1o e instalaci\u00f3n"},"content":{"rendered":"<p><strong>Descripci\u00f3n del Producto<\/strong><\/p>\n<p>SEI tiene una larga trayectoria liderando el desarrollo de libros de texto y programas de estudio para la industria solar. Estamos comprometidos en proveer material actualizado y tecnolog\u00edas pedag\u00f3gicas innovadoras.<\/p>\n<p>El libro contiene una panor\u00e1mica de la electricidad fotovoltaica as\u00ed como una descripci\u00f3n detallada de los componentes de los sistemas FV. Este tambi\u00e9n incluye cap\u00edtulos de dimensionamiento de dichos sistemas FV, an\u00e1lisis de sitio, detalles de mantenimiento y de soluci\u00f3n de problemas, as\u00ed como datos de irradiaci\u00f3n solar de lugares alrededor del mundo.<\/p>\n<p>Por preguntas sobre venta de productos y env\u00edos fuera de Estados Unidos, cont\u00e1ctanos <a href=\"mailto:programahispano@solarenergy.org\">programahispano@solarenergy.org<\/a> o ll\u00e1menos al +1 970 527 7657 opci\u00f3n 8.<\/p>\n<blockquote><p><strong>Con la compra del\u00a0<a href=\"https:\/\/www.solarenergy.org\/es\/tienda\/paquetes\/paquete-de-estudios-en-linea\/\">Paquete de Estudios en L\u00ednea<\/a>, recibes este libro en versi\u00f3n digital GRATIS.<\/strong><\/p><\/blockquote>\n","protected":false},"excerpt":{"rendered":"<p>Desde el 2003, SEI ha publicado libros de texto liderando la industria y elevando los est\u00e1ndares de calidad de programa de capacitaci\u00f3n en Energ\u00edas Renovables en EE.UU. y en el mundo entero. Nuestro libro complementario Manual de Dise\u00f1o e Instalaci\u00f3n de Sistemas Fotovoltaicos, incluye tanto temas b\u00e1sicos como altamente t\u00e9cnicos. Esto lo hace \u00fatil para todas las personas involucradas en este mercado, desde principiantes hasta profesionales, para ampliar los estudios en sistemas fotovoltaicos.<\/p>\n<p><a href=\"https:\/\/www.solarenergy.org\/wp-content\/uploads\/2019\/11\/Fotovoltaica-Condensed.pdf\" target=\"_blank\" rel=\"noopener noreferrer\">Click aqu\u00ed<\/a> para ver una muestra del libro. Por favor ten en cuenta que el valor de este libro no es reembolsable<\/p>\n<p>\u00bfEst\u00e1s interesado en la versi\u00f3n Ebook de esta publicaci\u00f3n? <a href=\"https:\/\/www.solarenergy.org\/es\/tienda\/ebooks\/manual-de-diseno-e-instalacion-de-sistemas-fv-ebook\/\">Haz clic aqu\u00ed<\/a>\u00a0para ver y comprar.<\/p>\n","protected":false},"featured_media":10350,"comment_status":"closed","ping_status":"closed","template":"","meta":{"_acf_changed":false,"give_campaign_id":0,"content-type":"","_price":"45","_stock":"","_tribe_ticket_header":"","_tribe_default_ticket_provider":"","_tribe_ticket_capacity":"203","_ticket_start_date":"","_ticket_end_date":"","_tribe_ticket_show_description":"","_tribe_ticket_show_not_going":false,"_tribe_ticket_use_global_stock":"","_tribe_ticket_global_stock_level":"","_global_stock_mode":"","_global_stock_cap":"","_tribe_rsvp_for_event":"","_tribe_ticket_going_count":"","_tribe_ticket_not_going_count":"","_tribe_tickets_list":"[]","_tribe_ticket_has_attendee_info_fields":false,"_tec_slr_enabled":"","_tec_slr_layout":""},"product_brand":[],"product_cat":[73],"product_tag":[],"class_list":{"0":"post-6219","1":"product","2":"type-product","3":"status-publish","4":"has-post-thumbnail","6":"product_cat-publicacion","7":"product_shipping_class-publications","9":"first","10":"instock","11":"taxable","12":"shipping-taxable","13":"purchasable","14":"product-type-simple"},"composite_virtual":false,"composite_layout":"","composite_add_to_cart_form_location":"","composite_editable_in_cart":false,"composite_sold_individually_context":"","composite_shop_price_calc":"","composite_components":[],"composite_scenarios":[],"acf":[],"yoast_head":"<!-- This site is optimized with the Yoast SEO plugin v27.2 - https:\/\/yoast.com\/product\/yoast-seo-wordpress\/ -->\n<title>Fotovoltaica: Manual de dise\u00f1o e instalaci\u00f3n - Solar Energy International (SEI) - Cursos de Energ\u00eda Solar para la Fuerza Laboral<\/title>\n<meta name=\"robots\" content=\"index, follow, max-snippet:-1, max-image-preview:large, max-video-preview:-1\" \/>\n<link rel=\"canonical\" href=\"https:\/\/seidev.zgtec.com\/es\/tienda\/publicacion\/fotovoltaica-manual-de-diseno-e-instalacion\/\" \/>\n<meta property=\"og:locale\" content=\"es_ES\" \/>\n<meta property=\"og:type\" content=\"article\" \/>\n<meta property=\"og:title\" content=\"Fotovoltaica: Manual de dise\u00f1o e instalaci\u00f3n - Solar Energy International (SEI) - Cursos de Energ\u00eda Solar para la Fuerza Laboral\" \/>\n<meta property=\"og:description\" content=\"Desde el 2003, SEI ha publicado libros de texto liderando la industria y elevando los est\u00e1ndares de calidad de programa de capacitaci\u00f3n en Energ\u00edas Renovables en EE.UU. y en el mundo entero. Nuestro libro complementario Manual de Dise\u00f1o e Instalaci\u00f3n de Sistemas Fotovoltaicos, incluye tanto temas b\u00e1sicos como altamente t\u00e9cnicos. Esto lo hace \u00fatil para todas las personas involucradas en este mercado, desde principiantes hasta profesionales, para ampliar los estudios en sistemas fotovoltaicos.  Click aqu\u00ed para ver una muestra del libro. Por favor ten en cuenta que el valor de este libro no es reembolsable  \u00bfEst\u00e1s interesado en la versi\u00f3n Ebook de esta publicaci\u00f3n? Haz clic aqu\u00ed\u00a0para ver y comprar.\" \/>\n<meta property=\"og:url\" content=\"https:\/\/seidev.zgtec.com\/es\/tienda\/publicacion\/fotovoltaica-manual-de-diseno-e-instalacion\/\" \/>\n<meta property=\"og:site_name\" content=\"Solar Energy International (SEI) - Cursos de Energ\u00eda Solar para la Fuerza Laboral\" \/>\n<meta property=\"article:publisher\" content=\"https:\/\/www.facebook.com\/solarenergyintl\/\" \/>\n<meta property=\"article:modified_time\" content=\"2022-07-29T15:44:40+00:00\" \/>\n<meta property=\"og:image\" content=\"https:\/\/seidev.zgtec.com\/wp-content\/uploads\/2015\/05\/Spanish-Textbook-Cover-Concept-2-sMall.jpg\" \/>\n\t<meta property=\"og:image:width\" content=\"900\" \/>\n\t<meta property=\"og:image:height\" content=\"1173\" \/>\n\t<meta property=\"og:image:type\" content=\"image\/jpeg\" \/>\n<meta name=\"twitter:card\" content=\"summary_large_image\" \/>\n<meta name=\"twitter:site\" content=\"@solarenergyintl\" \/>\n<meta name=\"twitter:label1\" content=\"Tiempo estimado de lectura\" \/>\n\t<meta name=\"twitter:data1\" content=\"1 minuto\" \/>\n<script type=\"application\/ld+json\" class=\"yoast-schema-graph\">{\"@context\":\"https:\/\/schema.org\",\"@graph\":[{\"@type\":\"WebPage\",\"@id\":\"https:\/\/seidev.zgtec.com\/es\/tienda\/publicacion\/fotovoltaica-manual-de-diseno-e-instalacion\/\",\"url\":\"https:\/\/seidev.zgtec.com\/es\/tienda\/publicacion\/fotovoltaica-manual-de-diseno-e-instalacion\/\",\"name\":\"Fotovoltaica: Manual de dise\u00f1o e instalaci\u00f3n - Solar Energy International (SEI) - Cursos de Energ\u00eda Solar para la Fuerza Laboral\",\"isPartOf\":{\"@id\":\"https:\/\/seidev.zgtec.com\/es\/#website\"},\"primaryImageOfPage\":{\"@id\":\"https:\/\/seidev.zgtec.com\/es\/tienda\/publicacion\/fotovoltaica-manual-de-diseno-e-instalacion\/#primaryimage\"},\"image\":{\"@id\":\"https:\/\/seidev.zgtec.com\/es\/tienda\/publicacion\/fotovoltaica-manual-de-diseno-e-instalacion\/#primaryimage\"},\"thumbnailUrl\":\"https:\/\/seidev.zgtec.com\/wp-content\/uploads\/2015\/05\/Spanish-Textbook-Cover-Concept-2-sMall.jpg\",\"datePublished\":\"2015-02-28T05:02:12+00:00\",\"dateModified\":\"2022-07-29T15:44:40+00:00\",\"breadcrumb\":{\"@id\":\"https:\/\/seidev.zgtec.com\/es\/tienda\/publicacion\/fotovoltaica-manual-de-diseno-e-instalacion\/#breadcrumb\"},\"inLanguage\":\"es-CO\",\"potentialAction\":[{\"@type\":\"ReadAction\",\"target\":[\"https:\/\/seidev.zgtec.com\/es\/tienda\/publicacion\/fotovoltaica-manual-de-diseno-e-instalacion\/\"]}]},{\"@type\":\"ImageObject\",\"inLanguage\":\"es-CO\",\"@id\":\"https:\/\/seidev.zgtec.com\/es\/tienda\/publicacion\/fotovoltaica-manual-de-diseno-e-instalacion\/#primaryimage\",\"url\":\"https:\/\/seidev.zgtec.com\/wp-content\/uploads\/2015\/05\/Spanish-Textbook-Cover-Concept-2-sMall.jpg\",\"contentUrl\":\"https:\/\/seidev.zgtec.com\/wp-content\/uploads\/2015\/05\/Spanish-Textbook-Cover-Concept-2-sMall.jpg\",\"width\":900,\"height\":1173},{\"@type\":\"BreadcrumbList\",\"@id\":\"https:\/\/seidev.zgtec.com\/es\/tienda\/publicacion\/fotovoltaica-manual-de-diseno-e-instalacion\/#breadcrumb\",\"itemListElement\":[{\"@type\":\"ListItem\",\"position\":1,\"name\":\"Home\",\"item\":\"https:\/\/seidev.zgtec.com\/es\/\"},{\"@type\":\"ListItem\",\"position\":2,\"name\":\"Tienda\",\"item\":\"https:\/\/seidev.zgtec.com\/es\/tienda\/\"},{\"@type\":\"ListItem\",\"position\":3,\"name\":\"Fotovoltaica: Manual de dise\u00f1o e instalaci\u00f3n\"}]},{\"@type\":\"WebSite\",\"@id\":\"https:\/\/seidev.zgtec.com\/es\/#website\",\"url\":\"https:\/\/seidev.zgtec.com\/es\/\",\"name\":\"Solar Energy International (SEI) - Cursos de Energ\u00eda Solar para la Fuerza Laboral\",\"description\":\"Capacitaci\u00f3n t\u00e9cnica en energ\u00eda solar para aprender a dise\u00f1ar e instalar sistemas fotovoltaicos\",\"publisher\":{\"@id\":\"https:\/\/seidev.zgtec.com\/es\/#organization\"},\"potentialAction\":[{\"@type\":\"SearchAction\",\"target\":{\"@type\":\"EntryPoint\",\"urlTemplate\":\"https:\/\/seidev.zgtec.com\/es\/?s={search_term_string}\"},\"query-input\":{\"@type\":\"PropertyValueSpecification\",\"valueRequired\":true,\"valueName\":\"search_term_string\"}}],\"inLanguage\":\"es-CO\"},{\"@type\":\"Organization\",\"@id\":\"https:\/\/seidev.zgtec.com\/es\/#organization\",\"name\":\"Solar Energy International (SEI)\",\"url\":\"https:\/\/seidev.zgtec.com\/es\/\",\"logo\":{\"@type\":\"ImageObject\",\"inLanguage\":\"es-CO\",\"@id\":\"https:\/\/seidev.zgtec.com\/es\/#\/schema\/logo\/image\/\",\"url\":\"https:\/\/www.solarenergy.org\/wp-content\/uploads\/2018\/12\/SEI_Logo-Vertical-ShortTag-REV_2.png\",\"contentUrl\":\"https:\/\/www.solarenergy.org\/wp-content\/uploads\/2018\/12\/SEI_Logo-Vertical-ShortTag-REV_2.png\",\"width\":1400,\"height\":999,\"caption\":\"Solar Energy International (SEI)\"},\"image\":{\"@id\":\"https:\/\/seidev.zgtec.com\/es\/#\/schema\/logo\/image\/\"},\"sameAs\":[\"https:\/\/www.facebook.com\/solarenergyintl\/\",\"https:\/\/x.com\/solarenergyintl\",\"https:\/\/www.instagram.com\/solar.energy.international\/\",\"https:\/\/www.linkedin.com\/school\/solar-energy-international-sei-\/\",\"https:\/\/www.youtube.com\/channel\/UCqvpjhMwS4BCTAsnOe_ak9w\"]}]}<\/script>\n<!-- \/ Yoast SEO plugin. -->","yoast_head_json":{"title":"Fotovoltaica: Manual de dise\u00f1o e instalaci\u00f3n - Solar Energy International (SEI) - Cursos de Energ\u00eda Solar para la Fuerza Laboral","robots":{"index":"index","follow":"follow","max-snippet":"max-snippet:-1","max-image-preview":"max-image-preview:large","max-video-preview":"max-video-preview:-1"},"canonical":"https:\/\/seidev.zgtec.com\/es\/tienda\/publicacion\/fotovoltaica-manual-de-diseno-e-instalacion\/","og_locale":"es_ES","og_type":"article","og_title":"Fotovoltaica: Manual de dise\u00f1o e instalaci\u00f3n - Solar Energy International (SEI) - Cursos de Energ\u00eda Solar para la Fuerza Laboral","og_description":"Desde el 2003, SEI ha publicado libros de texto liderando la industria y elevando los est\u00e1ndares de calidad de programa de capacitaci\u00f3n en Energ\u00edas Renovables en EE.UU. y en el mundo entero. Nuestro libro complementario Manual de Dise\u00f1o e Instalaci\u00f3n de Sistemas Fotovoltaicos, incluye tanto temas b\u00e1sicos como altamente t\u00e9cnicos. Esto lo hace \u00fatil para todas las personas involucradas en este mercado, desde principiantes hasta profesionales, para ampliar los estudios en sistemas fotovoltaicos.  Click aqu\u00ed para ver una muestra del libro. Por favor ten en cuenta que el valor de este libro no es reembolsable  \u00bfEst\u00e1s interesado en la versi\u00f3n Ebook de esta publicaci\u00f3n? Haz clic aqu\u00ed\u00a0para ver y comprar.","og_url":"https:\/\/seidev.zgtec.com\/es\/tienda\/publicacion\/fotovoltaica-manual-de-diseno-e-instalacion\/","og_site_name":"Solar Energy International (SEI) - Cursos de Energ\u00eda Solar para la Fuerza Laboral","article_publisher":"https:\/\/www.facebook.com\/solarenergyintl\/","article_modified_time":"2022-07-29T15:44:40+00:00","og_image":[{"width":900,"height":1173,"url":"https:\/\/seidev.zgtec.com\/wp-content\/uploads\/2015\/05\/Spanish-Textbook-Cover-Concept-2-sMall.jpg","type":"image\/jpeg"}],"twitter_card":"summary_large_image","twitter_site":"@solarenergyintl","twitter_misc":{"Tiempo estimado de lectura":"1 minuto"},"schema":{"@context":"https:\/\/schema.org","@graph":[{"@type":"WebPage","@id":"https:\/\/seidev.zgtec.com\/es\/tienda\/publicacion\/fotovoltaica-manual-de-diseno-e-instalacion\/","url":"https:\/\/seidev.zgtec.com\/es\/tienda\/publicacion\/fotovoltaica-manual-de-diseno-e-instalacion\/","name":"Fotovoltaica: Manual de dise\u00f1o e instalaci\u00f3n - Solar Energy International (SEI) - Cursos de Energ\u00eda Solar para la Fuerza Laboral","isPartOf":{"@id":"https:\/\/seidev.zgtec.com\/es\/#website"},"primaryImageOfPage":{"@id":"https:\/\/seidev.zgtec.com\/es\/tienda\/publicacion\/fotovoltaica-manual-de-diseno-e-instalacion\/#primaryimage"},"image":{"@id":"https:\/\/seidev.zgtec.com\/es\/tienda\/publicacion\/fotovoltaica-manual-de-diseno-e-instalacion\/#primaryimage"},"thumbnailUrl":"https:\/\/seidev.zgtec.com\/wp-content\/uploads\/2015\/05\/Spanish-Textbook-Cover-Concept-2-sMall.jpg","datePublished":"2015-02-28T05:02:12+00:00","dateModified":"2022-07-29T15:44:40+00:00","breadcrumb":{"@id":"https:\/\/seidev.zgtec.com\/es\/tienda\/publicacion\/fotovoltaica-manual-de-diseno-e-instalacion\/#breadcrumb"},"inLanguage":"es-CO","potentialAction":[{"@type":"ReadAction","target":["https:\/\/seidev.zgtec.com\/es\/tienda\/publicacion\/fotovoltaica-manual-de-diseno-e-instalacion\/"]}]},{"@type":"ImageObject","inLanguage":"es-CO","@id":"https:\/\/seidev.zgtec.com\/es\/tienda\/publicacion\/fotovoltaica-manual-de-diseno-e-instalacion\/#primaryimage","url":"https:\/\/seidev.zgtec.com\/wp-content\/uploads\/2015\/05\/Spanish-Textbook-Cover-Concept-2-sMall.jpg","contentUrl":"https:\/\/seidev.zgtec.com\/wp-content\/uploads\/2015\/05\/Spanish-Textbook-Cover-Concept-2-sMall.jpg","width":900,"height":1173},{"@type":"BreadcrumbList","@id":"https:\/\/seidev.zgtec.com\/es\/tienda\/publicacion\/fotovoltaica-manual-de-diseno-e-instalacion\/#breadcrumb","itemListElement":[{"@type":"ListItem","position":1,"name":"Home","item":"https:\/\/seidev.zgtec.com\/es\/"},{"@type":"ListItem","position":2,"name":"Tienda","item":"https:\/\/seidev.zgtec.com\/es\/tienda\/"},{"@type":"ListItem","position":3,"name":"Fotovoltaica: Manual de dise\u00f1o e instalaci\u00f3n"}]},{"@type":"WebSite","@id":"https:\/\/seidev.zgtec.com\/es\/#website","url":"https:\/\/seidev.zgtec.com\/es\/","name":"Solar Energy International (SEI) - Cursos de Energ\u00eda Solar para la Fuerza Laboral","description":"Capacitaci\u00f3n t\u00e9cnica en energ\u00eda solar para aprender a dise\u00f1ar e instalar sistemas fotovoltaicos","publisher":{"@id":"https:\/\/seidev.zgtec.com\/es\/#organization"},"potentialAction":[{"@type":"SearchAction","target":{"@type":"EntryPoint","urlTemplate":"https:\/\/seidev.zgtec.com\/es\/?s={search_term_string}"},"query-input":{"@type":"PropertyValueSpecification","valueRequired":true,"valueName":"search_term_string"}}],"inLanguage":"es-CO"},{"@type":"Organization","@id":"https:\/\/seidev.zgtec.com\/es\/#organization","name":"Solar Energy International (SEI)","url":"https:\/\/seidev.zgtec.com\/es\/","logo":{"@type":"ImageObject","inLanguage":"es-CO","@id":"https:\/\/seidev.zgtec.com\/es\/#\/schema\/logo\/image\/","url":"https:\/\/www.solarenergy.org\/wp-content\/uploads\/2018\/12\/SEI_Logo-Vertical-ShortTag-REV_2.png","contentUrl":"https:\/\/www.solarenergy.org\/wp-content\/uploads\/2018\/12\/SEI_Logo-Vertical-ShortTag-REV_2.png","width":1400,"height":999,"caption":"Solar Energy International (SEI)"},"image":{"@id":"https:\/\/seidev.zgtec.com\/es\/#\/schema\/logo\/image\/"},"sameAs":["https:\/\/www.facebook.com\/solarenergyintl\/","https:\/\/x.com\/solarenergyintl","https:\/\/www.instagram.com\/solar.energy.international\/","https:\/\/www.linkedin.com\/school\/solar-energy-international-sei-\/","https:\/\/www.youtube.com\/channel\/UCqvpjhMwS4BCTAsnOe_ak9w"]}]}},"_links":{"self":[{"href":"https:\/\/seidev.zgtec.com\/es\/wp-json\/wp\/v2\/product\/6219","targetHints":{"allow":["GET"]}}],"collection":[{"href":"https:\/\/seidev.zgtec.com\/es\/wp-json\/wp\/v2\/product"}],"about":[{"href":"https:\/\/seidev.zgtec.com\/es\/wp-json\/wp\/v2\/types\/product"}],"replies":[{"embeddable":true,"href":"https:\/\/seidev.zgtec.com\/es\/wp-json\/wp\/v2\/comments?post=6219"}],"wp:featuredmedia":[{"embeddable":true,"href":"https:\/\/seidev.zgtec.com\/es\/wp-json\/wp\/v2\/media\/10350"}],"wp:attachment":[{"href":"https:\/\/seidev.zgtec.com\/es\/wp-json\/wp\/v2\/media?parent=6219"}],"wp:term":[{"taxonomy":"product_brand","embeddable":true,"href":"https:\/\/seidev.zgtec.com\/es\/wp-json\/wp\/v2\/product_brand?post=6219"},{"taxonomy":"product_cat","embeddable":true,"href":"https:\/\/seidev.zgtec.com\/es\/wp-json\/wp\/v2\/product_cat?post=6219"},{"taxonomy":"product_tag","embeddable":true,"href":"https:\/\/seidev.zgtec.com\/es\/wp-json\/wp\/v2\/product_tag?post=6219"}],"curies":[{"name":"wp","href":"https:\/\/api.w.org\/{rel}","templated":true}]}}