{"id":7275,"date":"2015-02-27T22:02:11","date_gmt":"2015-02-27T22:02:11","guid":{"rendered":"http:\/\/www.solarenergy.org\/?post_type=product&#038;p=7275"},"modified":"2024-02-13T14:28:04","modified_gmt":"2024-02-13T21:28:04","slug":"sei-shirt","status":"publish","type":"product","link":"https:\/\/seidev.zgtec.com\/es\/tienda\/mercancias-2\/sei-shirt\/","title":{"rendered":"CAMISETA DE SEI"},"content":{"rendered":"<p>Despu\u00e9s de enviar tu pedido, un representante de SEI te enviar\u00e1 un correo electr\u00f3nico para elijas el color y el tama\u00f1o.(Todav\u00eda estamos trabajando en las caracter\u00edsticas de nuestro carrito de compras -hey! somos una organizaci\u00f3n sin fines de lucro haciendo lo mejor que puede, m\u00edralo de esta forma, si compras una camiseta nos ayudar\u00e1s a mejorar las cosas). O llama al +1(970) 527-7657 opci\u00f3n 8 antes de ordenar para determinar disponibilidad en ciertos tama\u00f1os y colores.<\/p>\n","protected":false},"excerpt":{"rendered":"<p>Muestra tu orgullo por SEI con esta c\u00f3moda camiseta. Suaves y no demasiado pesadas, estas camisetas mostrar\u00e1n al mundo que eres un orgulloso estudiante, exalumno o simpatizante de SEI y de nuestra misi\u00f3n sin fines de lucro. \u00a1Incluso a los perros les encanta usarlas!<\/p>\n","protected":false},"featured_media":7278,"comment_status":"closed","ping_status":"closed","template":"","meta":{"_acf_changed":false,"give_campaign_id":0,"content-type":"","_price":"30","_stock":"","_tribe_ticket_header":"","_tribe_default_ticket_provider":"","_tribe_ticket_capacity":"15","_ticket_start_date":"","_ticket_end_date":"","_tribe_ticket_show_description":"","_tribe_ticket_show_not_going":false,"_tribe_ticket_use_global_stock":"","_tribe_ticket_global_stock_level":"","_global_stock_mode":"","_global_stock_cap":"","_tribe_rsvp_for_event":"","_tribe_ticket_going_count":"","_tribe_ticket_not_going_count":"","_tribe_tickets_list":"[]","_tribe_ticket_has_attendee_info_fields":false,"_tec_slr_enabled":"","_tec_slr_layout":""},"product_brand":[],"product_cat":[157],"product_tag":[],"class_list":{"0":"post-7275","1":"product","2":"type-product","3":"status-publish","4":"has-post-thumbnail","6":"product_cat-mercancias-2","7":"product_shipping_class-merchandise","9":"first","10":"instock","11":"taxable","12":"shipping-taxable","13":"purchasable","14":"product-type-simple"},"composite_virtual":false,"composite_layout":"","composite_add_to_cart_form_location":"","composite_editable_in_cart":false,"composite_sold_individually_context":"","composite_shop_price_calc":"","composite_components":[],"composite_scenarios":[],"acf":[],"yoast_head":"<!-- This site is optimized with the Yoast SEO plugin v27.2 - https:\/\/yoast.com\/product\/yoast-seo-wordpress\/ -->\n<title>CAMISETA DE SEI - Solar Energy International (SEI) - Cursos de Energ\u00eda Solar para la Fuerza Laboral<\/title>\n<meta name=\"robots\" content=\"index, follow, max-snippet:-1, max-image-preview:large, max-video-preview:-1\" \/>\n<link rel=\"canonical\" href=\"https:\/\/seidev.zgtec.com\/es\/tienda\/mercancias-2\/sei-shirt\/\" \/>\n<meta property=\"og:locale\" content=\"es_ES\" \/>\n<meta property=\"og:type\" content=\"article\" \/>\n<meta property=\"og:title\" content=\"CAMISETA DE SEI - Solar Energy International (SEI) - Cursos de Energ\u00eda Solar para la Fuerza Laboral\" \/>\n<meta property=\"og:description\" content=\"Muestra tu orgullo por SEI con esta c\u00f3moda camiseta. Suaves y no demasiado pesadas, estas camisetas mostrar\u00e1n al mundo que eres un orgulloso estudiante, exalumno o simpatizante de SEI y de nuestra misi\u00f3n sin fines de lucro. \u00a1Incluso a los perros les encanta usarlas!\" \/>\n<meta property=\"og:url\" content=\"https:\/\/seidev.zgtec.com\/es\/tienda\/mercancias-2\/sei-shirt\/\" \/>\n<meta property=\"og:site_name\" content=\"Solar Energy International (SEI) - Cursos de Energ\u00eda Solar para la Fuerza Laboral\" \/>\n<meta property=\"article:publisher\" content=\"https:\/\/www.facebook.com\/solarenergyintl\/\" \/>\n<meta property=\"article:modified_time\" content=\"2024-02-13T21:28:04+00:00\" \/>\n<meta property=\"og:image\" content=\"http:\/\/seidev.zgtec.com\/wp-content\/uploads\/2014\/11\/Huck-and-Penny-Modeling-2563.jpg\" \/>\n\t<meta property=\"og:image:width\" content=\"2500\" \/>\n\t<meta property=\"og:image:height\" content=\"1667\" \/>\n\t<meta property=\"og:image:type\" content=\"image\/jpeg\" \/>\n<meta name=\"twitter:card\" content=\"summary_large_image\" \/>\n<meta name=\"twitter:site\" content=\"@solarenergyintl\" \/>\n<meta name=\"twitter:label1\" content=\"Tiempo estimado de lectura\" \/>\n\t<meta name=\"twitter:data1\" content=\"1 minuto\" \/>\n<script type=\"application\/ld+json\" class=\"yoast-schema-graph\">{\"@context\":\"https:\/\/schema.org\",\"@graph\":[{\"@type\":\"WebPage\",\"@id\":\"https:\/\/seidev.zgtec.com\/es\/tienda\/mercancias-2\/sei-shirt\/\",\"url\":\"https:\/\/seidev.zgtec.com\/es\/tienda\/mercancias-2\/sei-shirt\/\",\"name\":\"CAMISETA DE SEI - Solar Energy International (SEI) - Cursos de Energ\u00eda Solar para la Fuerza Laboral\",\"isPartOf\":{\"@id\":\"https:\/\/seidev.zgtec.com\/es\/#website\"},\"primaryImageOfPage\":{\"@id\":\"https:\/\/seidev.zgtec.com\/es\/tienda\/mercancias-2\/sei-shirt\/#primaryimage\"},\"image\":{\"@id\":\"https:\/\/seidev.zgtec.com\/es\/tienda\/mercancias-2\/sei-shirt\/#primaryimage\"},\"thumbnailUrl\":\"https:\/\/seidev.zgtec.com\/wp-content\/uploads\/2014\/11\/Huck-and-Penny-Modeling-2563.jpg\",\"datePublished\":\"2015-02-27T22:02:11+00:00\",\"dateModified\":\"2024-02-13T21:28:04+00:00\",\"breadcrumb\":{\"@id\":\"https:\/\/seidev.zgtec.com\/es\/tienda\/mercancias-2\/sei-shirt\/#breadcrumb\"},\"inLanguage\":\"es-CO\",\"potentialAction\":[{\"@type\":\"ReadAction\",\"target\":[\"https:\/\/seidev.zgtec.com\/es\/tienda\/mercancias-2\/sei-shirt\/\"]}]},{\"@type\":\"ImageObject\",\"inLanguage\":\"es-CO\",\"@id\":\"https:\/\/seidev.zgtec.com\/es\/tienda\/mercancias-2\/sei-shirt\/#primaryimage\",\"url\":\"https:\/\/seidev.zgtec.com\/wp-content\/uploads\/2014\/11\/Huck-and-Penny-Modeling-2563.jpg\",\"contentUrl\":\"https:\/\/seidev.zgtec.com\/wp-content\/uploads\/2014\/11\/Huck-and-Penny-Modeling-2563.jpg\",\"width\":2500,\"height\":1667},{\"@type\":\"BreadcrumbList\",\"@id\":\"https:\/\/seidev.zgtec.com\/es\/tienda\/mercancias-2\/sei-shirt\/#breadcrumb\",\"itemListElement\":[{\"@type\":\"ListItem\",\"position\":1,\"name\":\"Home\",\"item\":\"https:\/\/seidev.zgtec.com\/es\/\"},{\"@type\":\"ListItem\",\"position\":2,\"name\":\"Tienda\",\"item\":\"https:\/\/seidev.zgtec.com\/es\/tienda\/\"},{\"@type\":\"ListItem\",\"position\":3,\"name\":\"CAMISETA DE SEI\"}]},{\"@type\":\"WebSite\",\"@id\":\"https:\/\/seidev.zgtec.com\/es\/#website\",\"url\":\"https:\/\/seidev.zgtec.com\/es\/\",\"name\":\"Solar Energy International (SEI) - Cursos de Energ\u00eda Solar para la Fuerza Laboral\",\"description\":\"Capacitaci\u00f3n t\u00e9cnica en energ\u00eda solar para aprender a dise\u00f1ar e instalar sistemas fotovoltaicos\",\"publisher\":{\"@id\":\"https:\/\/seidev.zgtec.com\/es\/#organization\"},\"potentialAction\":[{\"@type\":\"SearchAction\",\"target\":{\"@type\":\"EntryPoint\",\"urlTemplate\":\"https:\/\/seidev.zgtec.com\/es\/?s={search_term_string}\"},\"query-input\":{\"@type\":\"PropertyValueSpecification\",\"valueRequired\":true,\"valueName\":\"search_term_string\"}}],\"inLanguage\":\"es-CO\"},{\"@type\":\"Organization\",\"@id\":\"https:\/\/seidev.zgtec.com\/es\/#organization\",\"name\":\"Solar Energy International (SEI)\",\"url\":\"https:\/\/seidev.zgtec.com\/es\/\",\"logo\":{\"@type\":\"ImageObject\",\"inLanguage\":\"es-CO\",\"@id\":\"https:\/\/seidev.zgtec.com\/es\/#\/schema\/logo\/image\/\",\"url\":\"https:\/\/www.solarenergy.org\/wp-content\/uploads\/2018\/12\/SEI_Logo-Vertical-ShortTag-REV_2.png\",\"contentUrl\":\"https:\/\/www.solarenergy.org\/wp-content\/uploads\/2018\/12\/SEI_Logo-Vertical-ShortTag-REV_2.png\",\"width\":1400,\"height\":999,\"caption\":\"Solar Energy International (SEI)\"},\"image\":{\"@id\":\"https:\/\/seidev.zgtec.com\/es\/#\/schema\/logo\/image\/\"},\"sameAs\":[\"https:\/\/www.facebook.com\/solarenergyintl\/\",\"https:\/\/x.com\/solarenergyintl\",\"https:\/\/www.instagram.com\/solar.energy.international\/\",\"https:\/\/www.linkedin.com\/school\/solar-energy-international-sei-\/\",\"https:\/\/www.youtube.com\/channel\/UCqvpjhMwS4BCTAsnOe_ak9w\"]}]}<\/script>\n<!-- \/ Yoast SEO plugin. -->","yoast_head_json":{"title":"CAMISETA DE SEI - Solar Energy International (SEI) - Cursos de Energ\u00eda Solar para la Fuerza Laboral","robots":{"index":"index","follow":"follow","max-snippet":"max-snippet:-1","max-image-preview":"max-image-preview:large","max-video-preview":"max-video-preview:-1"},"canonical":"https:\/\/seidev.zgtec.com\/es\/tienda\/mercancias-2\/sei-shirt\/","og_locale":"es_ES","og_type":"article","og_title":"CAMISETA DE SEI - Solar Energy International (SEI) - Cursos de Energ\u00eda Solar para la Fuerza Laboral","og_description":"Muestra tu orgullo por SEI con esta c\u00f3moda camiseta. Suaves y no demasiado pesadas, estas camisetas mostrar\u00e1n al mundo que eres un orgulloso estudiante, exalumno o simpatizante de SEI y de nuestra misi\u00f3n sin fines de lucro. \u00a1Incluso a los perros les encanta usarlas!","og_url":"https:\/\/seidev.zgtec.com\/es\/tienda\/mercancias-2\/sei-shirt\/","og_site_name":"Solar Energy International (SEI) - Cursos de Energ\u00eda Solar para la Fuerza Laboral","article_publisher":"https:\/\/www.facebook.com\/solarenergyintl\/","article_modified_time":"2024-02-13T21:28:04+00:00","og_image":[{"width":2500,"height":1667,"url":"http:\/\/seidev.zgtec.com\/wp-content\/uploads\/2014\/11\/Huck-and-Penny-Modeling-2563.jpg","type":"image\/jpeg"}],"twitter_card":"summary_large_image","twitter_site":"@solarenergyintl","twitter_misc":{"Tiempo estimado de lectura":"1 minuto"},"schema":{"@context":"https:\/\/schema.org","@graph":[{"@type":"WebPage","@id":"https:\/\/seidev.zgtec.com\/es\/tienda\/mercancias-2\/sei-shirt\/","url":"https:\/\/seidev.zgtec.com\/es\/tienda\/mercancias-2\/sei-shirt\/","name":"CAMISETA DE SEI - Solar Energy International (SEI) - Cursos de Energ\u00eda Solar para la Fuerza Laboral","isPartOf":{"@id":"https:\/\/seidev.zgtec.com\/es\/#website"},"primaryImageOfPage":{"@id":"https:\/\/seidev.zgtec.com\/es\/tienda\/mercancias-2\/sei-shirt\/#primaryimage"},"image":{"@id":"https:\/\/seidev.zgtec.com\/es\/tienda\/mercancias-2\/sei-shirt\/#primaryimage"},"thumbnailUrl":"https:\/\/seidev.zgtec.com\/wp-content\/uploads\/2014\/11\/Huck-and-Penny-Modeling-2563.jpg","datePublished":"2015-02-27T22:02:11+00:00","dateModified":"2024-02-13T21:28:04+00:00","breadcrumb":{"@id":"https:\/\/seidev.zgtec.com\/es\/tienda\/mercancias-2\/sei-shirt\/#breadcrumb"},"inLanguage":"es-CO","potentialAction":[{"@type":"ReadAction","target":["https:\/\/seidev.zgtec.com\/es\/tienda\/mercancias-2\/sei-shirt\/"]}]},{"@type":"ImageObject","inLanguage":"es-CO","@id":"https:\/\/seidev.zgtec.com\/es\/tienda\/mercancias-2\/sei-shirt\/#primaryimage","url":"https:\/\/seidev.zgtec.com\/wp-content\/uploads\/2014\/11\/Huck-and-Penny-Modeling-2563.jpg","contentUrl":"https:\/\/seidev.zgtec.com\/wp-content\/uploads\/2014\/11\/Huck-and-Penny-Modeling-2563.jpg","width":2500,"height":1667},{"@type":"BreadcrumbList","@id":"https:\/\/seidev.zgtec.com\/es\/tienda\/mercancias-2\/sei-shirt\/#breadcrumb","itemListElement":[{"@type":"ListItem","position":1,"name":"Home","item":"https:\/\/seidev.zgtec.com\/es\/"},{"@type":"ListItem","position":2,"name":"Tienda","item":"https:\/\/seidev.zgtec.com\/es\/tienda\/"},{"@type":"ListItem","position":3,"name":"CAMISETA DE SEI"}]},{"@type":"WebSite","@id":"https:\/\/seidev.zgtec.com\/es\/#website","url":"https:\/\/seidev.zgtec.com\/es\/","name":"Solar Energy International (SEI) - Cursos de Energ\u00eda Solar para la Fuerza Laboral","description":"Capacitaci\u00f3n t\u00e9cnica en energ\u00eda solar para aprender a dise\u00f1ar e instalar sistemas fotovoltaicos","publisher":{"@id":"https:\/\/seidev.zgtec.com\/es\/#organization"},"potentialAction":[{"@type":"SearchAction","target":{"@type":"EntryPoint","urlTemplate":"https:\/\/seidev.zgtec.com\/es\/?s={search_term_string}"},"query-input":{"@type":"PropertyValueSpecification","valueRequired":true,"valueName":"search_term_string"}}],"inLanguage":"es-CO"},{"@type":"Organization","@id":"https:\/\/seidev.zgtec.com\/es\/#organization","name":"Solar Energy International (SEI)","url":"https:\/\/seidev.zgtec.com\/es\/","logo":{"@type":"ImageObject","inLanguage":"es-CO","@id":"https:\/\/seidev.zgtec.com\/es\/#\/schema\/logo\/image\/","url":"https:\/\/www.solarenergy.org\/wp-content\/uploads\/2018\/12\/SEI_Logo-Vertical-ShortTag-REV_2.png","contentUrl":"https:\/\/www.solarenergy.org\/wp-content\/uploads\/2018\/12\/SEI_Logo-Vertical-ShortTag-REV_2.png","width":1400,"height":999,"caption":"Solar Energy International (SEI)"},"image":{"@id":"https:\/\/seidev.zgtec.com\/es\/#\/schema\/logo\/image\/"},"sameAs":["https:\/\/www.facebook.com\/solarenergyintl\/","https:\/\/x.com\/solarenergyintl","https:\/\/www.instagram.com\/solar.energy.international\/","https:\/\/www.linkedin.com\/school\/solar-energy-international-sei-\/","https:\/\/www.youtube.com\/channel\/UCqvpjhMwS4BCTAsnOe_ak9w"]}]}},"_links":{"self":[{"href":"https:\/\/seidev.zgtec.com\/es\/wp-json\/wp\/v2\/product\/7275","targetHints":{"allow":["GET"]}}],"collection":[{"href":"https:\/\/seidev.zgtec.com\/es\/wp-json\/wp\/v2\/product"}],"about":[{"href":"https:\/\/seidev.zgtec.com\/es\/wp-json\/wp\/v2\/types\/product"}],"replies":[{"embeddable":true,"href":"https:\/\/seidev.zgtec.com\/es\/wp-json\/wp\/v2\/comments?post=7275"}],"wp:featuredmedia":[{"embeddable":true,"href":"https:\/\/seidev.zgtec.com\/es\/wp-json\/wp\/v2\/media\/7278"}],"wp:attachment":[{"href":"https:\/\/seidev.zgtec.com\/es\/wp-json\/wp\/v2\/media?parent=7275"}],"wp:term":[{"taxonomy":"product_brand","embeddable":true,"href":"https:\/\/seidev.zgtec.com\/es\/wp-json\/wp\/v2\/product_brand?post=7275"},{"taxonomy":"product_cat","embeddable":true,"href":"https:\/\/seidev.zgtec.com\/es\/wp-json\/wp\/v2\/product_cat?post=7275"},{"taxonomy":"product_tag","embeddable":true,"href":"https:\/\/seidev.zgtec.com\/es\/wp-json\/wp\/v2\/product_tag?post=7275"}],"curies":[{"name":"wp","href":"https:\/\/api.w.org\/{rel}","templated":true}]}}