{"id":8515,"date":"2014-12-04T17:23:05","date_gmt":"2014-12-04T17:23:05","guid":{"rendered":"http:\/\/www.solarenergy.org\/?post_type=product&#038;p=8515"},"modified":"2022-11-16T10:58:35","modified_gmt":"2022-11-16T17:58:35","slug":"programa-de-donaciones-de-sei","status":"publish","type":"product","link":"https:\/\/seidev.zgtec.com\/es\/tienda\/donacion\/programa-de-donaciones-de-sei\/","title":{"rendered":"Programas de Donaciones de SEI"},"content":{"rendered":"<div class=\"fusion-title title\">Durante las \u00faltimas d\u00e9cadas, m\u00e1s de 85.000 estudiantes causaron un gran impacto global al adoptar tecnolog\u00edas de energ\u00edas renovables en todo el mundo. Muchos de ellos pudieron atender las clases de SEI gracias a las becas y los programas caritativos de asistencia.<\/div>\n","protected":false},"excerpt":{"rendered":"<h2 class=\"title-heading-left\">Haz tu donaci\u00f3n hoy!<\/h2>\n<p>Selecciona a continuaci\u00f3n el monto y a d\u00f3nde quieres que vaya tu donaci\u00f3n. Luego agr\u00e9galo al carrito para finalizar tu aporte. \u00a1Gracias por tu colaboraci\u00f3n!<\/p>\n<div class=\"title-sep-container\">\n<h4 class=\"title-heading-left\">\u00bfQuieres apoyar al Programa Hispano y Latinoamericano de SEI de otra manera?<\/h4>\n<p>Si quieres donar otro monto o apoyar al programa de alguna otra forma, por favor contacta a nuestra Directora de Desarrollo de Negocio para el Programa Hispano y Latinoamericano Maria P\u00eda Day a pia@solarenergy.org.<\/p>\n<\/div>\n","protected":false},"featured_media":8519,"comment_status":"closed","ping_status":"closed","template":"","meta":{"_acf_changed":false,"give_campaign_id":0,"content-type":"","_price":"10","_stock":"","_tribe_ticket_header":"","_tribe_default_ticket_provider":"","_tribe_ticket_capacity":"47","_ticket_start_date":"","_ticket_end_date":"","_tribe_ticket_show_description":"","_tribe_ticket_show_not_going":false,"_tribe_ticket_use_global_stock":"","_tribe_ticket_global_stock_level":"","_global_stock_mode":"","_global_stock_cap":"","_tribe_rsvp_for_event":"","_tribe_ticket_going_count":"","_tribe_ticket_not_going_count":"","_tribe_tickets_list":"[]","_tribe_ticket_has_attendee_info_fields":false,"_tec_slr_enabled":"","_tec_slr_layout":""},"product_brand":[],"product_cat":[76],"product_tag":[],"class_list":{"0":"post-8515","1":"product","2":"type-product","3":"status-publish","4":"has-post-thumbnail","6":"product_cat-donacion","7":"pa_quieres-donar-a-un-programa-programa-de-becas-10","8":"pa_quieres-donar-a-un-programa-programa-de-becas-100","9":"pa_quieres-donar-a-un-programa-programa-de-becas-1000","10":"pa_quieres-donar-a-un-programa-programa-de-becas-50","11":"pa_quieres-donar-a-un-programa-programa-hispano-y-latinoamericano-10","12":"pa_quieres-donar-a-un-programa-programa-hispano-y-latinoamericano-100","13":"pa_quieres-donar-a-un-programa-programa-hispano-y-latinoamericano-1000","14":"pa_quieres-donar-a-un-programa-programa-hispano-y-latinoamericano-50","16":"first","17":"instock","18":"sold-individually","19":"purchasable","20":"product-type-variable"},"composite_virtual":false,"composite_layout":"","composite_add_to_cart_form_location":"","composite_editable_in_cart":false,"composite_sold_individually_context":"","composite_shop_price_calc":"","composite_components":[],"composite_scenarios":[],"acf":[],"yoast_head":"<!-- This site is optimized with the Yoast SEO plugin v27.2 - https:\/\/yoast.com\/product\/yoast-seo-wordpress\/ -->\n<title>Programas de Donaciones de SEI - Solar Energy International (SEI) - Cursos de Energ\u00eda Solar para la Fuerza Laboral<\/title>\n<meta name=\"robots\" content=\"index, follow, max-snippet:-1, max-image-preview:large, max-video-preview:-1\" \/>\n<link rel=\"canonical\" href=\"https:\/\/seidev.zgtec.com\/es\/tienda\/donacion\/programa-de-donaciones-de-sei\/\" \/>\n<meta property=\"og:locale\" content=\"es_ES\" \/>\n<meta property=\"og:type\" content=\"article\" \/>\n<meta property=\"og:title\" content=\"Programas de Donaciones de SEI - Solar Energy International (SEI) - Cursos de Energ\u00eda Solar para la Fuerza Laboral\" \/>\n<meta property=\"og:description\" content=\"Haz tu donaci\u00f3n hoy! Selecciona a continuaci\u00f3n el monto y a d\u00f3nde quieres que vaya tu donaci\u00f3n. Luego agr\u00e9galo al carrito para finalizar tu aporte. \u00a1Gracias por tu colaboraci\u00f3n!  \u00bfQuieres apoyar al Programa Hispano y Latinoamericano de SEI de otra manera? Si quieres donar otro monto o apoyar al programa de alguna otra forma, por favor contacta a nuestra Directora de Desarrollo de Negocio para el Programa Hispano y Latinoamericano Maria P\u00eda Day a pia@solarenergy.org.\" \/>\n<meta property=\"og:url\" content=\"https:\/\/seidev.zgtec.com\/es\/tienda\/donacion\/programa-de-donaciones-de-sei\/\" \/>\n<meta property=\"og:site_name\" content=\"Solar Energy International (SEI) - Cursos de Energ\u00eda Solar para la Fuerza Laboral\" \/>\n<meta property=\"article:publisher\" content=\"https:\/\/www.facebook.com\/solarenergyintl\/\" \/>\n<meta property=\"article:modified_time\" content=\"2022-11-16T17:58:35+00:00\" \/>\n<meta property=\"og:image\" content=\"https:\/\/seidev.zgtec.com\/wp-content\/uploads\/2014\/12\/kids.jpg\" \/>\n\t<meta property=\"og:image:width\" content=\"960\" \/>\n\t<meta property=\"og:image:height\" content=\"640\" \/>\n\t<meta property=\"og:image:type\" content=\"image\/jpeg\" \/>\n<meta name=\"twitter:card\" content=\"summary_large_image\" \/>\n<meta name=\"twitter:site\" content=\"@solarenergyintl\" \/>\n<meta name=\"twitter:label1\" content=\"Tiempo estimado de lectura\" \/>\n\t<meta name=\"twitter:data1\" content=\"1 minuto\" \/>\n<script type=\"application\/ld+json\" class=\"yoast-schema-graph\">{\"@context\":\"https:\/\/schema.org\",\"@graph\":[{\"@type\":\"WebPage\",\"@id\":\"https:\/\/seidev.zgtec.com\/es\/tienda\/donacion\/programa-de-donaciones-de-sei\/\",\"url\":\"https:\/\/seidev.zgtec.com\/es\/tienda\/donacion\/programa-de-donaciones-de-sei\/\",\"name\":\"Programas de Donaciones de SEI - Solar Energy International (SEI) - Cursos de Energ\u00eda Solar para la Fuerza Laboral\",\"isPartOf\":{\"@id\":\"https:\/\/seidev.zgtec.com\/es\/#website\"},\"primaryImageOfPage\":{\"@id\":\"https:\/\/seidev.zgtec.com\/es\/tienda\/donacion\/programa-de-donaciones-de-sei\/#primaryimage\"},\"image\":{\"@id\":\"https:\/\/seidev.zgtec.com\/es\/tienda\/donacion\/programa-de-donaciones-de-sei\/#primaryimage\"},\"thumbnailUrl\":\"https:\/\/seidev.zgtec.com\/wp-content\/uploads\/2014\/12\/kids.jpg\",\"datePublished\":\"2014-12-04T17:23:05+00:00\",\"dateModified\":\"2022-11-16T17:58:35+00:00\",\"breadcrumb\":{\"@id\":\"https:\/\/seidev.zgtec.com\/es\/tienda\/donacion\/programa-de-donaciones-de-sei\/#breadcrumb\"},\"inLanguage\":\"es-CO\",\"potentialAction\":[{\"@type\":\"ReadAction\",\"target\":[\"https:\/\/seidev.zgtec.com\/es\/tienda\/donacion\/programa-de-donaciones-de-sei\/\"]}]},{\"@type\":\"ImageObject\",\"inLanguage\":\"es-CO\",\"@id\":\"https:\/\/seidev.zgtec.com\/es\/tienda\/donacion\/programa-de-donaciones-de-sei\/#primaryimage\",\"url\":\"https:\/\/seidev.zgtec.com\/wp-content\/uploads\/2014\/12\/kids.jpg\",\"contentUrl\":\"https:\/\/seidev.zgtec.com\/wp-content\/uploads\/2014\/12\/kids.jpg\",\"width\":960,\"height\":640},{\"@type\":\"BreadcrumbList\",\"@id\":\"https:\/\/seidev.zgtec.com\/es\/tienda\/donacion\/programa-de-donaciones-de-sei\/#breadcrumb\",\"itemListElement\":[{\"@type\":\"ListItem\",\"position\":1,\"name\":\"Home\",\"item\":\"https:\/\/seidev.zgtec.com\/es\/\"},{\"@type\":\"ListItem\",\"position\":2,\"name\":\"Tienda\",\"item\":\"https:\/\/seidev.zgtec.com\/es\/tienda\/\"},{\"@type\":\"ListItem\",\"position\":3,\"name\":\"Programas de Donaciones de SEI\"}]},{\"@type\":\"WebSite\",\"@id\":\"https:\/\/seidev.zgtec.com\/es\/#website\",\"url\":\"https:\/\/seidev.zgtec.com\/es\/\",\"name\":\"Solar Energy International (SEI) - Cursos de Energ\u00eda Solar para la Fuerza Laboral\",\"description\":\"Capacitaci\u00f3n t\u00e9cnica en energ\u00eda solar para aprender a dise\u00f1ar e instalar sistemas fotovoltaicos\",\"publisher\":{\"@id\":\"https:\/\/seidev.zgtec.com\/es\/#organization\"},\"potentialAction\":[{\"@type\":\"SearchAction\",\"target\":{\"@type\":\"EntryPoint\",\"urlTemplate\":\"https:\/\/seidev.zgtec.com\/es\/?s={search_term_string}\"},\"query-input\":{\"@type\":\"PropertyValueSpecification\",\"valueRequired\":true,\"valueName\":\"search_term_string\"}}],\"inLanguage\":\"es-CO\"},{\"@type\":\"Organization\",\"@id\":\"https:\/\/seidev.zgtec.com\/es\/#organization\",\"name\":\"Solar Energy International (SEI)\",\"url\":\"https:\/\/seidev.zgtec.com\/es\/\",\"logo\":{\"@type\":\"ImageObject\",\"inLanguage\":\"es-CO\",\"@id\":\"https:\/\/seidev.zgtec.com\/es\/#\/schema\/logo\/image\/\",\"url\":\"https:\/\/www.solarenergy.org\/wp-content\/uploads\/2018\/12\/SEI_Logo-Vertical-ShortTag-REV_2.png\",\"contentUrl\":\"https:\/\/www.solarenergy.org\/wp-content\/uploads\/2018\/12\/SEI_Logo-Vertical-ShortTag-REV_2.png\",\"width\":1400,\"height\":999,\"caption\":\"Solar Energy International (SEI)\"},\"image\":{\"@id\":\"https:\/\/seidev.zgtec.com\/es\/#\/schema\/logo\/image\/\"},\"sameAs\":[\"https:\/\/www.facebook.com\/solarenergyintl\/\",\"https:\/\/x.com\/solarenergyintl\",\"https:\/\/www.instagram.com\/solar.energy.international\/\",\"https:\/\/www.linkedin.com\/school\/solar-energy-international-sei-\/\",\"https:\/\/www.youtube.com\/channel\/UCqvpjhMwS4BCTAsnOe_ak9w\"]}]}<\/script>\n<!-- \/ Yoast SEO plugin. -->","yoast_head_json":{"title":"Programas de Donaciones de SEI - Solar Energy International (SEI) - Cursos de Energ\u00eda Solar para la Fuerza Laboral","robots":{"index":"index","follow":"follow","max-snippet":"max-snippet:-1","max-image-preview":"max-image-preview:large","max-video-preview":"max-video-preview:-1"},"canonical":"https:\/\/seidev.zgtec.com\/es\/tienda\/donacion\/programa-de-donaciones-de-sei\/","og_locale":"es_ES","og_type":"article","og_title":"Programas de Donaciones de SEI - Solar Energy International (SEI) - Cursos de Energ\u00eda Solar para la Fuerza Laboral","og_description":"Haz tu donaci\u00f3n hoy! Selecciona a continuaci\u00f3n el monto y a d\u00f3nde quieres que vaya tu donaci\u00f3n. Luego agr\u00e9galo al carrito para finalizar tu aporte. \u00a1Gracias por tu colaboraci\u00f3n!  \u00bfQuieres apoyar al Programa Hispano y Latinoamericano de SEI de otra manera? Si quieres donar otro monto o apoyar al programa de alguna otra forma, por favor contacta a nuestra Directora de Desarrollo de Negocio para el Programa Hispano y Latinoamericano Maria P\u00eda Day a pia@solarenergy.org.","og_url":"https:\/\/seidev.zgtec.com\/es\/tienda\/donacion\/programa-de-donaciones-de-sei\/","og_site_name":"Solar Energy International (SEI) - Cursos de Energ\u00eda Solar para la Fuerza Laboral","article_publisher":"https:\/\/www.facebook.com\/solarenergyintl\/","article_modified_time":"2022-11-16T17:58:35+00:00","og_image":[{"width":960,"height":640,"url":"https:\/\/seidev.zgtec.com\/wp-content\/uploads\/2014\/12\/kids.jpg","type":"image\/jpeg"}],"twitter_card":"summary_large_image","twitter_site":"@solarenergyintl","twitter_misc":{"Tiempo estimado de lectura":"1 minuto"},"schema":{"@context":"https:\/\/schema.org","@graph":[{"@type":"WebPage","@id":"https:\/\/seidev.zgtec.com\/es\/tienda\/donacion\/programa-de-donaciones-de-sei\/","url":"https:\/\/seidev.zgtec.com\/es\/tienda\/donacion\/programa-de-donaciones-de-sei\/","name":"Programas de Donaciones de SEI - Solar Energy International (SEI) - Cursos de Energ\u00eda Solar para la Fuerza Laboral","isPartOf":{"@id":"https:\/\/seidev.zgtec.com\/es\/#website"},"primaryImageOfPage":{"@id":"https:\/\/seidev.zgtec.com\/es\/tienda\/donacion\/programa-de-donaciones-de-sei\/#primaryimage"},"image":{"@id":"https:\/\/seidev.zgtec.com\/es\/tienda\/donacion\/programa-de-donaciones-de-sei\/#primaryimage"},"thumbnailUrl":"https:\/\/seidev.zgtec.com\/wp-content\/uploads\/2014\/12\/kids.jpg","datePublished":"2014-12-04T17:23:05+00:00","dateModified":"2022-11-16T17:58:35+00:00","breadcrumb":{"@id":"https:\/\/seidev.zgtec.com\/es\/tienda\/donacion\/programa-de-donaciones-de-sei\/#breadcrumb"},"inLanguage":"es-CO","potentialAction":[{"@type":"ReadAction","target":["https:\/\/seidev.zgtec.com\/es\/tienda\/donacion\/programa-de-donaciones-de-sei\/"]}]},{"@type":"ImageObject","inLanguage":"es-CO","@id":"https:\/\/seidev.zgtec.com\/es\/tienda\/donacion\/programa-de-donaciones-de-sei\/#primaryimage","url":"https:\/\/seidev.zgtec.com\/wp-content\/uploads\/2014\/12\/kids.jpg","contentUrl":"https:\/\/seidev.zgtec.com\/wp-content\/uploads\/2014\/12\/kids.jpg","width":960,"height":640},{"@type":"BreadcrumbList","@id":"https:\/\/seidev.zgtec.com\/es\/tienda\/donacion\/programa-de-donaciones-de-sei\/#breadcrumb","itemListElement":[{"@type":"ListItem","position":1,"name":"Home","item":"https:\/\/seidev.zgtec.com\/es\/"},{"@type":"ListItem","position":2,"name":"Tienda","item":"https:\/\/seidev.zgtec.com\/es\/tienda\/"},{"@type":"ListItem","position":3,"name":"Programas de Donaciones de SEI"}]},{"@type":"WebSite","@id":"https:\/\/seidev.zgtec.com\/es\/#website","url":"https:\/\/seidev.zgtec.com\/es\/","name":"Solar Energy International (SEI) - Cursos de Energ\u00eda Solar para la Fuerza Laboral","description":"Capacitaci\u00f3n t\u00e9cnica en energ\u00eda solar para aprender a dise\u00f1ar e instalar sistemas fotovoltaicos","publisher":{"@id":"https:\/\/seidev.zgtec.com\/es\/#organization"},"potentialAction":[{"@type":"SearchAction","target":{"@type":"EntryPoint","urlTemplate":"https:\/\/seidev.zgtec.com\/es\/?s={search_term_string}"},"query-input":{"@type":"PropertyValueSpecification","valueRequired":true,"valueName":"search_term_string"}}],"inLanguage":"es-CO"},{"@type":"Organization","@id":"https:\/\/seidev.zgtec.com\/es\/#organization","name":"Solar Energy International (SEI)","url":"https:\/\/seidev.zgtec.com\/es\/","logo":{"@type":"ImageObject","inLanguage":"es-CO","@id":"https:\/\/seidev.zgtec.com\/es\/#\/schema\/logo\/image\/","url":"https:\/\/www.solarenergy.org\/wp-content\/uploads\/2018\/12\/SEI_Logo-Vertical-ShortTag-REV_2.png","contentUrl":"https:\/\/www.solarenergy.org\/wp-content\/uploads\/2018\/12\/SEI_Logo-Vertical-ShortTag-REV_2.png","width":1400,"height":999,"caption":"Solar Energy International (SEI)"},"image":{"@id":"https:\/\/seidev.zgtec.com\/es\/#\/schema\/logo\/image\/"},"sameAs":["https:\/\/www.facebook.com\/solarenergyintl\/","https:\/\/x.com\/solarenergyintl","https:\/\/www.instagram.com\/solar.energy.international\/","https:\/\/www.linkedin.com\/school\/solar-energy-international-sei-\/","https:\/\/www.youtube.com\/channel\/UCqvpjhMwS4BCTAsnOe_ak9w"]}]}},"_links":{"self":[{"href":"https:\/\/seidev.zgtec.com\/es\/wp-json\/wp\/v2\/product\/8515","targetHints":{"allow":["GET"]}}],"collection":[{"href":"https:\/\/seidev.zgtec.com\/es\/wp-json\/wp\/v2\/product"}],"about":[{"href":"https:\/\/seidev.zgtec.com\/es\/wp-json\/wp\/v2\/types\/product"}],"replies":[{"embeddable":true,"href":"https:\/\/seidev.zgtec.com\/es\/wp-json\/wp\/v2\/comments?post=8515"}],"wp:featuredmedia":[{"embeddable":true,"href":"https:\/\/seidev.zgtec.com\/es\/wp-json\/wp\/v2\/media\/8519"}],"wp:attachment":[{"href":"https:\/\/seidev.zgtec.com\/es\/wp-json\/wp\/v2\/media?parent=8515"}],"wp:term":[{"taxonomy":"product_brand","embeddable":true,"href":"https:\/\/seidev.zgtec.com\/es\/wp-json\/wp\/v2\/product_brand?post=8515"},{"taxonomy":"product_cat","embeddable":true,"href":"https:\/\/seidev.zgtec.com\/es\/wp-json\/wp\/v2\/product_cat?post=8515"},{"taxonomy":"product_tag","embeddable":true,"href":"https:\/\/seidev.zgtec.com\/es\/wp-json\/wp\/v2\/product_tag?post=8515"}],"curies":[{"name":"wp","href":"https:\/\/api.w.org\/{rel}","templated":true}]}}